{"id":9204,"date":"2025-02-18T19:18:31","date_gmt":"2025-02-18T17:18:31","guid":{"rendered":"https:\/\/keluvo.com\/no\/produkt\/torkematte-i-silikon\/"},"modified":"2025-02-18T19:18:45","modified_gmt":"2025-02-18T17:18:45","slug":"torkematte-i-silikon","status":"publish","type":"product","link":"https:\/\/keluvo.com\/no\/produkt\/torkematte-i-silikon\/","title":{"rendered":"T\u00f8rkematte i silikon"},"content":{"rendered":"<h2 style=\"text-align: center\"><strong>Effektiv Vannkontroll<\/strong><\/h2>\n<p style=\"text-align: center\">T\u00f8rkematten i silikon er utformet med en skr\u00e5 overflate som leder vannet tilbake i vasken. Dette forhindrer vannansamlinger rundt kranen, og holder benkeplaten ren og t\u00f8rr. Det er en praktisk l\u00f8sning for \u00e5 minimere rotet p\u00e5 kj\u00f8kkenet eller badet.<\/p>\n<p><img decoding=\"async\" class=\"alignnone size-medium wp-image-8923 aligncenter\" src=\"https:\/\/keluvo.com\/template\/wp-content\/uploads\/sites\/5\/2025\/01\/S84440e4a0b624638b1284feafd3018711.jpg_960x960q75.jpg_.jpeg\" alt=\"\" \/><\/p>\n<h2 style=\"text-align: center\"><strong>Enkel \u00c5 Rengj\u00f8re Og Vedlikeholde<\/strong><\/h2>\n<p style=\"text-align: center\">T\u00f8rkematten i silikon er laget av 100 % silikon og er myk, slitesterk og luktfri. Den er enkel \u00e5 rengj\u00f8re med vann eller i oppvaskmaskinen, slik at den t\u00f8rker raskt og holder seg hygienisk. Si farvel til v\u00e5te klutmatter og bruk mindre tid p\u00e5 \u00e5 t\u00f8rke av overflater.<\/p>\n<p><img decoding=\"async\" class=\"alignnone size-medium wp-image-8920 aligncenter\" src=\"https:\/\/keluvo.com\/template\/wp-content\/uploads\/sites\/5\/2025\/01\/S1a2c2033ca264ef59217d9b906e58bf7o.jpg_960x960q75.jpg_.jpeg\" alt=\"\" \/><\/p>\n","protected":false},"excerpt":{"rendered":"<p>Effektiv Vannkontroll T\u00f8rkematten i silikon er utformet med en skr\u00e5 overflate som leder vannet tilbake i vasken. Dette forhindrer vannansamlinger [&hellip;]<\/p>\n","protected":false},"featured_media":9200,"comment_status":"open","ping_status":"closed","template":"","meta":{"site-sidebar-layout":"default","site-content-layout":"","ast-site-content-layout":"default","site-content-style":"default","site-sidebar-style":"default","ast-global-header-display":"","ast-banner-title-visibility":"","ast-main-header-display":"","ast-hfb-above-header-display":"","ast-hfb-below-header-display":"","ast-hfb-mobile-header-display":"","site-post-title":"","ast-breadcrumbs-content":"","ast-featured-img":"","footer-sml-layout":"","theme-transparent-header-meta":"default","adv-header-id-meta":"","stick-header-meta":"","header-above-stick-meta":"","header-main-stick-meta":"","header-below-stick-meta":"","astra-migrate-meta-layouts":"set","ast-page-background-enabled":"default","ast-page-background-meta":{"desktop":{"background-color":"var(--ast-global-color-4)","background-image":"","background-repeat":"repeat","background-position":"center center","background-size":"auto","background-attachment":"scroll","background-type":"","background-media":"","overlay-type":"","overlay-color":"","overlay-opacity":"","overlay-gradient":""},"tablet":{"background-color":"","background-image":"","background-repeat":"repeat","background-position":"center center","background-size":"auto","background-attachment":"scroll","background-type":"","background-media":"","overlay-type":"","overlay-color":"","overlay-opacity":"","overlay-gradient":""},"mobile":{"background-color":"","background-image":"","background-repeat":"repeat","background-position":"center center","background-size":"auto","background-attachment":"scroll","background-type":"","background-media":"","overlay-type":"","overlay-color":"","overlay-opacity":"","overlay-gradient":""}},"ast-content-background-meta":{"desktop":{"background-color":"var(--ast-global-color-5)","background-image":"","background-repeat":"repeat","background-position":"center center","background-size":"auto","background-attachment":"scroll","background-type":"","background-media":"","overlay-type":"","overlay-color":"","overlay-opacity":"","overlay-gradient":""},"tablet":{"background-color":"var(--ast-global-color-5)","background-image":"","background-repeat":"repeat","background-position":"center center","background-size":"auto","background-attachment":"scroll","background-type":"","background-media":"","overlay-type":"","overlay-color":"","overlay-opacity":"","overlay-gradient":""},"mobile":{"background-color":"var(--ast-global-color-5)","background-image":"","background-repeat":"repeat","background-position":"center center","background-size":"auto","background-attachment":"scroll","background-type":"","background-media":"","overlay-type":"","overlay-color":"","overlay-opacity":"","overlay-gradient":""}}},"product_brand":[],"product_cat":[1001],"product_tag":[],"class_list":{"0":"post-9204","1":"product","2":"type-product","3":"status-publish","4":"has-post-thumbnail","6":"product_cat-husholdningsartikler","7":"pa_ijmvs10w-l","8":"pa_ijmvs10w-xl","9":"pa_m40egxqj-beige","10":"pa_m40egxqj-gronn","11":"pa_m40egxqj-lys-gra","12":"pa_m40egxqj-mork-gra","13":"desktop-align-left","14":"tablet-align-left","15":"mobile-align-left","17":"first","18":"instock","19":"shipping-taxable","20":"purchasable","21":"product-type-variable"},"_links":{"self":[{"href":"https:\/\/keluvo.com\/no\/wp-json\/wp\/v2\/product\/9204","targetHints":{"allow":["GET"]}}],"collection":[{"href":"https:\/\/keluvo.com\/no\/wp-json\/wp\/v2\/product"}],"about":[{"href":"https:\/\/keluvo.com\/no\/wp-json\/wp\/v2\/types\/product"}],"replies":[{"embeddable":true,"href":"https:\/\/keluvo.com\/no\/wp-json\/wp\/v2\/comments?post=9204"}],"wp:featuredmedia":[{"embeddable":true,"href":"https:\/\/keluvo.com\/no\/wp-json\/wp\/v2\/media\/9200"}],"wp:attachment":[{"href":"https:\/\/keluvo.com\/no\/wp-json\/wp\/v2\/media?parent=9204"}],"wp:term":[{"taxonomy":"product_brand","embeddable":true,"href":"https:\/\/keluvo.com\/no\/wp-json\/wp\/v2\/product_brand?post=9204"},{"taxonomy":"product_cat","embeddable":true,"href":"https:\/\/keluvo.com\/no\/wp-json\/wp\/v2\/product_cat?post=9204"},{"taxonomy":"product_tag","embeddable":true,"href":"https:\/\/keluvo.com\/no\/wp-json\/wp\/v2\/product_tag?post=9204"}],"curies":[{"name":"wp","href":"https:\/\/api.w.org\/{rel}","templated":true}]}}