{"id":9187,"date":"2025-02-18T19:16:32","date_gmt":"2025-02-18T17:16:32","guid":{"rendered":"https:\/\/keluvo.com\/no\/produkt\/luksus-kvartsur\/"},"modified":"2025-02-18T19:16:43","modified_gmt":"2025-02-18T17:16:43","slug":"luksus-kvartsur","status":"publish","type":"product","link":"https:\/\/keluvo.com\/no\/produkt\/luksus-kvartsur\/","title":{"rendered":"Luksus kvartsur"},"content":{"rendered":"<h2 style=\"text-align: center\" data-start=\"0\" data-end=\"35\"><strong data-start=\"4\" data-end=\"33\">Elegant Og Moderne Design<\/strong><\/h2>\n<p style=\"text-align: center\" data-start=\"36\" data-end=\"264\">Det luksuri\u00f8se kvartsuret kombinerer stil og funksjon med en elegant, moderne design. Den dristige urskiven og den detaljerte kronografen gir den et eksklusivt utseende. Perfekt til enhver anledning, og tilf\u00f8rer antrekket ditt et sofistikert preg.<\/p>\n<p data-start=\"36\" data-end=\"264\"><img decoding=\"async\" class=\"alignnone size-medium wp-image-11919 aligncenter\" src=\"https:\/\/keluvo.com\/template\/wp-content\/uploads\/sites\/5\/2025\/02\/S04ce59437f194f958f2f98f8940cf9991.jpg_960x960q75.jpg_.jpeg\" alt=\"\" \/><\/p>\n<h2 style=\"text-align: center\" data-start=\"266\" data-end=\"305\"><strong data-start=\"270\" data-end=\"303\">Slitesterk Og Komfortabel Reim<\/strong><\/h2>\n<p style=\"text-align: center\" data-start=\"306\" data-end=\"530\">Laget med en silikonrem av h\u00f8y kvalitet, er den luksuri\u00f8se kvartsuret b\u00e5de sterkt og komfortabelt. Det fleksible materialet s\u00f8rger for en sikker passform samtidig som det er mykt p\u00e5 h\u00e5ndleddet. Den er designet for \u00e5 kunne brukes hele dagen uten ubehag.<\/p>\n<p data-start=\"306\" data-end=\"530\"><img decoding=\"async\" class=\"alignnone size-medium wp-image-11909 aligncenter\" src=\"https:\/\/keluvo.com\/template\/wp-content\/uploads\/sites\/5\/2025\/02\/Seadc7a85392e4d9d92785f4a9e8f5fe2v.jpg_960x960q75.jpg_.jpeg\" alt=\"\" \/><\/p>\n","protected":false},"excerpt":{"rendered":"<p>Elegant Og Moderne Design Det luksuri\u00f8se kvartsuret kombinerer stil og funksjon med en elegant, moderne design. Den dristige urskiven og [&hellip;]<\/p>\n","protected":false},"featured_media":9183,"comment_status":"open","ping_status":"closed","template":"","meta":{"site-sidebar-layout":"default","site-content-layout":"","ast-site-content-layout":"default","site-content-style":"default","site-sidebar-style":"default","ast-global-header-display":"","ast-banner-title-visibility":"","ast-main-header-display":"","ast-hfb-above-header-display":"","ast-hfb-below-header-display":"","ast-hfb-mobile-header-display":"","site-post-title":"","ast-breadcrumbs-content":"","ast-featured-img":"","footer-sml-layout":"","theme-transparent-header-meta":"default","adv-header-id-meta":"","stick-header-meta":"","header-above-stick-meta":"","header-main-stick-meta":"","header-below-stick-meta":"","astra-migrate-meta-layouts":"set","ast-page-background-enabled":"default","ast-page-background-meta":{"desktop":{"background-color":"var(--ast-global-color-4)","background-image":"","background-repeat":"repeat","background-position":"center center","background-size":"auto","background-attachment":"scroll","background-type":"","background-media":"","overlay-type":"","overlay-color":"","overlay-opacity":"","overlay-gradient":""},"tablet":{"background-color":"","background-image":"","background-repeat":"repeat","background-position":"center center","background-size":"auto","background-attachment":"scroll","background-type":"","background-media":"","overlay-type":"","overlay-color":"","overlay-opacity":"","overlay-gradient":""},"mobile":{"background-color":"","background-image":"","background-repeat":"repeat","background-position":"center center","background-size":"auto","background-attachment":"scroll","background-type":"","background-media":"","overlay-type":"","overlay-color":"","overlay-opacity":"","overlay-gradient":""}},"ast-content-background-meta":{"desktop":{"background-color":"var(--ast-global-color-5)","background-image":"","background-repeat":"repeat","background-position":"center center","background-size":"auto","background-attachment":"scroll","background-type":"","background-media":"","overlay-type":"","overlay-color":"","overlay-opacity":"","overlay-gradient":""},"tablet":{"background-color":"var(--ast-global-color-5)","background-image":"","background-repeat":"repeat","background-position":"center center","background-size":"auto","background-attachment":"scroll","background-type":"","background-media":"","overlay-type":"","overlay-color":"","overlay-opacity":"","overlay-gradient":""},"mobile":{"background-color":"var(--ast-global-color-5)","background-image":"","background-repeat":"repeat","background-position":"center center","background-size":"auto","background-attachment":"scroll","background-type":"","background-media":"","overlay-type":"","overlay-color":"","overlay-opacity":"","overlay-gradient":""}}},"product_brand":[],"product_cat":[993],"product_tag":[],"class_list":{"0":"post-9187","1":"product","2":"type-product","3":"status-publish","4":"has-post-thumbnail","6":"product_cat-skotoy-tilbehor","7":"pa_37cn7hwi-bla","8":"pa_37cn7hwi-blatt-gull","9":"pa_37cn7hwi-motley","10":"pa_37cn7hwi-rod","11":"pa_37cn7hwi-svart","12":"pa_37cn7hwi-svart-gull","13":"desktop-align-left","14":"tablet-align-left","15":"mobile-align-left","17":"first","18":"instock","19":"shipping-taxable","20":"purchasable","21":"product-type-variable"},"_links":{"self":[{"href":"https:\/\/keluvo.com\/no\/wp-json\/wp\/v2\/product\/9187","targetHints":{"allow":["GET"]}}],"collection":[{"href":"https:\/\/keluvo.com\/no\/wp-json\/wp\/v2\/product"}],"about":[{"href":"https:\/\/keluvo.com\/no\/wp-json\/wp\/v2\/types\/product"}],"replies":[{"embeddable":true,"href":"https:\/\/keluvo.com\/no\/wp-json\/wp\/v2\/comments?post=9187"}],"wp:featuredmedia":[{"embeddable":true,"href":"https:\/\/keluvo.com\/no\/wp-json\/wp\/v2\/media\/9183"}],"wp:attachment":[{"href":"https:\/\/keluvo.com\/no\/wp-json\/wp\/v2\/media?parent=9187"}],"wp:term":[{"taxonomy":"product_brand","embeddable":true,"href":"https:\/\/keluvo.com\/no\/wp-json\/wp\/v2\/product_brand?post=9187"},{"taxonomy":"product_cat","embeddable":true,"href":"https:\/\/keluvo.com\/no\/wp-json\/wp\/v2\/product_cat?post=9187"},{"taxonomy":"product_tag","embeddable":true,"href":"https:\/\/keluvo.com\/no\/wp-json\/wp\/v2\/product_tag?post=9187"}],"curies":[{"name":"wp","href":"https:\/\/api.w.org\/{rel}","templated":true}]}}