{"id":9143,"date":"2025-02-17T22:36:04","date_gmt":"2025-02-17T20:36:04","guid":{"rendered":"https:\/\/keluvo.com\/no\/produkt\/led-magnetisk-snurretopp\/"},"modified":"2025-02-17T22:36:10","modified_gmt":"2025-02-17T20:36:10","slug":"led-magnetisk-snurretopp","status":"publish","type":"product","link":"https:\/\/keluvo.com\/no\/produkt\/led-magnetisk-snurretopp\/","title":{"rendered":"LED-magnetisk snurretopp"},"content":{"rendered":"<h2 style=\"text-align: center\"><strong>Sterke Led-Lyseffekter<\/strong><\/h2>\n<p style=\"text-align: center\">Den magnetiske LED-karusellen lyser opp med fargerike LED-effekter og skaper en gl\u00f8dende regnbue mens den snurrer. De sterke lysene gj\u00f8r den spennende \u00e5 leke med, b\u00e5de i dagslys og om natten. Barna vil like de gl\u00f8dende m\u00f8nstrene og den magiske snurrende bevegelsen.<\/p>\n<p><img decoding=\"async\" class=\"alignnone size-medium wp-image-4916 aligncenter\" src=\"https:\/\/keluvo.com\/template\/wp-content\/uploads\/sites\/5\/2024\/12\/S3fe9c17c2faf465688da081937d8b504Y.jpg_960x960q75.jpg_.jpeg\" alt=\"\" \/><\/p>\n<h2 style=\"text-align: center\"><strong>Enkel \u00c5 Bruke Og H\u00e5ndsveivet<\/strong><\/h2>\n<p style=\"text-align: center\">Denne snurrebassen har en h\u00e5ndsveivet design, slik at barn enkelt kan sette den i bevegelse. Med et enkelt snurr holder den magnetiske banen snurretoppen i jevn og stabil rotasjon. Det er en flott leke for \u00e5 forbedre h\u00e5ndkoordinasjon og fokus.<\/p>\n<p><img decoding=\"async\" class=\"alignnone size-medium wp-image-4919 aligncenter\" src=\"https:\/\/keluvo.com\/template\/wp-content\/uploads\/sites\/5\/2024\/12\/S2314528f1656451da8f656ff6dba38d02.jpg_960x960q75.jpg_.jpeg\" alt=\"\" \/><\/p>\n","protected":false},"excerpt":{"rendered":"<p>Sterke Led-Lyseffekter Den magnetiske LED-karusellen lyser opp med fargerike LED-effekter og skaper en gl\u00f8dende regnbue mens den snurrer. De sterke [&hellip;]<\/p>\n","protected":false},"featured_media":9139,"comment_status":"open","ping_status":"closed","template":"","meta":{"site-sidebar-layout":"default","site-content-layout":"","ast-site-content-layout":"default","site-content-style":"default","site-sidebar-style":"default","ast-global-header-display":"","ast-banner-title-visibility":"","ast-main-header-display":"","ast-hfb-above-header-display":"","ast-hfb-below-header-display":"","ast-hfb-mobile-header-display":"","site-post-title":"","ast-breadcrumbs-content":"","ast-featured-img":"","footer-sml-layout":"","theme-transparent-header-meta":"default","adv-header-id-meta":"","stick-header-meta":"","header-above-stick-meta":"","header-main-stick-meta":"","header-below-stick-meta":"","astra-migrate-meta-layouts":"set","ast-page-background-enabled":"default","ast-page-background-meta":{"desktop":{"background-color":"var(--ast-global-color-4)","background-image":"","background-repeat":"repeat","background-position":"center center","background-size":"auto","background-attachment":"scroll","background-type":"","background-media":"","overlay-type":"","overlay-color":"","overlay-opacity":"","overlay-gradient":""},"tablet":{"background-color":"","background-image":"","background-repeat":"repeat","background-position":"center center","background-size":"auto","background-attachment":"scroll","background-type":"","background-media":"","overlay-type":"","overlay-color":"","overlay-opacity":"","overlay-gradient":""},"mobile":{"background-color":"","background-image":"","background-repeat":"repeat","background-position":"center center","background-size":"auto","background-attachment":"scroll","background-type":"","background-media":"","overlay-type":"","overlay-color":"","overlay-opacity":"","overlay-gradient":""}},"ast-content-background-meta":{"desktop":{"background-color":"var(--ast-global-color-5)","background-image":"","background-repeat":"repeat","background-position":"center center","background-size":"auto","background-attachment":"scroll","background-type":"","background-media":"","overlay-type":"","overlay-color":"","overlay-opacity":"","overlay-gradient":""},"tablet":{"background-color":"var(--ast-global-color-5)","background-image":"","background-repeat":"repeat","background-position":"center center","background-size":"auto","background-attachment":"scroll","background-type":"","background-media":"","overlay-type":"","overlay-color":"","overlay-opacity":"","overlay-gradient":""},"mobile":{"background-color":"var(--ast-global-color-5)","background-image":"","background-repeat":"repeat","background-position":"center center","background-size":"auto","background-attachment":"scroll","background-type":"","background-media":"","overlay-type":"","overlay-color":"","overlay-opacity":"","overlay-gradient":""}}},"product_brand":[],"product_cat":[990],"product_tag":[],"class_list":{"0":"post-9143","1":"product","2":"type-product","3":"status-publish","4":"has-post-thumbnail","6":"product_cat-leker-barne-og-babyprodukter","7":"desktop-align-left","8":"tablet-align-left","9":"mobile-align-left","11":"first","12":"instock","13":"shipping-taxable","14":"purchasable","15":"product-type-simple"},"_links":{"self":[{"href":"https:\/\/keluvo.com\/no\/wp-json\/wp\/v2\/product\/9143","targetHints":{"allow":["GET"]}}],"collection":[{"href":"https:\/\/keluvo.com\/no\/wp-json\/wp\/v2\/product"}],"about":[{"href":"https:\/\/keluvo.com\/no\/wp-json\/wp\/v2\/types\/product"}],"replies":[{"embeddable":true,"href":"https:\/\/keluvo.com\/no\/wp-json\/wp\/v2\/comments?post=9143"}],"wp:featuredmedia":[{"embeddable":true,"href":"https:\/\/keluvo.com\/no\/wp-json\/wp\/v2\/media\/9139"}],"wp:attachment":[{"href":"https:\/\/keluvo.com\/no\/wp-json\/wp\/v2\/media?parent=9143"}],"wp:term":[{"taxonomy":"product_brand","embeddable":true,"href":"https:\/\/keluvo.com\/no\/wp-json\/wp\/v2\/product_brand?post=9143"},{"taxonomy":"product_cat","embeddable":true,"href":"https:\/\/keluvo.com\/no\/wp-json\/wp\/v2\/product_cat?post=9143"},{"taxonomy":"product_tag","embeddable":true,"href":"https:\/\/keluvo.com\/no\/wp-json\/wp\/v2\/product_tag?post=9143"}],"curies":[{"name":"wp","href":"https:\/\/api.w.org\/{rel}","templated":true}]}}