{"id":9134,"date":"2025-02-17T21:52:50","date_gmt":"2025-02-17T19:52:50","guid":{"rendered":"https:\/\/keluvo.com\/no\/produkt\/holder-for-biltelefon\/"},"modified":"2025-02-17T21:52:56","modified_gmt":"2025-02-17T19:52:56","slug":"holder-for-biltelefon","status":"publish","type":"product","link":"https:\/\/keluvo.com\/no\/produkt\/holder-for-biltelefon\/","title":{"rendered":"Holder for biltelefon"},"content":{"rendered":"<h2 style=\"text-align: center\"><strong>Tryggere Navigasjon Under Kj\u00f8ring<\/strong><\/h2>\n<p style=\"text-align: center\">Biltelefonholderen monteres direkte p\u00e5 bakspeilet, slik at telefonen holdes i \u00f8yeh\u00f8yde. Denne utformingen sikrer at du kan f\u00f8lge navigasjonen uten \u00e5 se ned, noe som gir en tryggere og mer praktisk kj\u00f8reopplevelse.<\/p>\n<p><img decoding=\"async\" class=\"alignnone size-medium wp-image-5341 aligncenter\" src=\"https:\/\/keluvo.com\/template\/wp-content\/uploads\/sites\/5\/2024\/12\/S8b93351741ed4496beca7763563e46e89.jpg_960x960q75.jpg_.webp\" \/><\/p>\n<h2 style=\"text-align: center\"><strong>Justerbar For Perfekt Visning<\/strong><\/h2>\n<p style=\"text-align: center\">Med en 360-graders rotasjon og uttrekkbar arm kan du justere vinkelen og posisjonen for best mulig visning. Enten du kj\u00f8rer eller bruker den som passasjer, tilpasser den seg til dine behov uten \u00e5 blokkere sikten.<\/p>\n<p><img decoding=\"async\" class=\"alignnone size-medium wp-image-5337 aligncenter\" src=\"https:\/\/keluvo.com\/template\/wp-content\/uploads\/sites\/5\/2024\/12\/S6cd90e085c7f4a678ab31939d680bef6s.jpg_960x960q75.jpg_.webp\" \/><\/p>\n","protected":false},"excerpt":{"rendered":"<p>Tryggere Navigasjon Under Kj\u00f8ring Biltelefonholderen monteres direkte p\u00e5 bakspeilet, slik at telefonen holdes i \u00f8yeh\u00f8yde. Denne utformingen sikrer at du [&hellip;]<\/p>\n","protected":false},"featured_media":9130,"comment_status":"open","ping_status":"closed","template":"","meta":{"site-sidebar-layout":"default","site-content-layout":"","ast-site-content-layout":"default","site-content-style":"default","site-sidebar-style":"default","ast-global-header-display":"","ast-banner-title-visibility":"","ast-main-header-display":"","ast-hfb-above-header-display":"","ast-hfb-below-header-display":"","ast-hfb-mobile-header-display":"","site-post-title":"","ast-breadcrumbs-content":"","ast-featured-img":"","footer-sml-layout":"","theme-transparent-header-meta":"default","adv-header-id-meta":"","stick-header-meta":"","header-above-stick-meta":"","header-main-stick-meta":"","header-below-stick-meta":"","astra-migrate-meta-layouts":"set","ast-page-background-enabled":"default","ast-page-background-meta":{"desktop":{"background-color":"var(--ast-global-color-4)","background-image":"","background-repeat":"repeat","background-position":"center center","background-size":"auto","background-attachment":"scroll","background-type":"","background-media":"","overlay-type":"","overlay-color":"","overlay-opacity":"","overlay-gradient":""},"tablet":{"background-color":"","background-image":"","background-repeat":"repeat","background-position":"center center","background-size":"auto","background-attachment":"scroll","background-type":"","background-media":"","overlay-type":"","overlay-color":"","overlay-opacity":"","overlay-gradient":""},"mobile":{"background-color":"","background-image":"","background-repeat":"repeat","background-position":"center center","background-size":"auto","background-attachment":"scroll","background-type":"","background-media":"","overlay-type":"","overlay-color":"","overlay-opacity":"","overlay-gradient":""}},"ast-content-background-meta":{"desktop":{"background-color":"var(--ast-global-color-5)","background-image":"","background-repeat":"repeat","background-position":"center center","background-size":"auto","background-attachment":"scroll","background-type":"","background-media":"","overlay-type":"","overlay-color":"","overlay-opacity":"","overlay-gradient":""},"tablet":{"background-color":"var(--ast-global-color-5)","background-image":"","background-repeat":"repeat","background-position":"center center","background-size":"auto","background-attachment":"scroll","background-type":"","background-media":"","overlay-type":"","overlay-color":"","overlay-opacity":"","overlay-gradient":""},"mobile":{"background-color":"var(--ast-global-color-5)","background-image":"","background-repeat":"repeat","background-position":"center center","background-size":"auto","background-attachment":"scroll","background-type":"","background-media":"","overlay-type":"","overlay-color":"","overlay-opacity":"","overlay-gradient":""}}},"product_brand":[],"product_cat":[998],"product_tag":[],"class_list":{"0":"post-9134","1":"product","2":"type-product","3":"status-publish","4":"has-post-thumbnail","6":"product_cat-bilprodukter","7":"desktop-align-left","8":"tablet-align-left","9":"mobile-align-left","11":"first","12":"instock","13":"shipping-taxable","14":"purchasable","15":"product-type-simple"},"_links":{"self":[{"href":"https:\/\/keluvo.com\/no\/wp-json\/wp\/v2\/product\/9134","targetHints":{"allow":["GET"]}}],"collection":[{"href":"https:\/\/keluvo.com\/no\/wp-json\/wp\/v2\/product"}],"about":[{"href":"https:\/\/keluvo.com\/no\/wp-json\/wp\/v2\/types\/product"}],"replies":[{"embeddable":true,"href":"https:\/\/keluvo.com\/no\/wp-json\/wp\/v2\/comments?post=9134"}],"wp:featuredmedia":[{"embeddable":true,"href":"https:\/\/keluvo.com\/no\/wp-json\/wp\/v2\/media\/9130"}],"wp:attachment":[{"href":"https:\/\/keluvo.com\/no\/wp-json\/wp\/v2\/media?parent=9134"}],"wp:term":[{"taxonomy":"product_brand","embeddable":true,"href":"https:\/\/keluvo.com\/no\/wp-json\/wp\/v2\/product_brand?post=9134"},{"taxonomy":"product_cat","embeddable":true,"href":"https:\/\/keluvo.com\/no\/wp-json\/wp\/v2\/product_cat?post=9134"},{"taxonomy":"product_tag","embeddable":true,"href":"https:\/\/keluvo.com\/no\/wp-json\/wp\/v2\/product_tag?post=9134"}],"curies":[{"name":"wp","href":"https:\/\/api.w.org\/{rel}","templated":true}]}}