{"id":9105,"date":"2025-02-17T21:51:29","date_gmt":"2025-02-17T19:51:29","guid":{"rendered":"https:\/\/keluvo.com\/no\/produkt\/vannfast-oyenskygge\/"},"modified":"2025-02-17T21:51:49","modified_gmt":"2025-02-17T19:51:49","slug":"vannfast-oyenskygge","status":"publish","type":"product","link":"https:\/\/keluvo.com\/no\/produkt\/vannfast-oyenskygge\/","title":{"rendered":"Vannfast \u00f8yenskygge"},"content":{"rendered":"<h2 style=\"text-align: center\" data-start=\"0\" data-end=\"33\"><strong>Langvarig Og Vannfast<\/strong><\/h2>\n<p style=\"text-align: center\" data-start=\"34\" data-end=\"263\">Den vannfaste \u00f8yenskyggen er designet for \u00e5 holde seg p\u00e5 plass i opptil 12 timer. Den vannfaste formelen forhindrer flekker og falming, slik at \u00f8yesminken holder seg frisk hele dagen. Perfekt for alle anledninger, fra daglig bruk til spesielle begivenheter.<\/p>\n<p data-start=\"34\" data-end=\"263\"><img decoding=\"async\" class=\"alignnone size-medium wp-image-11809 aligncenter\" src=\"https:\/\/keluvo.com\/template\/wp-content\/uploads\/sites\/5\/2025\/02\/S553079971064441795f0859dc76c239f9.jpeg\" alt=\"\" \/><\/p>\n<h2 style=\"text-align: center\" data-start=\"265\" data-end=\"298\"><strong>Enkel Og Smidig P\u00e5f\u00f8ring<\/strong><\/h2>\n<p style=\"text-align: center\" data-start=\"299\" data-end=\"521\">Denne vannfaste \u00f8yenskyggen glir lett p\u00e5 med en silkemyk tekstur. Den smelter jevnt sammen uten \u00e5 klumpe seg, noe som gj\u00f8r det enkelt \u00e5 skape naturlige eller dristige looks. Den innebygde b\u00f8rsten hjelper deg med \u00e5 blande fargene for en feilfri finish.<\/p>\n<p data-start=\"299\" data-end=\"521\"><img decoding=\"async\" class=\"alignnone size-medium wp-image-11805 aligncenter\" src=\"https:\/\/keluvo.com\/template\/wp-content\/uploads\/sites\/5\/2025\/02\/S0540cac48db44803846f7f98b592fbbdA.jpeg\" alt=\"\" \/><\/p>\n","protected":false},"excerpt":{"rendered":"<p>Langvarig Og Vannfast Den vannfaste \u00f8yenskyggen er designet for \u00e5 holde seg p\u00e5 plass i opptil 12 timer. Den vannfaste [&hellip;]<\/p>\n","protected":false},"featured_media":9101,"comment_status":"open","ping_status":"closed","template":"","meta":{"site-sidebar-layout":"default","site-content-layout":"","ast-site-content-layout":"default","site-content-style":"default","site-sidebar-style":"default","ast-global-header-display":"","ast-banner-title-visibility":"","ast-main-header-display":"","ast-hfb-above-header-display":"","ast-hfb-below-header-display":"","ast-hfb-mobile-header-display":"","site-post-title":"","ast-breadcrumbs-content":"","ast-featured-img":"","footer-sml-layout":"","theme-transparent-header-meta":"default","adv-header-id-meta":"","stick-header-meta":"","header-above-stick-meta":"","header-main-stick-meta":"","header-below-stick-meta":"","astra-migrate-meta-layouts":"set","ast-page-background-enabled":"default","ast-page-background-meta":{"desktop":{"background-color":"var(--ast-global-color-4)","background-image":"","background-repeat":"repeat","background-position":"center center","background-size":"auto","background-attachment":"scroll","background-type":"","background-media":"","overlay-type":"","overlay-color":"","overlay-opacity":"","overlay-gradient":""},"tablet":{"background-color":"","background-image":"","background-repeat":"repeat","background-position":"center center","background-size":"auto","background-attachment":"scroll","background-type":"","background-media":"","overlay-type":"","overlay-color":"","overlay-opacity":"","overlay-gradient":""},"mobile":{"background-color":"","background-image":"","background-repeat":"repeat","background-position":"center center","background-size":"auto","background-attachment":"scroll","background-type":"","background-media":"","overlay-type":"","overlay-color":"","overlay-opacity":"","overlay-gradient":""}},"ast-content-background-meta":{"desktop":{"background-color":"var(--ast-global-color-5)","background-image":"","background-repeat":"repeat","background-position":"center center","background-size":"auto","background-attachment":"scroll","background-type":"","background-media":"","overlay-type":"","overlay-color":"","overlay-opacity":"","overlay-gradient":""},"tablet":{"background-color":"var(--ast-global-color-5)","background-image":"","background-repeat":"repeat","background-position":"center center","background-size":"auto","background-attachment":"scroll","background-type":"","background-media":"","overlay-type":"","overlay-color":"","overlay-opacity":"","overlay-gradient":""},"mobile":{"background-color":"var(--ast-global-color-5)","background-image":"","background-repeat":"repeat","background-position":"center center","background-size":"auto","background-attachment":"scroll","background-type":"","background-media":"","overlay-type":"","overlay-color":"","overlay-opacity":"","overlay-gradient":""}}},"product_brand":[],"product_cat":[992],"product_tag":[],"class_list":{"0":"post-9105","1":"product","2":"type-product","3":"status-publish","4":"has-post-thumbnail","6":"product_cat-skjonnhets-og-hygieneprodukter","7":"pa_m8zsp6bn-2039","8":"pa_m8zsp6bn-2040","9":"pa_m8zsp6bn-2041","10":"pa_m8zsp6bn-2042","11":"pa_m8zsp6bn-2043","12":"pa_m8zsp6bn-2044","13":"pa_m8zsp6bn-2045","14":"pa_m8zsp6bn-2046","15":"pa_m8zsp6bn-2047","16":"pa_m8zsp6bn-2048","17":"pa_m8zsp6bn-2049","18":"pa_m8zsp6bn-2050","19":"desktop-align-left","20":"tablet-align-left","21":"mobile-align-left","23":"first","24":"instock","25":"shipping-taxable","26":"purchasable","27":"product-type-variable"},"_links":{"self":[{"href":"https:\/\/keluvo.com\/no\/wp-json\/wp\/v2\/product\/9105","targetHints":{"allow":["GET"]}}],"collection":[{"href":"https:\/\/keluvo.com\/no\/wp-json\/wp\/v2\/product"}],"about":[{"href":"https:\/\/keluvo.com\/no\/wp-json\/wp\/v2\/types\/product"}],"replies":[{"embeddable":true,"href":"https:\/\/keluvo.com\/no\/wp-json\/wp\/v2\/comments?post=9105"}],"wp:featuredmedia":[{"embeddable":true,"href":"https:\/\/keluvo.com\/no\/wp-json\/wp\/v2\/media\/9101"}],"wp:attachment":[{"href":"https:\/\/keluvo.com\/no\/wp-json\/wp\/v2\/media?parent=9105"}],"wp:term":[{"taxonomy":"product_brand","embeddable":true,"href":"https:\/\/keluvo.com\/no\/wp-json\/wp\/v2\/product_brand?post=9105"},{"taxonomy":"product_cat","embeddable":true,"href":"https:\/\/keluvo.com\/no\/wp-json\/wp\/v2\/product_cat?post=9105"},{"taxonomy":"product_tag","embeddable":true,"href":"https:\/\/keluvo.com\/no\/wp-json\/wp\/v2\/product_tag?post=9105"}],"curies":[{"name":"wp","href":"https:\/\/api.w.org\/{rel}","templated":true}]}}