{"id":9073,"date":"2025-02-17T20:13:44","date_gmt":"2025-02-17T18:13:44","guid":{"rendered":"https:\/\/keluvo.com\/no\/produkt\/bordtennistrener\/"},"modified":"2025-02-17T20:13:57","modified_gmt":"2025-02-17T18:13:57","slug":"bordtennistrener","status":"publish","type":"product","link":"https:\/\/keluvo.com\/no\/produkt\/bordtennistrener\/","title":{"rendered":"Bordtennistrener"},"content":{"rendered":"<h2 style=\"text-align: center\"><strong>Tren Hvor Som Helst, N\u00e5r Som Helst<\/strong><\/h2>\n<p style=\"text-align: center\">Bordtennistreneren er designet for \u00e5 kunne brukes uten et spesielt bord. Den b\u00e6rbare designen gj\u00f8r at du kan trene bordtennis hvor som helst, noe som gj\u00f8r den praktisk for solospill eller gruppeaktiviteter.<\/p>\n<p><img decoding=\"async\" class=\"alignnone size-medium wp-image-5254 aligncenter\" src=\"https:\/\/keluvo.com\/template\/wp-content\/uploads\/sites\/5\/2024\/12\/7ac66271-d684-4c46-ba0d-498b7950c535.webp\" alt=\"\" \/><\/p>\n<h2 style=\"text-align: center\"><strong>Enkel \u00c5 Sette Opp<\/strong><\/h2>\n<p style=\"text-align: center\">Bordtennistreneren er enkel \u00e5 montere og kan festes p\u00e5 ulike flate overflater som vegger, fliser eller metall. Dette raske og enkle oppsettet sikrer at du kan begynne \u00e5 trene p\u00e5 f\u00e5 minutter, uansett hvor du er.<\/p>\n<p><img decoding=\"async\" class=\"alignnone size-medium wp-image-5257 aligncenter\" src=\"https:\/\/keluvo.com\/template\/wp-content\/uploads\/sites\/5\/2024\/12\/Sc6653613a7c7476db10ef6e24593d87bT.jpg_960x960q75.jpg_.webp\" \/><\/p>\n","protected":false},"excerpt":{"rendered":"<p>Tren Hvor Som Helst, N\u00e5r Som Helst Bordtennistreneren er designet for \u00e5 kunne brukes uten et spesielt bord. Den b\u00e6rbare [&hellip;]<\/p>\n","protected":false},"featured_media":9069,"comment_status":"open","ping_status":"closed","template":"","meta":{"site-sidebar-layout":"default","site-content-layout":"","ast-site-content-layout":"default","site-content-style":"default","site-sidebar-style":"default","ast-global-header-display":"","ast-banner-title-visibility":"","ast-main-header-display":"","ast-hfb-above-header-display":"","ast-hfb-below-header-display":"","ast-hfb-mobile-header-display":"","site-post-title":"","ast-breadcrumbs-content":"","ast-featured-img":"","footer-sml-layout":"","theme-transparent-header-meta":"default","adv-header-id-meta":"","stick-header-meta":"","header-above-stick-meta":"","header-main-stick-meta":"","header-below-stick-meta":"","astra-migrate-meta-layouts":"set","ast-page-background-enabled":"default","ast-page-background-meta":{"desktop":{"background-color":"var(--ast-global-color-4)","background-image":"","background-repeat":"repeat","background-position":"center center","background-size":"auto","background-attachment":"scroll","background-type":"","background-media":"","overlay-type":"","overlay-color":"","overlay-opacity":"","overlay-gradient":""},"tablet":{"background-color":"","background-image":"","background-repeat":"repeat","background-position":"center center","background-size":"auto","background-attachment":"scroll","background-type":"","background-media":"","overlay-type":"","overlay-color":"","overlay-opacity":"","overlay-gradient":""},"mobile":{"background-color":"","background-image":"","background-repeat":"repeat","background-position":"center center","background-size":"auto","background-attachment":"scroll","background-type":"","background-media":"","overlay-type":"","overlay-color":"","overlay-opacity":"","overlay-gradient":""}},"ast-content-background-meta":{"desktop":{"background-color":"var(--ast-global-color-5)","background-image":"","background-repeat":"repeat","background-position":"center center","background-size":"auto","background-attachment":"scroll","background-type":"","background-media":"","overlay-type":"","overlay-color":"","overlay-opacity":"","overlay-gradient":""},"tablet":{"background-color":"var(--ast-global-color-5)","background-image":"","background-repeat":"repeat","background-position":"center center","background-size":"auto","background-attachment":"scroll","background-type":"","background-media":"","overlay-type":"","overlay-color":"","overlay-opacity":"","overlay-gradient":""},"mobile":{"background-color":"var(--ast-global-color-5)","background-image":"","background-repeat":"repeat","background-position":"center center","background-size":"auto","background-attachment":"scroll","background-type":"","background-media":"","overlay-type":"","overlay-color":"","overlay-opacity":"","overlay-gradient":""}}},"product_brand":[],"product_cat":[990],"product_tag":[],"class_list":{"0":"post-9073","1":"product","2":"type-product","3":"status-publish","4":"has-post-thumbnail","6":"product_cat-leker-barne-og-babyprodukter","7":"pa_25ogfaqv-bunny","8":"pa_25ogfaqv-frosk","9":"pa_l5hn3x0i-2032","10":"pa_l5hn3x0i-2033","11":"desktop-align-left","12":"tablet-align-left","13":"mobile-align-left","15":"first","16":"instock","17":"shipping-taxable","18":"purchasable","19":"product-type-variable"},"_links":{"self":[{"href":"https:\/\/keluvo.com\/no\/wp-json\/wp\/v2\/product\/9073","targetHints":{"allow":["GET"]}}],"collection":[{"href":"https:\/\/keluvo.com\/no\/wp-json\/wp\/v2\/product"}],"about":[{"href":"https:\/\/keluvo.com\/no\/wp-json\/wp\/v2\/types\/product"}],"replies":[{"embeddable":true,"href":"https:\/\/keluvo.com\/no\/wp-json\/wp\/v2\/comments?post=9073"}],"wp:featuredmedia":[{"embeddable":true,"href":"https:\/\/keluvo.com\/no\/wp-json\/wp\/v2\/media\/9069"}],"wp:attachment":[{"href":"https:\/\/keluvo.com\/no\/wp-json\/wp\/v2\/media?parent=9073"}],"wp:term":[{"taxonomy":"product_brand","embeddable":true,"href":"https:\/\/keluvo.com\/no\/wp-json\/wp\/v2\/product_brand?post=9073"},{"taxonomy":"product_cat","embeddable":true,"href":"https:\/\/keluvo.com\/no\/wp-json\/wp\/v2\/product_cat?post=9073"},{"taxonomy":"product_tag","embeddable":true,"href":"https:\/\/keluvo.com\/no\/wp-json\/wp\/v2\/product_tag?post=9073"}],"curies":[{"name":"wp","href":"https:\/\/api.w.org\/{rel}","templated":true}]}}