{"id":9058,"date":"2025-02-17T20:11:36","date_gmt":"2025-02-17T18:11:36","guid":{"rendered":"https:\/\/keluvo.com\/no\/produkt\/stunt-rc-bil\/"},"modified":"2025-02-17T20:11:54","modified_gmt":"2025-02-17T18:11:54","slug":"stunt-rc-bil","status":"publish","type":"product","link":"https:\/\/keluvo.com\/no\/produkt\/stunt-rc-bil\/","title":{"rendered":"Stunt RC-bil"},"content":{"rendered":"<h2 style=\"text-align: center\"><strong>Unik Gestkontrollfunksjon<\/strong><\/h2>\n<p style=\"text-align: center\">Stunt RC-bilen byr p\u00e5 en spennende opplevelse med sin gestinduksjonskontroll. Med bare en h\u00e5ndbevegelse kan barna forvandle bilen til ulike former eller utf\u00f8re stunt. Denne interaktive funksjonen gj\u00f8r leken enda mer spennende og engasjerende.<\/p>\n<p><img decoding=\"async\" class=\"alignnone size-medium wp-image-4651 aligncenter\" src=\"https:\/\/keluvo.com\/template\/wp-content\/uploads\/sites\/5\/2024\/12\/4WD-RC-Drift-Car-With-Music-Led-Lights-2-4G-Gesture-Radio-Remote-Control-Spray-Stunt.jpg_-1.webp\" alt=\"\" \/><\/p>\n<h2 style=\"text-align: center\"><strong>Terrengegenskaper<\/strong><\/h2>\n<p style=\"text-align: center\">Utstyrt med firehjulsdrift og slitesterke rullende dekk, takler stuntbilen alle typer terreng med letthet. Enten det er sand, gress, stein eller jord, gir den en jevn og eventyrlig kj\u00f8retur. Perfekt for offroad-utfordringer og utforsking av nye milj\u00f8er.<\/p>\n<p><img decoding=\"async\" class=\"alignnone size-medium wp-image-4643 aligncenter\" src=\"https:\/\/keluvo.com\/template\/wp-content\/uploads\/sites\/5\/2024\/12\/23cad05d-8109-4820-81d1-adc9b18008e0.webp\" alt=\"\" \/><\/p>\n<h2 style=\"text-align: center\"><strong>Fantastiske Lys Og Stunt<\/strong><\/h2>\n<p style=\"text-align: center\">Med LED-lys og avanserte stuntfunksjoner som 360\u00b0 rotasjoner, sidedrifting og transformasjoner med \u00e9n tast, skaper stunt-RC-bilen en uforglemmelig lekeopplevelse. De sterke lysene gj\u00f8r at den skiller seg ut, selv i d\u00e5rlig lys, og gir ekstra moro til alle eventyr.<\/p>\n<p><img decoding=\"async\" class=\"alignnone size-medium wp-image-4650 aligncenter\" src=\"https:\/\/keluvo.com\/template\/wp-content\/uploads\/sites\/5\/2024\/12\/4WD-RC-Drift-Car-With-Music-Led-Lights-2-4G-Gesture-Radio-Remote-Control-Spray-Stunt.jpg_-2.webp\" alt=\"\" \/><\/p>\n","protected":false},"excerpt":{"rendered":"<p>Unik Gestkontrollfunksjon Stunt RC-bilen byr p\u00e5 en spennende opplevelse med sin gestinduksjonskontroll. Med bare en h\u00e5ndbevegelse kan barna forvandle bilen [&hellip;]<\/p>\n","protected":false},"featured_media":9054,"comment_status":"open","ping_status":"closed","template":"","meta":{"site-sidebar-layout":"default","site-content-layout":"","ast-site-content-layout":"default","site-content-style":"default","site-sidebar-style":"default","ast-global-header-display":"","ast-banner-title-visibility":"","ast-main-header-display":"","ast-hfb-above-header-display":"","ast-hfb-below-header-display":"","ast-hfb-mobile-header-display":"","site-post-title":"","ast-breadcrumbs-content":"","ast-featured-img":"","footer-sml-layout":"","theme-transparent-header-meta":"default","adv-header-id-meta":"","stick-header-meta":"","header-above-stick-meta":"","header-main-stick-meta":"","header-below-stick-meta":"","astra-migrate-meta-layouts":"set","ast-page-background-enabled":"default","ast-page-background-meta":{"desktop":{"background-color":"var(--ast-global-color-4)","background-image":"","background-repeat":"repeat","background-position":"center center","background-size":"auto","background-attachment":"scroll","background-type":"","background-media":"","overlay-type":"","overlay-color":"","overlay-opacity":"","overlay-gradient":""},"tablet":{"background-color":"","background-image":"","background-repeat":"repeat","background-position":"center center","background-size":"auto","background-attachment":"scroll","background-type":"","background-media":"","overlay-type":"","overlay-color":"","overlay-opacity":"","overlay-gradient":""},"mobile":{"background-color":"","background-image":"","background-repeat":"repeat","background-position":"center center","background-size":"auto","background-attachment":"scroll","background-type":"","background-media":"","overlay-type":"","overlay-color":"","overlay-opacity":"","overlay-gradient":""}},"ast-content-background-meta":{"desktop":{"background-color":"var(--ast-global-color-5)","background-image":"","background-repeat":"repeat","background-position":"center center","background-size":"auto","background-attachment":"scroll","background-type":"","background-media":"","overlay-type":"","overlay-color":"","overlay-opacity":"","overlay-gradient":""},"tablet":{"background-color":"var(--ast-global-color-5)","background-image":"","background-repeat":"repeat","background-position":"center center","background-size":"auto","background-attachment":"scroll","background-type":"","background-media":"","overlay-type":"","overlay-color":"","overlay-opacity":"","overlay-gradient":""},"mobile":{"background-color":"var(--ast-global-color-5)","background-image":"","background-repeat":"repeat","background-position":"center center","background-size":"auto","background-attachment":"scroll","background-type":"","background-media":"","overlay-type":"","overlay-color":"","overlay-opacity":"","overlay-gradient":""}}},"product_brand":[],"product_cat":[990],"product_tag":[],"class_list":{"0":"post-9058","1":"product","2":"type-product","3":"status-publish","4":"has-post-thumbnail","6":"product_cat-leker-barne-og-babyprodukter","7":"pa_kxn69u19-bla","8":"pa_kxn69u19-gra","9":"pa_kxn69u19-rod","10":"desktop-align-left","11":"tablet-align-left","12":"mobile-align-left","14":"first","15":"instock","16":"shipping-taxable","17":"purchasable","18":"product-type-variable"},"_links":{"self":[{"href":"https:\/\/keluvo.com\/no\/wp-json\/wp\/v2\/product\/9058","targetHints":{"allow":["GET"]}}],"collection":[{"href":"https:\/\/keluvo.com\/no\/wp-json\/wp\/v2\/product"}],"about":[{"href":"https:\/\/keluvo.com\/no\/wp-json\/wp\/v2\/types\/product"}],"replies":[{"embeddable":true,"href":"https:\/\/keluvo.com\/no\/wp-json\/wp\/v2\/comments?post=9058"}],"wp:featuredmedia":[{"embeddable":true,"href":"https:\/\/keluvo.com\/no\/wp-json\/wp\/v2\/media\/9054"}],"wp:attachment":[{"href":"https:\/\/keluvo.com\/no\/wp-json\/wp\/v2\/media?parent=9058"}],"wp:term":[{"taxonomy":"product_brand","embeddable":true,"href":"https:\/\/keluvo.com\/no\/wp-json\/wp\/v2\/product_brand?post=9058"},{"taxonomy":"product_cat","embeddable":true,"href":"https:\/\/keluvo.com\/no\/wp-json\/wp\/v2\/product_cat?post=9058"},{"taxonomy":"product_tag","embeddable":true,"href":"https:\/\/keluvo.com\/no\/wp-json\/wp\/v2\/product_tag?post=9058"}],"curies":[{"name":"wp","href":"https:\/\/api.w.org\/{rel}","templated":true}]}}