{"id":8982,"date":"2025-02-16T19:12:01","date_gmt":"2025-02-16T17:12:01","guid":{"rendered":"https:\/\/keluvo.com\/no\/produkt\/julekrybbe-utendors\/"},"modified":"2025-02-16T19:12:08","modified_gmt":"2025-02-16T17:12:08","slug":"julekrybbe-utendors","status":"publish","type":"product","link":"https:\/\/keluvo.com\/no\/produkt\/julekrybbe-utendors\/","title":{"rendered":"Julekrybbe utend\u00f8rs"},"content":{"rendered":"<h2 style=\"text-align: center\"><strong>Feir Den Sanne Betydningen<\/strong><\/h2>\n<p style=\"text-align: center\">Den utend\u00f8rs julekrybben representerer julens \u00e5nd p\u00e5 en vakker m\u00e5te med et elegant og smakfullt design. Den fungerer som en meningsfull p\u00e5minnelse om sesongen og skaper et minneverdig midtpunkt for hagen din. Perfekt for \u00e5 starte eller videref\u00f8re familietradisjoner, og bidrar til \u00e5 samle dine kj\u00e6re.<\/p>\n<p><img decoding=\"async\" class=\"alignnone size-medium wp-image-4599 aligncenter\" src=\"https:\/\/keluvo.com\/template\/wp-content\/uploads\/sites\/5\/2024\/12\/S7e9ea034399b451bbf37419f3ddb8fedG.webp\" alt=\"\" \/><\/p>\n<h2 style=\"text-align: center\"><strong>Slitesterk Og V\u00e6rbestandig Design<\/strong><\/h2>\n<p style=\"text-align: center\">Den utend\u00f8rs julekrybben er laget av 1\/2-tommers PVC i marinekvalitet, og er bygget for \u00e5 holde i all slags v\u00e6r. De robuste materialene og det medf\u00f8lgende stakesettet s\u00f8rger for stabilitet, selv i vind og regn. Dette gj\u00f8r det til en p\u00e5litelig utstilling i mange \u00e5r fremover.<\/p>\n<p><img decoding=\"async\" class=\"alignnone size-medium wp-image-4598 aligncenter\" src=\"https:\/\/keluvo.com\/template\/wp-content\/uploads\/sites\/5\/2024\/12\/Sdef3f166b88746f39392792a7dfd2c58F.webp\" alt=\"\" \/><\/p>\n","protected":false},"excerpt":{"rendered":"<p>Feir Den Sanne Betydningen Den utend\u00f8rs julekrybben representerer julens \u00e5nd p\u00e5 en vakker m\u00e5te med et elegant og smakfullt design. [&hellip;]<\/p>\n","protected":false},"featured_media":8978,"comment_status":"open","ping_status":"closed","template":"","meta":{"site-sidebar-layout":"default","site-content-layout":"","ast-site-content-layout":"default","site-content-style":"default","site-sidebar-style":"default","ast-global-header-display":"","ast-banner-title-visibility":"","ast-main-header-display":"","ast-hfb-above-header-display":"","ast-hfb-below-header-display":"","ast-hfb-mobile-header-display":"","site-post-title":"","ast-breadcrumbs-content":"","ast-featured-img":"","footer-sml-layout":"","theme-transparent-header-meta":"default","adv-header-id-meta":"","stick-header-meta":"","header-above-stick-meta":"","header-main-stick-meta":"","header-below-stick-meta":"","astra-migrate-meta-layouts":"set","ast-page-background-enabled":"default","ast-page-background-meta":{"desktop":{"background-color":"var(--ast-global-color-4)","background-image":"","background-repeat":"repeat","background-position":"center center","background-size":"auto","background-attachment":"scroll","background-type":"","background-media":"","overlay-type":"","overlay-color":"","overlay-opacity":"","overlay-gradient":""},"tablet":{"background-color":"","background-image":"","background-repeat":"repeat","background-position":"center center","background-size":"auto","background-attachment":"scroll","background-type":"","background-media":"","overlay-type":"","overlay-color":"","overlay-opacity":"","overlay-gradient":""},"mobile":{"background-color":"","background-image":"","background-repeat":"repeat","background-position":"center center","background-size":"auto","background-attachment":"scroll","background-type":"","background-media":"","overlay-type":"","overlay-color":"","overlay-opacity":"","overlay-gradient":""}},"ast-content-background-meta":{"desktop":{"background-color":"var(--ast-global-color-5)","background-image":"","background-repeat":"repeat","background-position":"center center","background-size":"auto","background-attachment":"scroll","background-type":"","background-media":"","overlay-type":"","overlay-color":"","overlay-opacity":"","overlay-gradient":""},"tablet":{"background-color":"var(--ast-global-color-5)","background-image":"","background-repeat":"repeat","background-position":"center center","background-size":"auto","background-attachment":"scroll","background-type":"","background-media":"","overlay-type":"","overlay-color":"","overlay-opacity":"","overlay-gradient":""},"mobile":{"background-color":"var(--ast-global-color-5)","background-image":"","background-repeat":"repeat","background-position":"center center","background-size":"auto","background-attachment":"scroll","background-type":"","background-media":"","overlay-type":"","overlay-color":"","overlay-opacity":"","overlay-gradient":""}}},"product_brand":[],"product_cat":[1001],"product_tag":[],"class_list":{"0":"post-8982","1":"product","2":"type-product","3":"status-publish","4":"has-post-thumbnail","6":"product_cat-husholdningsartikler","7":"desktop-align-left","8":"tablet-align-left","9":"mobile-align-left","11":"first","12":"instock","13":"shipping-taxable","14":"purchasable","15":"product-type-simple"},"_links":{"self":[{"href":"https:\/\/keluvo.com\/no\/wp-json\/wp\/v2\/product\/8982","targetHints":{"allow":["GET"]}}],"collection":[{"href":"https:\/\/keluvo.com\/no\/wp-json\/wp\/v2\/product"}],"about":[{"href":"https:\/\/keluvo.com\/no\/wp-json\/wp\/v2\/types\/product"}],"replies":[{"embeddable":true,"href":"https:\/\/keluvo.com\/no\/wp-json\/wp\/v2\/comments?post=8982"}],"wp:featuredmedia":[{"embeddable":true,"href":"https:\/\/keluvo.com\/no\/wp-json\/wp\/v2\/media\/8978"}],"wp:attachment":[{"href":"https:\/\/keluvo.com\/no\/wp-json\/wp\/v2\/media?parent=8982"}],"wp:term":[{"taxonomy":"product_brand","embeddable":true,"href":"https:\/\/keluvo.com\/no\/wp-json\/wp\/v2\/product_brand?post=8982"},{"taxonomy":"product_cat","embeddable":true,"href":"https:\/\/keluvo.com\/no\/wp-json\/wp\/v2\/product_cat?post=8982"},{"taxonomy":"product_tag","embeddable":true,"href":"https:\/\/keluvo.com\/no\/wp-json\/wp\/v2\/product_tag?post=8982"}],"curies":[{"name":"wp","href":"https:\/\/api.w.org\/{rel}","templated":true}]}}