{"id":8960,"date":"2025-02-16T19:08:19","date_gmt":"2025-02-16T17:08:19","guid":{"rendered":"https:\/\/keluvo.com\/no\/produkt\/reise-kaffekrus\/"},"modified":"2025-02-16T19:08:37","modified_gmt":"2025-02-16T17:08:37","slug":"reise-kaffekrus","status":"publish","type":"product","link":"https:\/\/keluvo.com\/no\/produkt\/reise-kaffekrus\/","title":{"rendered":"Reise-kaffekrus"},"content":{"rendered":"<h2 style=\"text-align: center\"><strong>Holder Drikken Varm Eller Kald<\/strong><\/h2>\n<p style=\"text-align: center\">Reisekaffekruset er designet med dobbeltvegget vakuumisolasjon for \u00e5 opprettholde temperaturen p\u00e5 drikken din. Enten du vil holde kaffen varm eller isteen kald, s\u00f8rger det for at drikken holder perfekt temperatur i timevis. Ideell for travle morgener eller lange reiser.<\/p>\n<p><img decoding=\"async\" class=\"alignnone size-medium wp-image-4713 aligncenter\" src=\"https:\/\/keluvo.com\/template\/wp-content\/uploads\/sites\/5\/2024\/12\/Sc52f0b2dfad74145a68c4812ca30b2c77.webp\" alt=\"\" \/><\/p>\n<h2 style=\"text-align: center\"><strong>Slitesterk Og B\u00e6rbar Design<\/strong><\/h2>\n<p style=\"text-align: center\">Laget av rustfritt st\u00e5l av h\u00f8y kvalitet, er reisekaffekruset bygget for \u00e5 vare. Den robuste konstruksjonen er motstandsdyktig mot rust og riper, noe som gj\u00f8r den perfekt for daglig bruk eller utend\u00f8rs eventyr. Den lette designen og det komfortable h\u00e5ndtaket gj\u00f8r det enkelt \u00e5 ta med seg overalt.<\/p>\n<p style=\"text-align: center\"><img decoding=\"async\" class=\"alignnone size-medium wp-image-4704\" src=\"https:\/\/keluvo.com\/template\/wp-content\/uploads\/sites\/5\/2024\/12\/Se9f8f0be61064466820cd9102cffa73ca.webp\" alt=\"\" \/><\/p>\n","protected":false},"excerpt":{"rendered":"<p>Holder Drikken Varm Eller Kald Reisekaffekruset er designet med dobbeltvegget vakuumisolasjon for \u00e5 opprettholde temperaturen p\u00e5 drikken din. Enten du [&hellip;]<\/p>\n","protected":false},"featured_media":8956,"comment_status":"open","ping_status":"closed","template":"","meta":{"site-sidebar-layout":"default","site-content-layout":"","ast-site-content-layout":"default","site-content-style":"default","site-sidebar-style":"default","ast-global-header-display":"","ast-banner-title-visibility":"","ast-main-header-display":"","ast-hfb-above-header-display":"","ast-hfb-below-header-display":"","ast-hfb-mobile-header-display":"","site-post-title":"","ast-breadcrumbs-content":"","ast-featured-img":"","footer-sml-layout":"","theme-transparent-header-meta":"default","adv-header-id-meta":"","stick-header-meta":"","header-above-stick-meta":"","header-main-stick-meta":"","header-below-stick-meta":"","astra-migrate-meta-layouts":"set","ast-page-background-enabled":"default","ast-page-background-meta":{"desktop":{"background-color":"var(--ast-global-color-4)","background-image":"","background-repeat":"repeat","background-position":"center center","background-size":"auto","background-attachment":"scroll","background-type":"","background-media":"","overlay-type":"","overlay-color":"","overlay-opacity":"","overlay-gradient":""},"tablet":{"background-color":"","background-image":"","background-repeat":"repeat","background-position":"center center","background-size":"auto","background-attachment":"scroll","background-type":"","background-media":"","overlay-type":"","overlay-color":"","overlay-opacity":"","overlay-gradient":""},"mobile":{"background-color":"","background-image":"","background-repeat":"repeat","background-position":"center center","background-size":"auto","background-attachment":"scroll","background-type":"","background-media":"","overlay-type":"","overlay-color":"","overlay-opacity":"","overlay-gradient":""}},"ast-content-background-meta":{"desktop":{"background-color":"var(--ast-global-color-5)","background-image":"","background-repeat":"repeat","background-position":"center center","background-size":"auto","background-attachment":"scroll","background-type":"","background-media":"","overlay-type":"","overlay-color":"","overlay-opacity":"","overlay-gradient":""},"tablet":{"background-color":"var(--ast-global-color-5)","background-image":"","background-repeat":"repeat","background-position":"center center","background-size":"auto","background-attachment":"scroll","background-type":"","background-media":"","overlay-type":"","overlay-color":"","overlay-opacity":"","overlay-gradient":""},"mobile":{"background-color":"var(--ast-global-color-5)","background-image":"","background-repeat":"repeat","background-position":"center center","background-size":"auto","background-attachment":"scroll","background-type":"","background-media":"","overlay-type":"","overlay-color":"","overlay-opacity":"","overlay-gradient":""}}},"product_brand":[],"product_cat":[1000],"product_tag":[],"class_list":{"0":"post-8960","1":"product","2":"type-product","3":"status-publish","4":"has-post-thumbnail","6":"product_cat-tur-camping-og-fritidsutstyr","7":"pa_fk7x6fie-bla","8":"pa_fk7x6fie-gra","9":"pa_fk7x6fie-gronn","10":"pa_fk7x6fie-hvit","11":"pa_fk7x6fie-lilla","12":"pa_fk7x6fie-oransje","13":"pa_fk7x6fie-rosa","14":"pa_fk7x6fie-svart","15":"desktop-align-left","16":"tablet-align-left","17":"mobile-align-left","19":"first","20":"instock","21":"shipping-taxable","22":"purchasable","23":"product-type-variable"},"_links":{"self":[{"href":"https:\/\/keluvo.com\/no\/wp-json\/wp\/v2\/product\/8960","targetHints":{"allow":["GET"]}}],"collection":[{"href":"https:\/\/keluvo.com\/no\/wp-json\/wp\/v2\/product"}],"about":[{"href":"https:\/\/keluvo.com\/no\/wp-json\/wp\/v2\/types\/product"}],"replies":[{"embeddable":true,"href":"https:\/\/keluvo.com\/no\/wp-json\/wp\/v2\/comments?post=8960"}],"wp:featuredmedia":[{"embeddable":true,"href":"https:\/\/keluvo.com\/no\/wp-json\/wp\/v2\/media\/8956"}],"wp:attachment":[{"href":"https:\/\/keluvo.com\/no\/wp-json\/wp\/v2\/media?parent=8960"}],"wp:term":[{"taxonomy":"product_brand","embeddable":true,"href":"https:\/\/keluvo.com\/no\/wp-json\/wp\/v2\/product_brand?post=8960"},{"taxonomy":"product_cat","embeddable":true,"href":"https:\/\/keluvo.com\/no\/wp-json\/wp\/v2\/product_cat?post=8960"},{"taxonomy":"product_tag","embeddable":true,"href":"https:\/\/keluvo.com\/no\/wp-json\/wp\/v2\/product_tag?post=8960"}],"curies":[{"name":"wp","href":"https:\/\/api.w.org\/{rel}","templated":true}]}}