{"id":8937,"date":"2025-02-16T19:05:52","date_gmt":"2025-02-16T17:05:52","guid":{"rendered":"https:\/\/keluvo.com\/no\/produkt\/rund-led-vegglampe\/"},"modified":"2025-02-16T19:06:15","modified_gmt":"2025-02-16T17:06:15","slug":"rund-led-vegglampe","status":"publish","type":"product","link":"https:\/\/keluvo.com\/no\/produkt\/rund-led-vegglampe\/","title":{"rendered":"Rund LED-vegglampe"},"content":{"rendered":"<h2 style=\"text-align: center\"><strong>Allsidige Belysningsalternativer<\/strong><\/h2>\n<p style=\"text-align: center\">Den runde LED-vegglampen har tre forskjellige lysfarger som passer til enhver stemning eller setting. Velg mellom varmhvit, n\u00f8ytral eller kaldhvit belysning ved \u00e5 vri p\u00e5 veggbryteren. Denne tilpasningsdyktige belysningen gj\u00f8r den ideell for ulike rom, fra koselige soverom til lyse korridorer. Lampen er 13,5 cm i diameter.<\/p>\n<p style=\"text-align: center\"><img decoding=\"async\" class=\"alignnone size-medium wp-image-2541\" src=\"https:\/\/keluvo.com\/template\/wp-content\/uploads\/sites\/5\/2024\/11\/80446ceb-bf86-41d4-907d-c13de65fd598.webp\" alt=\"\" \/><\/p>\n<h2 style=\"text-align: center\"><strong>Moderne Og Elegant Design<\/strong><\/h2>\n<p style=\"text-align: center\">Designet med en elegant, rund form og glassfinish, tilf\u00f8rer den runde LED-vegglampen et snev av moderne eleganse til ethvert rom. Det enkle, men stilige utseendet fremhever innredningen i hjemmet ditt og gj\u00f8r den perfekt for stuer, korridorer og bad. Lampen passer uanstrengt inn i alle interi\u00f8rstiler, fra moderne til minimalistisk.<\/p>\n<p><img decoding=\"async\" class=\"size-medium wp-image-2758 aligncenter\" src=\"https:\/\/keluvo.com\/template\/wp-content\/uploads\/sites\/5\/2024\/11\/main-image-51.jpeg\" alt=\"\" \/><\/p>\n","protected":false},"excerpt":{"rendered":"<p>Allsidige Belysningsalternativer Den runde LED-vegglampen har tre forskjellige lysfarger som passer til enhver stemning eller setting. Velg mellom varmhvit, n\u00f8ytral [&hellip;]<\/p>\n","protected":false},"featured_media":8933,"comment_status":"open","ping_status":"closed","template":"","meta":{"site-sidebar-layout":"default","site-content-layout":"","ast-site-content-layout":"default","site-content-style":"default","site-sidebar-style":"default","ast-global-header-display":"","ast-banner-title-visibility":"","ast-main-header-display":"","ast-hfb-above-header-display":"","ast-hfb-below-header-display":"","ast-hfb-mobile-header-display":"","site-post-title":"","ast-breadcrumbs-content":"","ast-featured-img":"","footer-sml-layout":"","theme-transparent-header-meta":"default","adv-header-id-meta":"","stick-header-meta":"","header-above-stick-meta":"","header-main-stick-meta":"","header-below-stick-meta":"","astra-migrate-meta-layouts":"set","ast-page-background-enabled":"default","ast-page-background-meta":{"desktop":{"background-color":"var(--ast-global-color-4)","background-image":"","background-repeat":"repeat","background-position":"center center","background-size":"auto","background-attachment":"scroll","background-type":"","background-media":"","overlay-type":"","overlay-color":"","overlay-opacity":"","overlay-gradient":""},"tablet":{"background-color":"","background-image":"","background-repeat":"repeat","background-position":"center center","background-size":"auto","background-attachment":"scroll","background-type":"","background-media":"","overlay-type":"","overlay-color":"","overlay-opacity":"","overlay-gradient":""},"mobile":{"background-color":"","background-image":"","background-repeat":"repeat","background-position":"center center","background-size":"auto","background-attachment":"scroll","background-type":"","background-media":"","overlay-type":"","overlay-color":"","overlay-opacity":"","overlay-gradient":""}},"ast-content-background-meta":{"desktop":{"background-color":"var(--ast-global-color-5)","background-image":"","background-repeat":"repeat","background-position":"center center","background-size":"auto","background-attachment":"scroll","background-type":"","background-media":"","overlay-type":"","overlay-color":"","overlay-opacity":"","overlay-gradient":""},"tablet":{"background-color":"var(--ast-global-color-5)","background-image":"","background-repeat":"repeat","background-position":"center center","background-size":"auto","background-attachment":"scroll","background-type":"","background-media":"","overlay-type":"","overlay-color":"","overlay-opacity":"","overlay-gradient":""},"mobile":{"background-color":"var(--ast-global-color-5)","background-image":"","background-repeat":"repeat","background-position":"center center","background-size":"auto","background-attachment":"scroll","background-type":"","background-media":"","overlay-type":"","overlay-color":"","overlay-opacity":"","overlay-gradient":""}}},"product_brand":[],"product_cat":[1001],"product_tag":[],"class_list":{"0":"post-8937","1":"product","2":"type-product","3":"status-publish","4":"has-post-thumbnail","6":"product_cat-husholdningsartikler","7":"pa_j82fz39l-bolget-gra","8":"pa_j82fz39l-bolget-hvit","9":"pa_j82fz39l-bolget-oransje","10":"pa_j82fz39l-gra","11":"pa_j82fz39l-hvit","12":"pa_j82fz39l-oransje","13":"pa_j82fz39l-svart","14":"desktop-align-left","15":"tablet-align-left","16":"mobile-align-left","18":"first","19":"instock","20":"shipping-taxable","21":"purchasable","22":"product-type-variable"},"_links":{"self":[{"href":"https:\/\/keluvo.com\/no\/wp-json\/wp\/v2\/product\/8937","targetHints":{"allow":["GET"]}}],"collection":[{"href":"https:\/\/keluvo.com\/no\/wp-json\/wp\/v2\/product"}],"about":[{"href":"https:\/\/keluvo.com\/no\/wp-json\/wp\/v2\/types\/product"}],"replies":[{"embeddable":true,"href":"https:\/\/keluvo.com\/no\/wp-json\/wp\/v2\/comments?post=8937"}],"wp:featuredmedia":[{"embeddable":true,"href":"https:\/\/keluvo.com\/no\/wp-json\/wp\/v2\/media\/8933"}],"wp:attachment":[{"href":"https:\/\/keluvo.com\/no\/wp-json\/wp\/v2\/media?parent=8937"}],"wp:term":[{"taxonomy":"product_brand","embeddable":true,"href":"https:\/\/keluvo.com\/no\/wp-json\/wp\/v2\/product_brand?post=8937"},{"taxonomy":"product_cat","embeddable":true,"href":"https:\/\/keluvo.com\/no\/wp-json\/wp\/v2\/product_cat?post=8937"},{"taxonomy":"product_tag","embeddable":true,"href":"https:\/\/keluvo.com\/no\/wp-json\/wp\/v2\/product_tag?post=8937"}],"curies":[{"name":"wp","href":"https:\/\/api.w.org\/{rel}","templated":true}]}}