{"id":8841,"date":"2025-02-15T22:42:45","date_gmt":"2025-02-15T20:42:45","guid":{"rendered":"https:\/\/keluvo.com\/no\/produkt\/matt-leppestift\/"},"modified":"2025-02-15T22:43:11","modified_gmt":"2025-02-15T20:43:11","slug":"matt-leppestift","status":"publish","type":"product","link":"https:\/\/keluvo.com\/no\/produkt\/matt-leppestift\/","title":{"rendered":"Matt leppestift"},"content":{"rendered":"<h2 style=\"text-align: center\"><strong>Langvarig Matt Finish<\/strong><\/h2>\n<p style=\"text-align: center\">Den matte leppestiften gir en fl\u00f8yelsmyk, matt finish som varer i opptil 24 timer. Den lette formelen gj\u00f8r at leppene f\u00f8les behagelige uten \u00e5 t\u00f8rke ut, noe som gj\u00f8r den perfekt for bruk hele dagen.<\/p>\n<p><img decoding=\"async\" class=\"alignnone size-medium wp-image-4421 aligncenter\" src=\"https:\/\/keluvo.com\/template\/wp-content\/uploads\/sites\/5\/2024\/11\/Sexy-Velvet-Matte-Lip-Gloss-Liquid-Lipstick-Lipgloss-Beauty-Red-Nude-Waterproof-Long-lasting-Lip-Stain.jpg_-1.webp\" alt=\"\" \/><\/p>\n<h2 style=\"text-align: center\"><strong>Vannfast Og Smussbestandig<\/strong><\/h2>\n<p style=\"text-align: center\">Gled deg over feilfrie lepper med den matte leppestiften, som er designet for \u00e5 motst\u00e5 vann og flekker. Enten du er p\u00e5 fest eller p\u00e5 farten, holder leppestiften seg p\u00e5 plass og gir deg et friskt og levende utseende.<\/p>\n<p><img decoding=\"async\" class=\"alignnone size-medium wp-image-4418 aligncenter\" src=\"https:\/\/keluvo.com\/template\/wp-content\/uploads\/sites\/5\/2024\/11\/Sf00dae89ad1f43fbbbc9387b6182b0efa.webp\" alt=\"\" \/><\/p>\n<h2 style=\"text-align: center\"><strong>Bredt Utvalg Av Farger<\/strong><\/h2>\n<p style=\"text-align: center\">Med 12 rike og trendy nyanser \u00e5 velge mellom, har den matte leppestiften en farge for enhver anledning. Fra subtile nyanser til dristige toner &#8211; den passer til enhver sminkestil, enten den er uformell eller formell.<\/p>\n<p><img decoding=\"async\" class=\"alignnone size-medium wp-image-4417 aligncenter\" src=\"https:\/\/keluvo.com\/template\/wp-content\/uploads\/sites\/5\/2024\/11\/High-Quality-NEW-24-Hour-Matte-Lipstick-Velvet-Mist-Lip-Clay-Not-Dry-Lip-Cream-Makeup.jpg_-1.webp\" alt=\"\" \/><\/p>\n","protected":false},"excerpt":{"rendered":"<p>Langvarig Matt Finish Den matte leppestiften gir en fl\u00f8yelsmyk, matt finish som varer i opptil 24 timer. Den lette formelen [&hellip;]<\/p>\n","protected":false},"featured_media":8837,"comment_status":"open","ping_status":"closed","template":"","meta":{"site-sidebar-layout":"default","site-content-layout":"","ast-site-content-layout":"default","site-content-style":"default","site-sidebar-style":"default","ast-global-header-display":"","ast-banner-title-visibility":"","ast-main-header-display":"","ast-hfb-above-header-display":"","ast-hfb-below-header-display":"","ast-hfb-mobile-header-display":"","site-post-title":"","ast-breadcrumbs-content":"","ast-featured-img":"","footer-sml-layout":"","theme-transparent-header-meta":"default","adv-header-id-meta":"","stick-header-meta":"","header-above-stick-meta":"","header-main-stick-meta":"","header-below-stick-meta":"","astra-migrate-meta-layouts":"set","ast-page-background-enabled":"default","ast-page-background-meta":{"desktop":{"background-color":"var(--ast-global-color-4)","background-image":"","background-repeat":"repeat","background-position":"center center","background-size":"auto","background-attachment":"scroll","background-type":"","background-media":"","overlay-type":"","overlay-color":"","overlay-opacity":"","overlay-gradient":""},"tablet":{"background-color":"","background-image":"","background-repeat":"repeat","background-position":"center center","background-size":"auto","background-attachment":"scroll","background-type":"","background-media":"","overlay-type":"","overlay-color":"","overlay-opacity":"","overlay-gradient":""},"mobile":{"background-color":"","background-image":"","background-repeat":"repeat","background-position":"center center","background-size":"auto","background-attachment":"scroll","background-type":"","background-media":"","overlay-type":"","overlay-color":"","overlay-opacity":"","overlay-gradient":""}},"ast-content-background-meta":{"desktop":{"background-color":"var(--ast-global-color-5)","background-image":"","background-repeat":"repeat","background-position":"center center","background-size":"auto","background-attachment":"scroll","background-type":"","background-media":"","overlay-type":"","overlay-color":"","overlay-opacity":"","overlay-gradient":""},"tablet":{"background-color":"var(--ast-global-color-5)","background-image":"","background-repeat":"repeat","background-position":"center center","background-size":"auto","background-attachment":"scroll","background-type":"","background-media":"","overlay-type":"","overlay-color":"","overlay-opacity":"","overlay-gradient":""},"mobile":{"background-color":"var(--ast-global-color-5)","background-image":"","background-repeat":"repeat","background-position":"center center","background-size":"auto","background-attachment":"scroll","background-type":"","background-media":"","overlay-type":"","overlay-color":"","overlay-opacity":"","overlay-gradient":""}}},"product_brand":[],"product_cat":[992],"product_tag":[],"class_list":{"0":"post-8841","1":"product","2":"type-product","3":"status-publish","4":"has-post-thumbnail","6":"product_cat-skjonnhets-og-hygieneprodukter","7":"pa_ypjlr9to-1977","8":"pa_ypjlr9to-1978","9":"pa_ypjlr9to-1979","10":"pa_ypjlr9to-1980","11":"pa_ypjlr9to-1981","12":"pa_ypjlr9to-1982","13":"pa_ypjlr9to-1983","14":"pa_ypjlr9to-1984","15":"pa_ypjlr9to-1985","16":"pa_ypjlr9to-1986","17":"pa_ypjlr9to-1987","18":"pa_ypjlr9to-1988","19":"desktop-align-left","20":"tablet-align-left","21":"mobile-align-left","23":"first","24":"instock","25":"shipping-taxable","26":"purchasable","27":"product-type-variable"},"_links":{"self":[{"href":"https:\/\/keluvo.com\/no\/wp-json\/wp\/v2\/product\/8841","targetHints":{"allow":["GET"]}}],"collection":[{"href":"https:\/\/keluvo.com\/no\/wp-json\/wp\/v2\/product"}],"about":[{"href":"https:\/\/keluvo.com\/no\/wp-json\/wp\/v2\/types\/product"}],"replies":[{"embeddable":true,"href":"https:\/\/keluvo.com\/no\/wp-json\/wp\/v2\/comments?post=8841"}],"wp:featuredmedia":[{"embeddable":true,"href":"https:\/\/keluvo.com\/no\/wp-json\/wp\/v2\/media\/8837"}],"wp:attachment":[{"href":"https:\/\/keluvo.com\/no\/wp-json\/wp\/v2\/media?parent=8841"}],"wp:term":[{"taxonomy":"product_brand","embeddable":true,"href":"https:\/\/keluvo.com\/no\/wp-json\/wp\/v2\/product_brand?post=8841"},{"taxonomy":"product_cat","embeddable":true,"href":"https:\/\/keluvo.com\/no\/wp-json\/wp\/v2\/product_cat?post=8841"},{"taxonomy":"product_tag","embeddable":true,"href":"https:\/\/keluvo.com\/no\/wp-json\/wp\/v2\/product_tag?post=8841"}],"curies":[{"name":"wp","href":"https:\/\/api.w.org\/{rel}","templated":true}]}}