{"id":8826,"date":"2025-02-15T22:41:07","date_gmt":"2025-02-15T20:41:07","guid":{"rendered":"https:\/\/keluvo.com\/no\/produkt\/negletrimmer-for-babynegler\/"},"modified":"2025-03-15T13:12:36","modified_gmt":"2025-03-15T11:12:36","slug":"negletrimmer-for-babynegler","status":"publish","type":"product","link":"https:\/\/keluvo.com\/no\/produkt\/negletrimmer-for-babynegler\/","title":{"rendered":"Negletrimmer for babynegler"},"content":{"rendered":"<h2 style=\"text-align: center;\"><strong>Sk\u00e5nsom Og Trygg For Babyer<\/strong><\/h2>\n<p style=\"text-align: center;\">Den elektriske negletrimmeren for babyer er spesielt utviklet for \u00e5 trimme og polere \u00f8mfintlige negler p\u00e5 en trygg m\u00e5te. De myke slipehodene forhindrer kutt og skader, noe som gj\u00f8r den sk\u00e5nsom nok for nyf\u00f8dte og sm\u00e5barn. Du kan trygt bruke dette verkt\u00f8yet til \u00e5 vedlikeholde neglene til babyen din uten bekymringer.<\/p>\n<p><img decoding=\"async\" class=\"alignnone size-medium wp-image-4084 aligncenter\" src=\"https:\/\/keluvo.com\/template\/wp-content\/uploads\/sites\/5\/2024\/11\/Sb1b7b685e2a1434db32659c04657b4e8N.jpg\" alt=\"\" \/><\/p>\n<h2 style=\"text-align: center;\"><strong>Kompakt Og Enkel \u00c5 Bruke<\/strong><\/h2>\n<p style=\"text-align: center;\">Denne elektriske negletrimmeren for babyer er lett og ligger godt i h\u00e5nden for presis kontroll. Den drives med ett AA-batteri (ikke inkludert), noe som gj\u00f8r den enkel \u00e5 ta med seg. Den kompakte st\u00f8rrelsen gj\u00f8r den ideell for bruk hjemme eller p\u00e5 reise.<\/p>\n<p><img decoding=\"async\" class=\"alignnone size-medium wp-image-4082 aligncenter\" src=\"https:\/\/keluvo.com\/template\/wp-content\/uploads\/sites\/5\/2024\/11\/S6bd073f9520a4380a2ffea5050f09ba14.jpg\" alt=\"\" \/><\/p>\n","protected":false},"excerpt":{"rendered":"<p>Sk\u00e5nsom Og Trygg For Babyer Den elektriske negletrimmeren for babyer er spesielt utviklet for \u00e5 trimme og polere \u00f8mfintlige negler [&hellip;]<\/p>\n","protected":false},"featured_media":8822,"comment_status":"open","ping_status":"closed","template":"","meta":{"site-sidebar-layout":"default","site-content-layout":"","ast-site-content-layout":"default","site-content-style":"default","site-sidebar-style":"default","ast-global-header-display":"","ast-banner-title-visibility":"","ast-main-header-display":"","ast-hfb-above-header-display":"","ast-hfb-below-header-display":"","ast-hfb-mobile-header-display":"","site-post-title":"","ast-breadcrumbs-content":"","ast-featured-img":"","footer-sml-layout":"","theme-transparent-header-meta":"default","adv-header-id-meta":"","stick-header-meta":"","header-above-stick-meta":"","header-main-stick-meta":"","header-below-stick-meta":"","astra-migrate-meta-layouts":"set","ast-page-background-enabled":"default","ast-page-background-meta":{"desktop":{"background-color":"var(--ast-global-color-4)","background-image":"","background-repeat":"repeat","background-position":"center center","background-size":"auto","background-attachment":"scroll","background-type":"","background-media":"","overlay-type":"","overlay-color":"","overlay-opacity":"","overlay-gradient":""},"tablet":{"background-color":"","background-image":"","background-repeat":"repeat","background-position":"center center","background-size":"auto","background-attachment":"scroll","background-type":"","background-media":"","overlay-type":"","overlay-color":"","overlay-opacity":"","overlay-gradient":""},"mobile":{"background-color":"","background-image":"","background-repeat":"repeat","background-position":"center center","background-size":"auto","background-attachment":"scroll","background-type":"","background-media":"","overlay-type":"","overlay-color":"","overlay-opacity":"","overlay-gradient":""}},"ast-content-background-meta":{"desktop":{"background-color":"var(--ast-global-color-5)","background-image":"","background-repeat":"repeat","background-position":"center center","background-size":"auto","background-attachment":"scroll","background-type":"","background-media":"","overlay-type":"","overlay-color":"","overlay-opacity":"","overlay-gradient":""},"tablet":{"background-color":"var(--ast-global-color-5)","background-image":"","background-repeat":"repeat","background-position":"center center","background-size":"auto","background-attachment":"scroll","background-type":"","background-media":"","overlay-type":"","overlay-color":"","overlay-opacity":"","overlay-gradient":""},"mobile":{"background-color":"var(--ast-global-color-5)","background-image":"","background-repeat":"repeat","background-position":"center center","background-size":"auto","background-attachment":"scroll","background-type":"","background-media":"","overlay-type":"","overlay-color":"","overlay-opacity":"","overlay-gradient":""}}},"product_brand":[],"product_cat":[990],"product_tag":[],"class_list":{"0":"post-8826","1":"product","2":"type-product","3":"status-publish","4":"has-post-thumbnail","6":"product_cat-leker-barne-og-babyprodukter","7":"pa_z1u0kl9i-bla","8":"pa_z1u0kl9i-gul","9":"pa_z1u0kl9i-hvit","10":"pa_z1u0kl9i-oransje","11":"pa_z1u0kl9i-rosa","12":"desktop-align-left","13":"tablet-align-left","14":"mobile-align-left","16":"first","17":"instock","18":"shipping-taxable","19":"purchasable","20":"product-type-variable"},"_links":{"self":[{"href":"https:\/\/keluvo.com\/no\/wp-json\/wp\/v2\/product\/8826","targetHints":{"allow":["GET"]}}],"collection":[{"href":"https:\/\/keluvo.com\/no\/wp-json\/wp\/v2\/product"}],"about":[{"href":"https:\/\/keluvo.com\/no\/wp-json\/wp\/v2\/types\/product"}],"replies":[{"embeddable":true,"href":"https:\/\/keluvo.com\/no\/wp-json\/wp\/v2\/comments?post=8826"}],"wp:featuredmedia":[{"embeddable":true,"href":"https:\/\/keluvo.com\/no\/wp-json\/wp\/v2\/media\/8822"}],"wp:attachment":[{"href":"https:\/\/keluvo.com\/no\/wp-json\/wp\/v2\/media?parent=8826"}],"wp:term":[{"taxonomy":"product_brand","embeddable":true,"href":"https:\/\/keluvo.com\/no\/wp-json\/wp\/v2\/product_brand?post=8826"},{"taxonomy":"product_cat","embeddable":true,"href":"https:\/\/keluvo.com\/no\/wp-json\/wp\/v2\/product_cat?post=8826"},{"taxonomy":"product_tag","embeddable":true,"href":"https:\/\/keluvo.com\/no\/wp-json\/wp\/v2\/product_tag?post=8826"}],"curies":[{"name":"wp","href":"https:\/\/api.w.org\/{rel}","templated":true}]}}