{"id":8767,"date":"2025-02-14T20:14:06","date_gmt":"2025-02-14T18:14:06","guid":{"rendered":"https:\/\/keluvo.com\/no\/produkt\/baerbar-verktoyveske\/"},"modified":"2025-02-14T20:14:54","modified_gmt":"2025-02-14T18:14:54","slug":"baerbar-verktoyveske","status":"publish","type":"product","link":"https:\/\/keluvo.com\/no\/produkt\/baerbar-verktoyveske\/","title":{"rendered":"B\u00e6rbar verkt\u00f8yveske"},"content":{"rendered":"<h2 style=\"text-align: center\"><strong>Kompakt Og Lett \u00c5 B\u00e6re<\/strong><\/h2>\n<p style=\"text-align: center\">Den b\u00e6rbare verkt\u00f8yveskens sammenrullbare design gj\u00f8r den enkel \u00e5 oppbevare og b\u00e6re, slik at verkt\u00f8yene dine holdes kompakt organisert. Den lette vekten gj\u00f8r den enkel \u00e5 transportere, noe som gj\u00f8r den ideell for fagfolk som raskt m\u00e5 bevege seg fra en oppgave til den neste.<\/p>\n<p><img decoding=\"async\" class=\"alignnone size-medium wp-image-2468 aligncenter\" src=\"https:\/\/keluvo.com\/template\/wp-content\/uploads\/sites\/5\/2024\/11\/3434b6af-52f6-4c80-9421-cf3cd5d5ec32.webp\" alt=\"\" \/><\/p>\n<h2 style=\"text-align: center\"><strong>Tilpasningsdyktig For Ulike Verkt\u00f8y<\/strong><\/h2>\n<p style=\"text-align: center\">Denne b\u00e6rbare verkt\u00f8yvesken er allsidig nok til \u00e5 passe til verkt\u00f8y i alle former og st\u00f8rrelser. Den er perfekt for elektrikere, mekanikere og andre som bruker verkt\u00f8y generelt, og gir fleksibel oppbevaring slik at du har alt du trenger innen rekkevidde. Enten du er p\u00e5 byggeplassen eller hjemme, hjelper denne vesken deg med \u00e5 holde deg organisert og effektiv.<\/p>\n<p><img decoding=\"async\" class=\"alignnone size-medium wp-image-2461 aligncenter\" src=\"https:\/\/keluvo.com\/template\/wp-content\/uploads\/sites\/5\/2024\/11\/94b9f25c-7112-4b49-853d-5fbc3134ae78.webp\" alt=\"\" \/><\/p>\n","protected":false},"excerpt":{"rendered":"<p>Kompakt Og Lett \u00c5 B\u00e6re Den b\u00e6rbare verkt\u00f8yveskens sammenrullbare design gj\u00f8r den enkel \u00e5 oppbevare og b\u00e6re, slik at verkt\u00f8yene [&hellip;]<\/p>\n","protected":false},"featured_media":8763,"comment_status":"open","ping_status":"closed","template":"","meta":{"site-sidebar-layout":"default","site-content-layout":"","ast-site-content-layout":"default","site-content-style":"default","site-sidebar-style":"default","ast-global-header-display":"","ast-banner-title-visibility":"","ast-main-header-display":"","ast-hfb-above-header-display":"","ast-hfb-below-header-display":"","ast-hfb-mobile-header-display":"","site-post-title":"","ast-breadcrumbs-content":"","ast-featured-img":"","footer-sml-layout":"","theme-transparent-header-meta":"default","adv-header-id-meta":"","stick-header-meta":"","header-above-stick-meta":"","header-main-stick-meta":"","header-below-stick-meta":"","astra-migrate-meta-layouts":"set","ast-page-background-enabled":"default","ast-page-background-meta":{"desktop":{"background-color":"var(--ast-global-color-4)","background-image":"","background-repeat":"repeat","background-position":"center center","background-size":"auto","background-attachment":"scroll","background-type":"","background-media":"","overlay-type":"","overlay-color":"","overlay-opacity":"","overlay-gradient":""},"tablet":{"background-color":"","background-image":"","background-repeat":"repeat","background-position":"center center","background-size":"auto","background-attachment":"scroll","background-type":"","background-media":"","overlay-type":"","overlay-color":"","overlay-opacity":"","overlay-gradient":""},"mobile":{"background-color":"","background-image":"","background-repeat":"repeat","background-position":"center center","background-size":"auto","background-attachment":"scroll","background-type":"","background-media":"","overlay-type":"","overlay-color":"","overlay-opacity":"","overlay-gradient":""}},"ast-content-background-meta":{"desktop":{"background-color":"var(--ast-global-color-5)","background-image":"","background-repeat":"repeat","background-position":"center center","background-size":"auto","background-attachment":"scroll","background-type":"","background-media":"","overlay-type":"","overlay-color":"","overlay-opacity":"","overlay-gradient":""},"tablet":{"background-color":"var(--ast-global-color-5)","background-image":"","background-repeat":"repeat","background-position":"center center","background-size":"auto","background-attachment":"scroll","background-type":"","background-media":"","overlay-type":"","overlay-color":"","overlay-opacity":"","overlay-gradient":""},"mobile":{"background-color":"var(--ast-global-color-5)","background-image":"","background-repeat":"repeat","background-position":"center center","background-size":"auto","background-attachment":"scroll","background-type":"","background-media":"","overlay-type":"","overlay-color":"","overlay-opacity":"","overlay-gradient":""}}},"product_brand":[],"product_cat":[993],"product_tag":[],"class_list":{"0":"post-8767","1":"product","2":"type-product","3":"status-publish","4":"has-post-thumbnail","6":"product_cat-skotoy-tilbehor","7":"pa_9d22vxe3-gronn","8":"pa_9d22vxe3-khaki","9":"pa_9d22vxe3-svart","10":"desktop-align-left","11":"tablet-align-left","12":"mobile-align-left","14":"first","15":"instock","16":"shipping-taxable","17":"purchasable","18":"product-type-variable"},"_links":{"self":[{"href":"https:\/\/keluvo.com\/no\/wp-json\/wp\/v2\/product\/8767","targetHints":{"allow":["GET"]}}],"collection":[{"href":"https:\/\/keluvo.com\/no\/wp-json\/wp\/v2\/product"}],"about":[{"href":"https:\/\/keluvo.com\/no\/wp-json\/wp\/v2\/types\/product"}],"replies":[{"embeddable":true,"href":"https:\/\/keluvo.com\/no\/wp-json\/wp\/v2\/comments?post=8767"}],"wp:featuredmedia":[{"embeddable":true,"href":"https:\/\/keluvo.com\/no\/wp-json\/wp\/v2\/media\/8763"}],"wp:attachment":[{"href":"https:\/\/keluvo.com\/no\/wp-json\/wp\/v2\/media?parent=8767"}],"wp:term":[{"taxonomy":"product_brand","embeddable":true,"href":"https:\/\/keluvo.com\/no\/wp-json\/wp\/v2\/product_brand?post=8767"},{"taxonomy":"product_cat","embeddable":true,"href":"https:\/\/keluvo.com\/no\/wp-json\/wp\/v2\/product_cat?post=8767"},{"taxonomy":"product_tag","embeddable":true,"href":"https:\/\/keluvo.com\/no\/wp-json\/wp\/v2\/product_tag?post=8767"}],"curies":[{"name":"wp","href":"https:\/\/api.w.org\/{rel}","templated":true}]}}