{"id":8738,"date":"2025-02-14T20:10:48","date_gmt":"2025-02-14T18:10:48","guid":{"rendered":"https:\/\/keluvo.com\/no\/produkt\/led-pendellampe\/"},"modified":"2025-02-14T20:12:29","modified_gmt":"2025-02-14T18:12:29","slug":"led-pendellampe","status":"publish","type":"product","link":"https:\/\/keluvo.com\/no\/produkt\/led-pendellampe\/","title":{"rendered":"LED-pendellampe"},"content":{"rendered":"<h2 style=\"text-align: center\"><strong>Elegant Og Moderne Design<\/strong><\/h2>\n<p style=\"text-align: center\">LED-pendellampen gir et elegant og stilig preg til ethvert rom. Den minimalistiske og moderne designen utfyller spisestuer, kj\u00f8kken og barer, noe som gj\u00f8r den til et perfekt valg for b\u00e5de private hjem og kommersielle milj\u00f8er.<\/p>\n<p><img decoding=\"async\" class=\"alignnone size-medium wp-image-3788 aligncenter\" src=\"https:\/\/keluvo.com\/template\/wp-content\/uploads\/sites\/5\/2024\/11\/S0510e15d744e46b3af70b677aac8fdb9D.jpg\" alt=\"\" \/><\/p>\n<h2 style=\"text-align: center\"><strong>Lyssterk Og Energieffektiv Belysning<\/strong><\/h2>\n<p style=\"text-align: center\">Med avansert LED-teknologi gir denne pendellampen sterk belysning samtidig som den bruker mindre energi. LED-lampene har lang levetid, noe som reduserer behovet for hyppige utskiftninger og gir en kostnadseffektiv og milj\u00f8vennlig belysningsl\u00f8sning.<\/p>\n<p><img decoding=\"async\" class=\"alignnone size-medium wp-image-3789 aligncenter\" src=\"https:\/\/keluvo.com\/template\/wp-content\/uploads\/sites\/5\/2024\/11\/S2441325d8dbd4febb5d3ea79d6cd49d87.jpg\" alt=\"\" \/><\/p>\n<h2 style=\"text-align: center\"><strong>Allsidig Og Enkel \u00c5 Installere<\/strong><\/h2>\n<p style=\"text-align: center\">Den fleksible LED-pendellampen kan justeres for \u00e5 passe til ulike takh\u00f8yder og oppsett. Med enkel installasjon og holdbare materialer er den et p\u00e5litelig og praktisk belysningsalternativ for ethvert interi\u00f8r.<\/p>\n<p><img decoding=\"async\" class=\"alignnone size-medium wp-image-3783 aligncenter\" src=\"https:\/\/keluvo.com\/template\/wp-content\/uploads\/sites\/5\/2024\/11\/Sfa7d2acc18fe461296dfa937474b9ce3F.jpg\" alt=\"\" \/><\/p>\n","protected":false},"excerpt":{"rendered":"<p>Elegant Og Moderne Design LED-pendellampen gir et elegant og stilig preg til ethvert rom. Den minimalistiske og moderne designen utfyller [&hellip;]<\/p>\n","protected":false},"featured_media":8734,"comment_status":"open","ping_status":"closed","template":"","meta":{"site-sidebar-layout":"default","site-content-layout":"","ast-site-content-layout":"default","site-content-style":"default","site-sidebar-style":"default","ast-global-header-display":"","ast-banner-title-visibility":"","ast-main-header-display":"","ast-hfb-above-header-display":"","ast-hfb-below-header-display":"","ast-hfb-mobile-header-display":"","site-post-title":"","ast-breadcrumbs-content":"","ast-featured-img":"","footer-sml-layout":"","theme-transparent-header-meta":"default","adv-header-id-meta":"","stick-header-meta":"","header-above-stick-meta":"","header-main-stick-meta":"","header-below-stick-meta":"","astra-migrate-meta-layouts":"set","ast-page-background-enabled":"default","ast-page-background-meta":{"desktop":{"background-color":"var(--ast-global-color-4)","background-image":"","background-repeat":"repeat","background-position":"center center","background-size":"auto","background-attachment":"scroll","background-type":"","background-media":"","overlay-type":"","overlay-color":"","overlay-opacity":"","overlay-gradient":""},"tablet":{"background-color":"","background-image":"","background-repeat":"repeat","background-position":"center center","background-size":"auto","background-attachment":"scroll","background-type":"","background-media":"","overlay-type":"","overlay-color":"","overlay-opacity":"","overlay-gradient":""},"mobile":{"background-color":"","background-image":"","background-repeat":"repeat","background-position":"center center","background-size":"auto","background-attachment":"scroll","background-type":"","background-media":"","overlay-type":"","overlay-color":"","overlay-opacity":"","overlay-gradient":""}},"ast-content-background-meta":{"desktop":{"background-color":"var(--ast-global-color-5)","background-image":"","background-repeat":"repeat","background-position":"center center","background-size":"auto","background-attachment":"scroll","background-type":"","background-media":"","overlay-type":"","overlay-color":"","overlay-opacity":"","overlay-gradient":""},"tablet":{"background-color":"var(--ast-global-color-5)","background-image":"","background-repeat":"repeat","background-position":"center center","background-size":"auto","background-attachment":"scroll","background-type":"","background-media":"","overlay-type":"","overlay-color":"","overlay-opacity":"","overlay-gradient":""},"mobile":{"background-color":"var(--ast-global-color-5)","background-image":"","background-repeat":"repeat","background-position":"center center","background-size":"auto","background-attachment":"scroll","background-type":"","background-media":"","overlay-type":"","overlay-color":"","overlay-opacity":"","overlay-gradient":""}}},"product_brand":[],"product_cat":[1001],"product_tag":[],"class_list":{"0":"post-8738","1":"product","2":"type-product","3":"status-publish","4":"has-post-thumbnail","6":"product_cat-husholdningsartikler","7":"pa_djthk8ou-100-cm","8":"pa_djthk8ou-120-cm","9":"pa_djthk8ou-150-cm","10":"pa_djthk8ou-180-cm","11":"pa_djthk8ou-200-cm","12":"pa_q6c9em6k-gull","13":"pa_q6c9em6k-svart","14":"desktop-align-left","15":"tablet-align-left","16":"mobile-align-left","18":"first","19":"instock","20":"shipping-taxable","21":"purchasable","22":"product-type-variable"},"_links":{"self":[{"href":"https:\/\/keluvo.com\/no\/wp-json\/wp\/v2\/product\/8738","targetHints":{"allow":["GET"]}}],"collection":[{"href":"https:\/\/keluvo.com\/no\/wp-json\/wp\/v2\/product"}],"about":[{"href":"https:\/\/keluvo.com\/no\/wp-json\/wp\/v2\/types\/product"}],"replies":[{"embeddable":true,"href":"https:\/\/keluvo.com\/no\/wp-json\/wp\/v2\/comments?post=8738"}],"wp:featuredmedia":[{"embeddable":true,"href":"https:\/\/keluvo.com\/no\/wp-json\/wp\/v2\/media\/8734"}],"wp:attachment":[{"href":"https:\/\/keluvo.com\/no\/wp-json\/wp\/v2\/media?parent=8738"}],"wp:term":[{"taxonomy":"product_brand","embeddable":true,"href":"https:\/\/keluvo.com\/no\/wp-json\/wp\/v2\/product_brand?post=8738"},{"taxonomy":"product_cat","embeddable":true,"href":"https:\/\/keluvo.com\/no\/wp-json\/wp\/v2\/product_cat?post=8738"},{"taxonomy":"product_tag","embeddable":true,"href":"https:\/\/keluvo.com\/no\/wp-json\/wp\/v2\/product_tag?post=8738"}],"curies":[{"name":"wp","href":"https:\/\/api.w.org\/{rel}","templated":true}]}}