{"id":8725,"date":"2025-02-14T20:03:55","date_gmt":"2025-02-14T18:03:55","guid":{"rendered":"https:\/\/keluvo.com\/no\/produkt\/bilsetetrekk-for-kjaeledyr\/"},"modified":"2025-02-14T20:05:21","modified_gmt":"2025-02-14T18:05:21","slug":"bilsetetrekk-for-kjaeledyr","status":"publish","type":"product","link":"https:\/\/keluvo.com\/no\/produkt\/bilsetetrekk-for-kjaeledyr\/","title":{"rendered":"Bilsetetrekk for kj\u00e6ledyr"},"content":{"rendered":"<h2 style=\"text-align: center\"><strong>Slitesterkt Og Komfortabelt Design<\/strong><\/h2>\n<p style=\"text-align: center\">Bilsetetrekket for kj\u00e6ledyr er laget av 600D Oxford-stoff av h\u00f8y kvalitet, PP-bomull og forsterket f\u00f4r for optimal holdbarhet. Den harde bunnen s\u00f8rger for at kj\u00e6ledyret ditt har et stabilt og komfortabelt sted \u00e5 hvile under reisen. Den romslige st\u00f8rrelsen p\u00e5 133 * 160 cm passer til de fleste biler, noe som gir hunden din god plass.<\/p>\n<p><img decoding=\"async\" class=\"alignnone size-medium wp-image-4219 aligncenter\" src=\"https:\/\/keluvo.com\/template\/wp-content\/uploads\/sites\/5\/2024\/11\/S87557a62934b450685d77e083c17dd9ap.jpg_640x640.jpg_.png\" alt=\"\" \/><\/p>\n<h2 style=\"text-align: center\"><strong>Vanntett Og Ripebestandig<\/strong><\/h2>\n<p style=\"text-align: center\">Dette bilsetetrekket for kj\u00e6ledyr gir utmerket beskyttelse mot riper, s\u00f8l og smuss. Det vanntette designet gj\u00f8r det perfekt for \u00e5 holde bilen ren og t\u00f8rr, selv p\u00e5 regnv\u00e6rsdager eller under gj\u00f8rmete eventyr. Den h\u00f8ye slitestyrken sikrer langvarig bruk, noe som gj\u00f8r det ideelt for regelmessige turer med kj\u00e6ledyret ditt.<\/p>\n<p><img decoding=\"async\" class=\"alignnone size-medium wp-image-4224 aligncenter\" src=\"https:\/\/keluvo.com\/template\/wp-content\/uploads\/sites\/5\/2024\/11\/DC-PET-Dog-Car-Seat-Cover-Waterproof-Pet-Travel-Dog-Carrier-Hammock-Car-Rear-Back-Seat.jpg_.png\" alt=\"\" \/><\/p>\n<h2 style=\"text-align: center\"><strong>Trygt Og Sikkert For Kj\u00e6ledyr<\/strong><\/h2>\n<p style=\"text-align: center\">Bilsetetrekket for kj\u00e6ledyr har forsterkede sider og bunn for \u00e5 holde hunden trygg under reisen. Justerbare stropper gj\u00f8r det enkelt \u00e5 montere i alle biler og lastebiler, og det sammenleggbare designet gj\u00f8r det enkelt \u00e5 oppbevare n\u00e5r det ikke er i bruk. Med en vektkapasitet p\u00e5 opptil 170 kg (375 pund) s\u00f8rger det for at hunden din kan reise komfortabelt og sikkert.<\/p>\n<p><img decoding=\"async\" class=\"alignnone size-medium wp-image-4220 aligncenter\" src=\"https:\/\/keluvo.com\/template\/wp-content\/uploads\/sites\/5\/2024\/11\/Sc455f263e53a40819f1bdeabe227f97bf.jpg\" alt=\"\" \/><\/p>\n","protected":false},"excerpt":{"rendered":"<p>Slitesterkt Og Komfortabelt Design Bilsetetrekket for kj\u00e6ledyr er laget av 600D Oxford-stoff av h\u00f8y kvalitet, PP-bomull og forsterket f\u00f4r for [&hellip;]<\/p>\n","protected":false},"featured_media":8721,"comment_status":"open","ping_status":"closed","template":"","meta":{"site-sidebar-layout":"default","site-content-layout":"","ast-site-content-layout":"default","site-content-style":"default","site-sidebar-style":"default","ast-global-header-display":"","ast-banner-title-visibility":"","ast-main-header-display":"","ast-hfb-above-header-display":"","ast-hfb-below-header-display":"","ast-hfb-mobile-header-display":"","site-post-title":"","ast-breadcrumbs-content":"","ast-featured-img":"","footer-sml-layout":"","theme-transparent-header-meta":"default","adv-header-id-meta":"","stick-header-meta":"","header-above-stick-meta":"","header-main-stick-meta":"","header-below-stick-meta":"","astra-migrate-meta-layouts":"set","ast-page-background-enabled":"default","ast-page-background-meta":{"desktop":{"background-color":"var(--ast-global-color-4)","background-image":"","background-repeat":"repeat","background-position":"center center","background-size":"auto","background-attachment":"scroll","background-type":"","background-media":"","overlay-type":"","overlay-color":"","overlay-opacity":"","overlay-gradient":""},"tablet":{"background-color":"","background-image":"","background-repeat":"repeat","background-position":"center center","background-size":"auto","background-attachment":"scroll","background-type":"","background-media":"","overlay-type":"","overlay-color":"","overlay-opacity":"","overlay-gradient":""},"mobile":{"background-color":"","background-image":"","background-repeat":"repeat","background-position":"center center","background-size":"auto","background-attachment":"scroll","background-type":"","background-media":"","overlay-type":"","overlay-color":"","overlay-opacity":"","overlay-gradient":""}},"ast-content-background-meta":{"desktop":{"background-color":"var(--ast-global-color-5)","background-image":"","background-repeat":"repeat","background-position":"center center","background-size":"auto","background-attachment":"scroll","background-type":"","background-media":"","overlay-type":"","overlay-color":"","overlay-opacity":"","overlay-gradient":""},"tablet":{"background-color":"var(--ast-global-color-5)","background-image":"","background-repeat":"repeat","background-position":"center center","background-size":"auto","background-attachment":"scroll","background-type":"","background-media":"","overlay-type":"","overlay-color":"","overlay-opacity":"","overlay-gradient":""},"mobile":{"background-color":"var(--ast-global-color-5)","background-image":"","background-repeat":"repeat","background-position":"center center","background-size":"auto","background-attachment":"scroll","background-type":"","background-media":"","overlay-type":"","overlay-color":"","overlay-opacity":"","overlay-gradient":""}}},"product_brand":[],"product_cat":[997],"product_tag":[],"class_list":{"0":"post-8725","1":"product","2":"type-product","3":"status-publish","4":"has-post-thumbnail","6":"product_cat-husdyrprodukter","7":"pa_g38ehlde-solv","8":"pa_g38ehlde-svart","9":"desktop-align-left","10":"tablet-align-left","11":"mobile-align-left","13":"first","14":"instock","15":"shipping-taxable","16":"purchasable","17":"product-type-variable"},"_links":{"self":[{"href":"https:\/\/keluvo.com\/no\/wp-json\/wp\/v2\/product\/8725","targetHints":{"allow":["GET"]}}],"collection":[{"href":"https:\/\/keluvo.com\/no\/wp-json\/wp\/v2\/product"}],"about":[{"href":"https:\/\/keluvo.com\/no\/wp-json\/wp\/v2\/types\/product"}],"replies":[{"embeddable":true,"href":"https:\/\/keluvo.com\/no\/wp-json\/wp\/v2\/comments?post=8725"}],"wp:featuredmedia":[{"embeddable":true,"href":"https:\/\/keluvo.com\/no\/wp-json\/wp\/v2\/media\/8721"}],"wp:attachment":[{"href":"https:\/\/keluvo.com\/no\/wp-json\/wp\/v2\/media?parent=8725"}],"wp:term":[{"taxonomy":"product_brand","embeddable":true,"href":"https:\/\/keluvo.com\/no\/wp-json\/wp\/v2\/product_brand?post=8725"},{"taxonomy":"product_cat","embeddable":true,"href":"https:\/\/keluvo.com\/no\/wp-json\/wp\/v2\/product_cat?post=8725"},{"taxonomy":"product_tag","embeddable":true,"href":"https:\/\/keluvo.com\/no\/wp-json\/wp\/v2\/product_tag?post=8725"}],"curies":[{"name":"wp","href":"https:\/\/api.w.org\/{rel}","templated":true}]}}