{"id":8682,"date":"2025-02-13T21:35:05","date_gmt":"2025-02-13T19:35:05","guid":{"rendered":"https:\/\/keluvo.com\/no\/produkt\/solcellelys-til-hagen-1-stk\/"},"modified":"2025-02-13T21:36:23","modified_gmt":"2025-02-13T19:36:23","slug":"solcellelys-til-hagen-1-stk","status":"publish","type":"product","link":"https:\/\/keluvo.com\/no\/produkt\/solcellelys-til-hagen-1-stk\/","title":{"rendered":"Solcellelys til hagen (1 stk)"},"content":{"rendered":"<h2 style=\"text-align: center\"><strong>Automatisk Av\/P\u00e5-Funksjon<\/strong><\/h2>\n<p style=\"text-align: center\">Solcellelampen til hagen er designet for \u00e5 sl\u00e5 seg p\u00e5 automatisk om natten og av om dagen. Etter \u00e5 ha blitt utsatt for sollys i 6-8 timer, lades den helt opp og kan fungere i 8-10 timer. Denne praktiske funksjonen s\u00f8rger for at du ikke trenger \u00e5 bekymre deg for \u00e5 sl\u00e5 den av eller p\u00e5 manuelt.<\/p>\n<p><img decoding=\"async\" class=\"alignnone size-medium wp-image-3619 aligncenter\" src=\"https:\/\/keluvo.com\/template\/wp-content\/uploads\/sites\/5\/2024\/11\/Solar-LED-Cracked-Glass-Lamp-Outdoor-Garden-Lawn-Pluggable-Waterproof-Ice-Ball-Light-Step-Atmosphere-Decorative.jpg_.png\" alt=\"\" \/><\/p>\n<h2 style=\"text-align: center\"><strong>Slitesterk Og V\u00e6rbestandig<\/strong><\/h2>\n<p style=\"text-align: center\">Med sin slitesterke glass- og ABS-plastkonstruksjon er solcellelampen til hagen bygget for \u00e5 t\u00e5le ulike v\u00e6rforhold. Den er v\u00e6rbestandig og beskyttet av en IP65-klassifisering, noe som gj\u00f8r den perfekt for utend\u00f8rs bruk \u00e5ret rundt. Lyset vil fortsette \u00e5 skinne sterkt og skape en herlig atmosf\u00e6re i hagen din.<\/p>\n<p><img decoding=\"async\" class=\"alignnone size-medium wp-image-3616 aligncenter\" src=\"https:\/\/keluvo.com\/template\/wp-content\/uploads\/sites\/5\/2024\/11\/b8cf2ea0-6c74-4b2d-a1aa-e6a8bfc2236d.webp\" alt=\"\" \/><\/p>\n","protected":false},"excerpt":{"rendered":"<p>Automatisk Av\/P\u00e5-Funksjon Solcellelampen til hagen er designet for \u00e5 sl\u00e5 seg p\u00e5 automatisk om natten og av om dagen. Etter [&hellip;]<\/p>\n","protected":false},"featured_media":8678,"comment_status":"open","ping_status":"closed","template":"","meta":{"site-sidebar-layout":"default","site-content-layout":"","ast-site-content-layout":"default","site-content-style":"default","site-sidebar-style":"default","ast-global-header-display":"","ast-banner-title-visibility":"","ast-main-header-display":"","ast-hfb-above-header-display":"","ast-hfb-below-header-display":"","ast-hfb-mobile-header-display":"","site-post-title":"","ast-breadcrumbs-content":"","ast-featured-img":"","footer-sml-layout":"","theme-transparent-header-meta":"default","adv-header-id-meta":"","stick-header-meta":"","header-above-stick-meta":"","header-main-stick-meta":"","header-below-stick-meta":"","astra-migrate-meta-layouts":"set","ast-page-background-enabled":"default","ast-page-background-meta":{"desktop":{"background-color":"var(--ast-global-color-4)","background-image":"","background-repeat":"repeat","background-position":"center center","background-size":"auto","background-attachment":"scroll","background-type":"","background-media":"","overlay-type":"","overlay-color":"","overlay-opacity":"","overlay-gradient":""},"tablet":{"background-color":"","background-image":"","background-repeat":"repeat","background-position":"center center","background-size":"auto","background-attachment":"scroll","background-type":"","background-media":"","overlay-type":"","overlay-color":"","overlay-opacity":"","overlay-gradient":""},"mobile":{"background-color":"","background-image":"","background-repeat":"repeat","background-position":"center center","background-size":"auto","background-attachment":"scroll","background-type":"","background-media":"","overlay-type":"","overlay-color":"","overlay-opacity":"","overlay-gradient":""}},"ast-content-background-meta":{"desktop":{"background-color":"var(--ast-global-color-5)","background-image":"","background-repeat":"repeat","background-position":"center center","background-size":"auto","background-attachment":"scroll","background-type":"","background-media":"","overlay-type":"","overlay-color":"","overlay-opacity":"","overlay-gradient":""},"tablet":{"background-color":"var(--ast-global-color-5)","background-image":"","background-repeat":"repeat","background-position":"center center","background-size":"auto","background-attachment":"scroll","background-type":"","background-media":"","overlay-type":"","overlay-color":"","overlay-opacity":"","overlay-gradient":""},"mobile":{"background-color":"var(--ast-global-color-5)","background-image":"","background-repeat":"repeat","background-position":"center center","background-size":"auto","background-attachment":"scroll","background-type":"","background-media":"","overlay-type":"","overlay-color":"","overlay-opacity":"","overlay-gradient":""}}},"product_brand":[],"product_cat":[1001],"product_tag":[],"class_list":{"0":"post-8682","1":"product","2":"type-product","3":"status-publish","4":"has-post-thumbnail","6":"product_cat-husholdningsartikler","7":"pa_hwqjgvce-bla","8":"pa_hwqjgvce-gull","9":"pa_hwqjgvce-hvit","10":"desktop-align-left","11":"tablet-align-left","12":"mobile-align-left","14":"first","15":"instock","16":"shipping-taxable","17":"purchasable","18":"product-type-variable"},"_links":{"self":[{"href":"https:\/\/keluvo.com\/no\/wp-json\/wp\/v2\/product\/8682","targetHints":{"allow":["GET"]}}],"collection":[{"href":"https:\/\/keluvo.com\/no\/wp-json\/wp\/v2\/product"}],"about":[{"href":"https:\/\/keluvo.com\/no\/wp-json\/wp\/v2\/types\/product"}],"replies":[{"embeddable":true,"href":"https:\/\/keluvo.com\/no\/wp-json\/wp\/v2\/comments?post=8682"}],"wp:featuredmedia":[{"embeddable":true,"href":"https:\/\/keluvo.com\/no\/wp-json\/wp\/v2\/media\/8678"}],"wp:attachment":[{"href":"https:\/\/keluvo.com\/no\/wp-json\/wp\/v2\/media?parent=8682"}],"wp:term":[{"taxonomy":"product_brand","embeddable":true,"href":"https:\/\/keluvo.com\/no\/wp-json\/wp\/v2\/product_brand?post=8682"},{"taxonomy":"product_cat","embeddable":true,"href":"https:\/\/keluvo.com\/no\/wp-json\/wp\/v2\/product_cat?post=8682"},{"taxonomy":"product_tag","embeddable":true,"href":"https:\/\/keluvo.com\/no\/wp-json\/wp\/v2\/product_tag?post=8682"}],"curies":[{"name":"wp","href":"https:\/\/api.w.org\/{rel}","templated":true}]}}