{"id":8646,"date":"2025-02-13T21:11:29","date_gmt":"2025-02-13T19:11:29","guid":{"rendered":"https:\/\/keluvo.com\/no\/produkt\/solcellebank\/"},"modified":"2025-02-13T21:12:50","modified_gmt":"2025-02-13T19:12:50","slug":"solcellebank","status":"publish","type":"product","link":"https:\/\/keluvo.com\/no\/produkt\/solcellebank\/","title":{"rendered":"Solcellebank"},"content":{"rendered":"<h2 style=\"text-align: center\"><strong>Smart Og Sikker Lading<\/strong><\/h2>\n<p style=\"text-align: center\">Denne solcellebatteriet har avanserte sikkerhetsfunksjoner som beskytter mot overlading, overstr\u00f8m og kortslutning. Den er kompatibel med et bredt spekter av enheter og leverer effektiv lading med en konverteringsfrekvens p\u00e5 90 %. Du kan v\u00e6re trygg p\u00e5 at enhetene dine lades trygt og effektivt.<\/p>\n<p><img decoding=\"async\" class=\"alignnone size-medium wp-image-3958 aligncenter\" src=\"https:\/\/keluvo.com\/template\/wp-content\/uploads\/sites\/5\/2024\/11\/8f0a819e-a802-48ab-8b69-305c3d927805.webp\" alt=\"\" \/><\/p>\n<h2 style=\"text-align: center\"><strong>Slitesterk Og Klar For Utend\u00f8rsbruk<\/strong><\/h2>\n<p style=\"text-align: center\">Solcellebatteriet er konstruert for \u00e5 t\u00e5le utend\u00f8rsopplevelser, og er vanntett og designet for robust bruk. Den har innebygd lommelykt og kompass, noe som er uunnv\u00e6rlig p\u00e5 camping, fotturer og fisketurer. Den slitesterke konstruksjonen sikrer p\u00e5litelig ytelse selv i utfordrende omgivelser.<\/p>\n<p><img decoding=\"async\" class=\"alignnone size-medium wp-image-3961 aligncenter\" src=\"https:\/\/keluvo.com\/template\/wp-content\/uploads\/sites\/5\/2024\/11\/6749eaa1-831f-42fe-bc3c-5fbbaa6a7a30.webp\" alt=\"\" \/><\/p>\n","protected":false},"excerpt":{"rendered":"<p>Smart Og Sikker Lading Denne solcellebatteriet har avanserte sikkerhetsfunksjoner som beskytter mot overlading, overstr\u00f8m og kortslutning. Den er kompatibel med [&hellip;]<\/p>\n","protected":false},"featured_media":8642,"comment_status":"open","ping_status":"closed","template":"","meta":{"site-sidebar-layout":"default","site-content-layout":"","ast-site-content-layout":"default","site-content-style":"default","site-sidebar-style":"default","ast-global-header-display":"","ast-banner-title-visibility":"","ast-main-header-display":"","ast-hfb-above-header-display":"","ast-hfb-below-header-display":"","ast-hfb-mobile-header-display":"","site-post-title":"","ast-breadcrumbs-content":"","ast-featured-img":"","footer-sml-layout":"","theme-transparent-header-meta":"default","adv-header-id-meta":"","stick-header-meta":"","header-above-stick-meta":"","header-main-stick-meta":"","header-below-stick-meta":"","astra-migrate-meta-layouts":"set","ast-page-background-enabled":"default","ast-page-background-meta":{"desktop":{"background-color":"var(--ast-global-color-4)","background-image":"","background-repeat":"repeat","background-position":"center center","background-size":"auto","background-attachment":"scroll","background-type":"","background-media":"","overlay-type":"","overlay-color":"","overlay-opacity":"","overlay-gradient":""},"tablet":{"background-color":"","background-image":"","background-repeat":"repeat","background-position":"center center","background-size":"auto","background-attachment":"scroll","background-type":"","background-media":"","overlay-type":"","overlay-color":"","overlay-opacity":"","overlay-gradient":""},"mobile":{"background-color":"","background-image":"","background-repeat":"repeat","background-position":"center center","background-size":"auto","background-attachment":"scroll","background-type":"","background-media":"","overlay-type":"","overlay-color":"","overlay-opacity":"","overlay-gradient":""}},"ast-content-background-meta":{"desktop":{"background-color":"var(--ast-global-color-5)","background-image":"","background-repeat":"repeat","background-position":"center center","background-size":"auto","background-attachment":"scroll","background-type":"","background-media":"","overlay-type":"","overlay-color":"","overlay-opacity":"","overlay-gradient":""},"tablet":{"background-color":"var(--ast-global-color-5)","background-image":"","background-repeat":"repeat","background-position":"center center","background-size":"auto","background-attachment":"scroll","background-type":"","background-media":"","overlay-type":"","overlay-color":"","overlay-opacity":"","overlay-gradient":""},"mobile":{"background-color":"var(--ast-global-color-5)","background-image":"","background-repeat":"repeat","background-position":"center center","background-size":"auto","background-attachment":"scroll","background-type":"","background-media":"","overlay-type":"","overlay-color":"","overlay-opacity":"","overlay-gradient":""}}},"product_brand":[],"product_cat":[1000],"product_tag":[],"class_list":{"0":"post-8646","1":"product","2":"type-product","3":"status-publish","4":"has-post-thumbnail","6":"product_cat-tur-camping-og-fritidsutstyr","7":"pa_da0wc5qj-bla","8":"pa_da0wc5qj-gronn","9":"pa_da0wc5qj-oransje","10":"pa_da0wc5qj-svart","11":"desktop-align-left","12":"tablet-align-left","13":"mobile-align-left","15":"first","16":"instock","17":"shipping-taxable","18":"purchasable","19":"product-type-variable"},"_links":{"self":[{"href":"https:\/\/keluvo.com\/no\/wp-json\/wp\/v2\/product\/8646","targetHints":{"allow":["GET"]}}],"collection":[{"href":"https:\/\/keluvo.com\/no\/wp-json\/wp\/v2\/product"}],"about":[{"href":"https:\/\/keluvo.com\/no\/wp-json\/wp\/v2\/types\/product"}],"replies":[{"embeddable":true,"href":"https:\/\/keluvo.com\/no\/wp-json\/wp\/v2\/comments?post=8646"}],"wp:featuredmedia":[{"embeddable":true,"href":"https:\/\/keluvo.com\/no\/wp-json\/wp\/v2\/media\/8642"}],"wp:attachment":[{"href":"https:\/\/keluvo.com\/no\/wp-json\/wp\/v2\/media?parent=8646"}],"wp:term":[{"taxonomy":"product_brand","embeddable":true,"href":"https:\/\/keluvo.com\/no\/wp-json\/wp\/v2\/product_brand?post=8646"},{"taxonomy":"product_cat","embeddable":true,"href":"https:\/\/keluvo.com\/no\/wp-json\/wp\/v2\/product_cat?post=8646"},{"taxonomy":"product_tag","embeddable":true,"href":"https:\/\/keluvo.com\/no\/wp-json\/wp\/v2\/product_tag?post=8646"}],"curies":[{"name":"wp","href":"https:\/\/api.w.org\/{rel}","templated":true}]}}