{"id":8631,"date":"2025-02-13T20:42:26","date_gmt":"2025-02-13T18:42:26","guid":{"rendered":"https:\/\/keluvo.com\/no\/produkt\/lommebok-i-skinn\/"},"modified":"2025-02-13T20:43:30","modified_gmt":"2025-02-13T18:43:30","slug":"lommebok-i-skinn","status":"publish","type":"product","link":"https:\/\/keluvo.com\/no\/produkt\/lommebok-i-skinn\/","title":{"rendered":"Lommebok i skinn"},"content":{"rendered":"<h2 style=\"text-align: center\"><strong>Flere Rom<\/strong><\/h2>\n<p style=\"text-align: center\">Lommeboken i l\u00e6r har velorganiserte rom, inkludert kortspor, et notatrom og en fotoholder. Den kompakte designen gj\u00f8r den enkel \u00e5 b\u00e6re med seg, samtidig som du har orden p\u00e5 alt det viktigste.<\/p>\n<p><img decoding=\"async\" class=\"alignnone size-medium wp-image-3473 aligncenter\" src=\"https:\/\/keluvo.com\/template\/wp-content\/uploads\/sites\/5\/2024\/11\/5315c4af-9ce8-4842-8ee7-29e3c633439d.webp\" alt=\"\" \/><\/p>\n<h2 style=\"text-align: center\"><strong>Vanntett For Ekstra Beskyttelse<\/strong><\/h2>\n<p style=\"text-align: center\">Lommeboken i skinn er designet med et vannavst\u00f8tende ytre for \u00e5 beskytte det viktigste mot uventet s\u00f8l og lett regn. Den vanntette funksjonen bidrar til \u00e5 beskytte skinnets kvalitet og s\u00f8rger for at kortene og kontantene dine holder seg t\u00f8rre, noe som gir et ekstra lag med holdbarhet for daglig bruk.<\/p>\n<p><img decoding=\"async\" class=\"alignnone size-medium wp-image-3472 aligncenter\" src=\"https:\/\/keluvo.com\/template\/wp-content\/uploads\/sites\/5\/2024\/11\/121bcb2f-a38c-4e90-a0de-2d2556fe8faa.webp\" alt=\"\" \/><\/p>\n","protected":false},"excerpt":{"rendered":"<p>Flere Rom Lommeboken i l\u00e6r har velorganiserte rom, inkludert kortspor, et notatrom og en fotoholder. Den kompakte designen gj\u00f8r den [&hellip;]<\/p>\n","protected":false},"featured_media":8627,"comment_status":"open","ping_status":"closed","template":"","meta":{"site-sidebar-layout":"default","site-content-layout":"","ast-site-content-layout":"default","site-content-style":"default","site-sidebar-style":"default","ast-global-header-display":"","ast-banner-title-visibility":"","ast-main-header-display":"","ast-hfb-above-header-display":"","ast-hfb-below-header-display":"","ast-hfb-mobile-header-display":"","site-post-title":"","ast-breadcrumbs-content":"","ast-featured-img":"","footer-sml-layout":"","theme-transparent-header-meta":"default","adv-header-id-meta":"","stick-header-meta":"","header-above-stick-meta":"","header-main-stick-meta":"","header-below-stick-meta":"","astra-migrate-meta-layouts":"set","ast-page-background-enabled":"default","ast-page-background-meta":{"desktop":{"background-color":"var(--ast-global-color-4)","background-image":"","background-repeat":"repeat","background-position":"center center","background-size":"auto","background-attachment":"scroll","background-type":"","background-media":"","overlay-type":"","overlay-color":"","overlay-opacity":"","overlay-gradient":""},"tablet":{"background-color":"","background-image":"","background-repeat":"repeat","background-position":"center center","background-size":"auto","background-attachment":"scroll","background-type":"","background-media":"","overlay-type":"","overlay-color":"","overlay-opacity":"","overlay-gradient":""},"mobile":{"background-color":"","background-image":"","background-repeat":"repeat","background-position":"center center","background-size":"auto","background-attachment":"scroll","background-type":"","background-media":"","overlay-type":"","overlay-color":"","overlay-opacity":"","overlay-gradient":""}},"ast-content-background-meta":{"desktop":{"background-color":"var(--ast-global-color-5)","background-image":"","background-repeat":"repeat","background-position":"center center","background-size":"auto","background-attachment":"scroll","background-type":"","background-media":"","overlay-type":"","overlay-color":"","overlay-opacity":"","overlay-gradient":""},"tablet":{"background-color":"var(--ast-global-color-5)","background-image":"","background-repeat":"repeat","background-position":"center center","background-size":"auto","background-attachment":"scroll","background-type":"","background-media":"","overlay-type":"","overlay-color":"","overlay-opacity":"","overlay-gradient":""},"mobile":{"background-color":"var(--ast-global-color-5)","background-image":"","background-repeat":"repeat","background-position":"center center","background-size":"auto","background-attachment":"scroll","background-type":"","background-media":"","overlay-type":"","overlay-color":"","overlay-opacity":"","overlay-gradient":""}}},"product_brand":[],"product_cat":[993],"product_tag":[],"class_list":{"0":"post-8631","1":"product","2":"type-product","3":"status-publish","4":"has-post-thumbnail","6":"product_cat-skotoy-tilbehor","7":"pa_br1t4kns-kaffe","8":"pa_br1t4kns-khaki","9":"pa_br1t4kns-svart","10":"desktop-align-left","11":"tablet-align-left","12":"mobile-align-left","14":"first","15":"instock","16":"shipping-taxable","17":"purchasable","18":"product-type-variable"},"_links":{"self":[{"href":"https:\/\/keluvo.com\/no\/wp-json\/wp\/v2\/product\/8631","targetHints":{"allow":["GET"]}}],"collection":[{"href":"https:\/\/keluvo.com\/no\/wp-json\/wp\/v2\/product"}],"about":[{"href":"https:\/\/keluvo.com\/no\/wp-json\/wp\/v2\/types\/product"}],"replies":[{"embeddable":true,"href":"https:\/\/keluvo.com\/no\/wp-json\/wp\/v2\/comments?post=8631"}],"wp:featuredmedia":[{"embeddable":true,"href":"https:\/\/keluvo.com\/no\/wp-json\/wp\/v2\/media\/8627"}],"wp:attachment":[{"href":"https:\/\/keluvo.com\/no\/wp-json\/wp\/v2\/media?parent=8631"}],"wp:term":[{"taxonomy":"product_brand","embeddable":true,"href":"https:\/\/keluvo.com\/no\/wp-json\/wp\/v2\/product_brand?post=8631"},{"taxonomy":"product_cat","embeddable":true,"href":"https:\/\/keluvo.com\/no\/wp-json\/wp\/v2\/product_cat?post=8631"},{"taxonomy":"product_tag","embeddable":true,"href":"https:\/\/keluvo.com\/no\/wp-json\/wp\/v2\/product_tag?post=8631"}],"curies":[{"name":"wp","href":"https:\/\/api.w.org\/{rel}","templated":true}]}}