{"id":8580,"date":"2025-02-13T19:19:10","date_gmt":"2025-02-13T17:19:10","guid":{"rendered":"https:\/\/keluvo.com\/no\/produkt\/smartklokke\/"},"modified":"2025-02-13T19:20:39","modified_gmt":"2025-02-13T17:20:39","slug":"smartklokke","status":"publish","type":"product","link":"https:\/\/keluvo.com\/no\/produkt\/smartklokke\/","title":{"rendered":"Smartklokke"},"content":{"rendered":"<h2 style=\"text-align: center\"><strong>24-Timers Pulsm\u00e5ling<\/strong><\/h2>\n<p style=\"text-align: center\">Sanntids pulsm\u00e5ling i 24 timer etter oppsett, du vil bli varslet hvis pulsen din er unormal, for rask eller for langsom, eller hvis hjerterytmen din er uregelmessig<\/p>\n<h2 style=\"text-align: center\"><img decoding=\"async\" class=\"size-medium wp-image-2746 aligncenter\" src=\"https:\/\/keluvo.com\/template\/wp-content\/uploads\/sites\/5\/2024\/10\/5edab878-396e-4267-9e15-8ffaf4bef2b4.jpg\" alt=\"\" \/><\/h2>\n<h2><\/h2>\n<h2 style=\"text-align: center\"><strong>Funksjoner<\/strong><\/h2>\n<p style=\"text-align: center\">Bluetooth-samtaler + telefons\u00f8k + meldingsvarsling + tidsvisning + stoppeklokke + nedtellingstimer + alarminnstilling og s\u00e5 videre.<\/p>\n<h2 style=\"text-align: center\"><img decoding=\"async\" class=\"size-medium wp-image-2747 aligncenter\" src=\"https:\/\/keluvo.com\/template\/wp-content\/uploads\/sites\/5\/2024\/10\/e42467e03b573b822440a208b990e32a.jpeg\" alt=\"\" \/><br \/>\n<strong>Vanntett<\/strong><\/h2>\n<p style=\"text-align: center\">Klokken er IP67-vanntett, slik at du ikke trenger \u00e5 bekymre deg for \u00e5 komme i vannet under daglig bruk. Du kan nyte treningen uten \u00e5 bekymre deg for svette eller vannskader.<\/p>\n<h2 style=\"text-align: center\"><img decoding=\"async\" class=\"size-medium wp-image-2748 aligncenter\" src=\"https:\/\/keluvo.com\/template\/wp-content\/uploads\/sites\/5\/2024\/10\/2_d67219d5-dbf2-4806-955b-b4dcf047ae81_480x480.webp\" alt=\"\" \/><br \/>\n<strong>Bluetooth-Samtaler<\/strong><\/h2>\n<p style=\"text-align: center\">Gj\u00f8r det mulig \u00e5 besvare og ringe samtaler direkte p\u00e5 smartklokken via en Bluetooth-tilkobling. Du g\u00e5r aldri mer glipp av en viktig samtale eller melding under et m\u00f8te eller en trenings\u00f8kt.<\/p>\n<h2 style=\"text-align: center\"><img decoding=\"async\" class=\"size-medium wp-image-2750 aligncenter\" src=\"https:\/\/keluvo.com\/template\/wp-content\/uploads\/sites\/5\/2024\/10\/30-3_349d26e4-a0a4-484a-b51a-620bb14eaa20_480x480.webp\" alt=\"\" \/><br \/>\n<strong>Musikk P\u00e5 Farten<\/strong><\/h2>\n<p style=\"text-align: center\">Med et stort minne og en lagringskapasitet p\u00e5 mer enn 100 spor kan du nyte musikken din hvor som helst, selv uten mobiltelefon! Eller koble til telefonen via Bluetooth for ubegrenset musikklytting!<\/p>\n<h2 style=\"text-align: center\"><img decoding=\"async\" class=\"size-medium wp-image-2749 aligncenter\" src=\"https:\/\/keluvo.com\/template\/wp-content\/uploads\/sites\/5\/2024\/10\/30-1_b999ad9d-210d-475f-af63-61d27346586c_480x480.webp\" alt=\"\" \/><br \/>\n<strong>Pulsm\u00e5ling I Sanntid<\/strong><\/h2>\n<p style=\"text-align: center\">Overv\u00e5k enkelt din helse og kondisjon i sanntid. Eller bli varslet hvis noe unormalt oppdages.<\/p>\n<p><img decoding=\"async\" class=\"size-medium wp-image-2751 aligncenter\" src=\"https:\/\/keluvo.com\/template\/wp-content\/uploads\/sites\/5\/2024\/10\/18_7b91549d-5a86-44ac-a0e8-d4a21f59374a_480x480.webp\" alt=\"\" \/><\/p>\n<h2><\/h2>\n<h2 style=\"text-align: center\"><strong>Advarsel Om H\u00f8y Kroppstemperatur<\/strong><\/h2>\n<p style=\"text-align: center\">N\u00e5r kroppstemperaturen overstiger 37,2 C (36 \u2103 ~ 37 \u2103 er normalomr\u00e5det), vil klokken vibrere og minne deg p\u00e5 \u00e5 kj\u00f8le deg ned, drikke vann og ta vare p\u00e5 helsen din.<\/p>\n<p><img decoding=\"async\" class=\"size-medium wp-image-2752 aligncenter\" src=\"https:\/\/keluvo.com\/template\/wp-content\/uploads\/sites\/5\/2024\/10\/8_f68f9149-bb91-4402-a87e-ededda9b6b70_480x480.webp\" alt=\"\" \/><\/p>\n","protected":false},"excerpt":{"rendered":"<p>24-Timers Pulsm\u00e5ling Sanntids pulsm\u00e5ling i 24 timer etter oppsett, du vil bli varslet hvis pulsen din er unormal, for rask [&hellip;]<\/p>\n","protected":false},"featured_media":8576,"comment_status":"open","ping_status":"closed","template":"","meta":{"site-sidebar-layout":"default","site-content-layout":"","ast-site-content-layout":"default","site-content-style":"default","site-sidebar-style":"default","ast-global-header-display":"","ast-banner-title-visibility":"","ast-main-header-display":"","ast-hfb-above-header-display":"","ast-hfb-below-header-display":"","ast-hfb-mobile-header-display":"","site-post-title":"","ast-breadcrumbs-content":"","ast-featured-img":"","footer-sml-layout":"","theme-transparent-header-meta":"default","adv-header-id-meta":"","stick-header-meta":"","header-above-stick-meta":"","header-main-stick-meta":"","header-below-stick-meta":"","astra-migrate-meta-layouts":"set","ast-page-background-enabled":"default","ast-page-background-meta":{"desktop":{"background-color":"var(--ast-global-color-4)","background-image":"","background-repeat":"repeat","background-position":"center center","background-size":"auto","background-attachment":"scroll","background-type":"","background-media":"","overlay-type":"","overlay-color":"","overlay-opacity":"","overlay-gradient":""},"tablet":{"background-color":"","background-image":"","background-repeat":"repeat","background-position":"center center","background-size":"auto","background-attachment":"scroll","background-type":"","background-media":"","overlay-type":"","overlay-color":"","overlay-opacity":"","overlay-gradient":""},"mobile":{"background-color":"","background-image":"","background-repeat":"repeat","background-position":"center center","background-size":"auto","background-attachment":"scroll","background-type":"","background-media":"","overlay-type":"","overlay-color":"","overlay-opacity":"","overlay-gradient":""}},"ast-content-background-meta":{"desktop":{"background-color":"var(--ast-global-color-5)","background-image":"","background-repeat":"repeat","background-position":"center center","background-size":"auto","background-attachment":"scroll","background-type":"","background-media":"","overlay-type":"","overlay-color":"","overlay-opacity":"","overlay-gradient":""},"tablet":{"background-color":"var(--ast-global-color-5)","background-image":"","background-repeat":"repeat","background-position":"center center","background-size":"auto","background-attachment":"scroll","background-type":"","background-media":"","overlay-type":"","overlay-color":"","overlay-opacity":"","overlay-gradient":""},"mobile":{"background-color":"var(--ast-global-color-5)","background-image":"","background-repeat":"repeat","background-position":"center center","background-size":"auto","background-attachment":"scroll","background-type":"","background-media":"","overlay-type":"","overlay-color":"","overlay-opacity":"","overlay-gradient":""}}},"product_brand":[],"product_cat":[994,995,993],"product_tag":[],"class_list":{"0":"post-8580","1":"product","2":"type-product","3":"status-publish","4":"has-post-thumbnail","6":"product_cat-klaer-til-kvinner","7":"product_cat-klaer-til-menn","8":"product_cat-skotoy-tilbehor","9":"pa_d36jfcae-brunt-belte","10":"pa_d36jfcae-hvit","11":"pa_d36jfcae-solvstal","12":"pa_d36jfcae-svart","13":"pa_d36jfcae-svart-belte","14":"pa_d36jfcae-svart-stal","15":"desktop-align-left","16":"tablet-align-left","17":"mobile-align-left","19":"first","20":"instock","21":"shipping-taxable","22":"purchasable","23":"product-type-variable"},"_links":{"self":[{"href":"https:\/\/keluvo.com\/no\/wp-json\/wp\/v2\/product\/8580","targetHints":{"allow":["GET"]}}],"collection":[{"href":"https:\/\/keluvo.com\/no\/wp-json\/wp\/v2\/product"}],"about":[{"href":"https:\/\/keluvo.com\/no\/wp-json\/wp\/v2\/types\/product"}],"replies":[{"embeddable":true,"href":"https:\/\/keluvo.com\/no\/wp-json\/wp\/v2\/comments?post=8580"}],"wp:featuredmedia":[{"embeddable":true,"href":"https:\/\/keluvo.com\/no\/wp-json\/wp\/v2\/media\/8576"}],"wp:attachment":[{"href":"https:\/\/keluvo.com\/no\/wp-json\/wp\/v2\/media?parent=8580"}],"wp:term":[{"taxonomy":"product_brand","embeddable":true,"href":"https:\/\/keluvo.com\/no\/wp-json\/wp\/v2\/product_brand?post=8580"},{"taxonomy":"product_cat","embeddable":true,"href":"https:\/\/keluvo.com\/no\/wp-json\/wp\/v2\/product_cat?post=8580"},{"taxonomy":"product_tag","embeddable":true,"href":"https:\/\/keluvo.com\/no\/wp-json\/wp\/v2\/product_tag?post=8580"}],"curies":[{"name":"wp","href":"https:\/\/api.w.org\/{rel}","templated":true}]}}