{"id":8556,"date":"2025-02-13T09:55:48","date_gmt":"2025-02-13T07:55:48","guid":{"rendered":"https:\/\/keluvo.com\/no\/produkt\/selvlasende-hengsler\/"},"modified":"2025-03-15T13:06:54","modified_gmt":"2025-03-15T11:06:54","slug":"selvlasende-hengsler","status":"publish","type":"product","link":"https:\/\/keluvo.com\/no\/produkt\/selvlasende-hengsler\/","title":{"rendered":"Selvl\u00e5sende hengsler"},"content":{"rendered":"<h2 style=\"text-align: center;\"><strong>Sikker Selvl\u00e5sende Design<\/strong><\/h2>\n<p style=\"text-align: center;\">De selvl\u00e5sende hengslene har en fj\u00e6raktiverbar l\u00e5semekanisme for ekstra sikkerhet og stabilitet. De l\u00e5ses godt p\u00e5 plass n\u00e5r de er utfoldet, og kan enkelt foldes ned ved \u00e5 l\u00f8sne l\u00e5sen. Dette gj\u00f8r dem perfekte for bord, arbeidsbenker og andre sammenleggbare m\u00f8bler.<\/p>\n<p><img decoding=\"async\" class=\"alignnone size-medium wp-image-4608 aligncenter\" src=\"https:\/\/keluvo.com\/template\/wp-content\/uploads\/sites\/5\/2024\/12\/0e0df975-a829-4e92-8507-d85b10809958.webp\" alt=\"\" \/><\/p>\n<h2 style=\"text-align: center;\"><strong>Justerbare Og Allsidige<\/strong><\/h2>\n<p style=\"text-align: center;\">Med et rotasjonsomr\u00e5de p\u00e5 90 grader gj\u00f8r de selvl\u00e5sende hengslene det enkelt \u00e5 justere dem for ulike m\u00f8beltyper. De er ideelle for \u00e5 lage sammenleggbare bord, sovesofaer eller forlenge m\u00f8belben. Fleksibiliteten gj\u00f8r dem egnet for b\u00e5de hjemmebruk og industriell bruk.<\/p>\n<p><img decoding=\"async\" class=\"alignnone size-medium wp-image-4609 aligncenter\" src=\"https:\/\/keluvo.com\/template\/wp-content\/uploads\/sites\/5\/2024\/12\/1229ffa8-ef6b-499e-b00c-2df64d92a25b.webp\" alt=\"\" \/><\/p>\n","protected":false},"excerpt":{"rendered":"<p>Sikker Selvl\u00e5sende Design De selvl\u00e5sende hengslene har en fj\u00e6raktiverbar l\u00e5semekanisme for ekstra sikkerhet og stabilitet. De l\u00e5ses godt p\u00e5 plass [&hellip;]<\/p>\n","protected":false},"featured_media":8552,"comment_status":"open","ping_status":"closed","template":"","meta":{"site-sidebar-layout":"default","site-content-layout":"","ast-site-content-layout":"default","site-content-style":"default","site-sidebar-style":"default","ast-global-header-display":"","ast-banner-title-visibility":"","ast-main-header-display":"","ast-hfb-above-header-display":"","ast-hfb-below-header-display":"","ast-hfb-mobile-header-display":"","site-post-title":"","ast-breadcrumbs-content":"","ast-featured-img":"","footer-sml-layout":"","theme-transparent-header-meta":"default","adv-header-id-meta":"","stick-header-meta":"","header-above-stick-meta":"","header-main-stick-meta":"","header-below-stick-meta":"","astra-migrate-meta-layouts":"set","ast-page-background-enabled":"default","ast-page-background-meta":{"desktop":{"background-color":"var(--ast-global-color-4)","background-image":"","background-repeat":"repeat","background-position":"center center","background-size":"auto","background-attachment":"scroll","background-type":"","background-media":"","overlay-type":"","overlay-color":"","overlay-opacity":"","overlay-gradient":""},"tablet":{"background-color":"","background-image":"","background-repeat":"repeat","background-position":"center center","background-size":"auto","background-attachment":"scroll","background-type":"","background-media":"","overlay-type":"","overlay-color":"","overlay-opacity":"","overlay-gradient":""},"mobile":{"background-color":"","background-image":"","background-repeat":"repeat","background-position":"center center","background-size":"auto","background-attachment":"scroll","background-type":"","background-media":"","overlay-type":"","overlay-color":"","overlay-opacity":"","overlay-gradient":""}},"ast-content-background-meta":{"desktop":{"background-color":"var(--ast-global-color-5)","background-image":"","background-repeat":"repeat","background-position":"center center","background-size":"auto","background-attachment":"scroll","background-type":"","background-media":"","overlay-type":"","overlay-color":"","overlay-opacity":"","overlay-gradient":""},"tablet":{"background-color":"var(--ast-global-color-5)","background-image":"","background-repeat":"repeat","background-position":"center center","background-size":"auto","background-attachment":"scroll","background-type":"","background-media":"","overlay-type":"","overlay-color":"","overlay-opacity":"","overlay-gradient":""},"mobile":{"background-color":"var(--ast-global-color-5)","background-image":"","background-repeat":"repeat","background-position":"center center","background-size":"auto","background-attachment":"scroll","background-type":"","background-media":"","overlay-type":"","overlay-color":"","overlay-opacity":"","overlay-gradient":""}}},"product_brand":[],"product_cat":[1001],"product_tag":[],"class_list":{"0":"post-8556","1":"product","2":"type-product","3":"status-publish","4":"has-post-thumbnail","6":"product_cat-husholdningsartikler","7":"pa_h77hxa4z-gull","8":"pa_h77hxa4z-hvit","9":"pa_h77hxa4z-svart","10":"desktop-align-left","11":"tablet-align-left","12":"mobile-align-left","14":"first","15":"instock","16":"shipping-taxable","17":"purchasable","18":"product-type-variable"},"_links":{"self":[{"href":"https:\/\/keluvo.com\/no\/wp-json\/wp\/v2\/product\/8556","targetHints":{"allow":["GET"]}}],"collection":[{"href":"https:\/\/keluvo.com\/no\/wp-json\/wp\/v2\/product"}],"about":[{"href":"https:\/\/keluvo.com\/no\/wp-json\/wp\/v2\/types\/product"}],"replies":[{"embeddable":true,"href":"https:\/\/keluvo.com\/no\/wp-json\/wp\/v2\/comments?post=8556"}],"wp:featuredmedia":[{"embeddable":true,"href":"https:\/\/keluvo.com\/no\/wp-json\/wp\/v2\/media\/8552"}],"wp:attachment":[{"href":"https:\/\/keluvo.com\/no\/wp-json\/wp\/v2\/media?parent=8556"}],"wp:term":[{"taxonomy":"product_brand","embeddable":true,"href":"https:\/\/keluvo.com\/no\/wp-json\/wp\/v2\/product_brand?post=8556"},{"taxonomy":"product_cat","embeddable":true,"href":"https:\/\/keluvo.com\/no\/wp-json\/wp\/v2\/product_cat?post=8556"},{"taxonomy":"product_tag","embeddable":true,"href":"https:\/\/keluvo.com\/no\/wp-json\/wp\/v2\/product_tag?post=8556"}],"curies":[{"name":"wp","href":"https:\/\/api.w.org\/{rel}","templated":true}]}}