{"id":8547,"date":"2025-02-13T09:54:13","date_gmt":"2025-02-13T07:54:13","guid":{"rendered":"https:\/\/keluvo.com\/no\/produkt\/verktoy-for-skrueuttrekk\/"},"modified":"2025-02-13T09:54:25","modified_gmt":"2025-02-13T07:54:25","slug":"verktoy-for-skrueuttrekk","status":"publish","type":"product","link":"https:\/\/keluvo.com\/no\/produkt\/verktoy-for-skrueuttrekk\/","title":{"rendered":"Verkt\u00f8y for skrueuttrekk"},"content":{"rendered":"<h2 style=\"text-align: center\"><strong>H\u00f8ykvalitetsmateriale<\/strong><\/h2>\n<p style=\"text-align: center\">Skrueuttrekkerverkt\u00f8yet er laget av h\u00f8ykarbonst\u00e5l, noe som sikrer holdbarhet og styrke for t\u00f8ffe jobber. Det robuste materialet gir sterke kl\u00f8r, noe som gj\u00f8r det effektivt til \u00e5 fjerne skadde eller rustne skruer og bolter. Du kan stole p\u00e5 at dette verkt\u00f8yet enkelt kan h\u00e5ndtere selv de mest gjenstridige skruene.<\/p>\n<p><img decoding=\"async\" class=\"alignnone size-medium wp-image-2512 aligncenter\" src=\"https:\/\/keluvo.com\/template\/wp-content\/uploads\/sites\/5\/2024\/11\/2c4b4a5b-ccd3-4a00-9f45-f837ab8114fb.webp\" alt=\"\" \/><\/p>\n<h2 style=\"text-align: center\"><strong>Allsidige Fjerningsegenskaper<\/strong><\/h2>\n<p style=\"text-align: center\">Dette multifunksjonelle skruuttrekkerverkt\u00f8yet er ikke bare utviklet for skadede skruer, men er ogs\u00e5 egnet for fjerning av vanlige skruer. Det doble skruehodet gj\u00f8r det enda mer anvendelig, slik at du kan l\u00f8se ulike oppgaver i huset eller p\u00e5 verkstedet. Enten du har \u00e5 gj\u00f8re med skruer som har l\u00f8snet eller trenger \u00e5 rengj\u00f8re \u00f8delagte ledninger, har dette verkt\u00f8yet det du trenger.<\/p>\n<p><img decoding=\"async\" class=\"alignnone size-medium wp-image-2518 aligncenter\" src=\"https:\/\/keluvo.com\/template\/wp-content\/uploads\/sites\/5\/2024\/11\/Double-Head-Tap-Faucet-Valve-Screw-Extractor-Set-Damaged-Broken-Wire-Water-Pipe-Bolt-Remover-Plumbing.jpg_.png\" alt=\"\" \/><\/p>\n","protected":false},"excerpt":{"rendered":"<p>H\u00f8ykvalitetsmateriale Skrueuttrekkerverkt\u00f8yet er laget av h\u00f8ykarbonst\u00e5l, noe som sikrer holdbarhet og styrke for t\u00f8ffe jobber. Det robuste materialet gir sterke [&hellip;]<\/p>\n","protected":false},"featured_media":8543,"comment_status":"open","ping_status":"closed","template":"","meta":{"site-sidebar-layout":"default","site-content-layout":"","ast-site-content-layout":"default","site-content-style":"default","site-sidebar-style":"default","ast-global-header-display":"","ast-banner-title-visibility":"","ast-main-header-display":"","ast-hfb-above-header-display":"","ast-hfb-below-header-display":"","ast-hfb-mobile-header-display":"","site-post-title":"","ast-breadcrumbs-content":"","ast-featured-img":"","footer-sml-layout":"","theme-transparent-header-meta":"default","adv-header-id-meta":"","stick-header-meta":"","header-above-stick-meta":"","header-main-stick-meta":"","header-below-stick-meta":"","astra-migrate-meta-layouts":"set","ast-page-background-enabled":"default","ast-page-background-meta":{"desktop":{"background-color":"var(--ast-global-color-4)","background-image":"","background-repeat":"repeat","background-position":"center center","background-size":"auto","background-attachment":"scroll","background-type":"","background-media":"","overlay-type":"","overlay-color":"","overlay-opacity":"","overlay-gradient":""},"tablet":{"background-color":"","background-image":"","background-repeat":"repeat","background-position":"center center","background-size":"auto","background-attachment":"scroll","background-type":"","background-media":"","overlay-type":"","overlay-color":"","overlay-opacity":"","overlay-gradient":""},"mobile":{"background-color":"","background-image":"","background-repeat":"repeat","background-position":"center center","background-size":"auto","background-attachment":"scroll","background-type":"","background-media":"","overlay-type":"","overlay-color":"","overlay-opacity":"","overlay-gradient":""}},"ast-content-background-meta":{"desktop":{"background-color":"var(--ast-global-color-5)","background-image":"","background-repeat":"repeat","background-position":"center center","background-size":"auto","background-attachment":"scroll","background-type":"","background-media":"","overlay-type":"","overlay-color":"","overlay-opacity":"","overlay-gradient":""},"tablet":{"background-color":"var(--ast-global-color-5)","background-image":"","background-repeat":"repeat","background-position":"center center","background-size":"auto","background-attachment":"scroll","background-type":"","background-media":"","overlay-type":"","overlay-color":"","overlay-opacity":"","overlay-gradient":""},"mobile":{"background-color":"var(--ast-global-color-5)","background-image":"","background-repeat":"repeat","background-position":"center center","background-size":"auto","background-attachment":"scroll","background-type":"","background-media":"","overlay-type":"","overlay-color":"","overlay-opacity":"","overlay-gradient":""}}},"product_brand":[],"product_cat":[996],"product_tag":[],"class_list":{"0":"post-8547","1":"product","2":"type-product","3":"status-publish","4":"has-post-thumbnail","6":"product_cat-verktoy","7":"desktop-align-left","8":"tablet-align-left","9":"mobile-align-left","11":"first","12":"instock","13":"shipping-taxable","14":"purchasable","15":"product-type-simple"},"_links":{"self":[{"href":"https:\/\/keluvo.com\/no\/wp-json\/wp\/v2\/product\/8547","targetHints":{"allow":["GET"]}}],"collection":[{"href":"https:\/\/keluvo.com\/no\/wp-json\/wp\/v2\/product"}],"about":[{"href":"https:\/\/keluvo.com\/no\/wp-json\/wp\/v2\/types\/product"}],"replies":[{"embeddable":true,"href":"https:\/\/keluvo.com\/no\/wp-json\/wp\/v2\/comments?post=8547"}],"wp:featuredmedia":[{"embeddable":true,"href":"https:\/\/keluvo.com\/no\/wp-json\/wp\/v2\/media\/8543"}],"wp:attachment":[{"href":"https:\/\/keluvo.com\/no\/wp-json\/wp\/v2\/media?parent=8547"}],"wp:term":[{"taxonomy":"product_brand","embeddable":true,"href":"https:\/\/keluvo.com\/no\/wp-json\/wp\/v2\/product_brand?post=8547"},{"taxonomy":"product_cat","embeddable":true,"href":"https:\/\/keluvo.com\/no\/wp-json\/wp\/v2\/product_cat?post=8547"},{"taxonomy":"product_tag","embeddable":true,"href":"https:\/\/keluvo.com\/no\/wp-json\/wp\/v2\/product_tag?post=8547"}],"curies":[{"name":"wp","href":"https:\/\/api.w.org\/{rel}","templated":true}]}}