{"id":8538,"date":"2025-02-13T09:52:01","date_gmt":"2025-02-13T07:52:01","guid":{"rendered":"https:\/\/keluvo.com\/no\/produkt\/reflekterende-lisser\/"},"modified":"2025-02-13T09:52:11","modified_gmt":"2025-02-13T07:52:11","slug":"reflekterende-lisser","status":"publish","type":"product","link":"https:\/\/keluvo.com\/no\/produkt\/reflekterende-lisser\/","title":{"rendered":"Reflekterende lisser"},"content":{"rendered":"<h2 style=\"text-align: center\"><strong>Stilig Og Diskret Design<\/strong><\/h2>\n<p style=\"text-align: center\">Reflektive lisser er en subtil m\u00e5te \u00e5 tilf\u00f8re refleks til utstyret ditt p\u00e5. Med et n\u00f8ytralt fargem\u00f8nster passer disse lissene s\u00f8ml\u00f8st inn i de fleste antrekk, og gir en diskret, men funksjonell m\u00e5te \u00e5 holde seg synlig p\u00e5. Perfekt for deg som vil ha fordelene med refleks uten \u00e5 g\u00e5 p\u00e5 bekostning av stilen.<\/p>\n<p><img decoding=\"async\" class=\"alignnone size-medium wp-image-4364 aligncenter\" src=\"https:\/\/keluvo.com\/template\/wp-content\/uploads\/sites\/5\/2024\/11\/f3474b0e-da8c-415a-8654-6fe2307252bc.webp\" alt=\"\" \/><\/p>\n<h2 style=\"text-align: center\"><strong>Allsidig Og Enkel \u00c5 Feste<\/strong><\/h2>\n<p style=\"text-align: center\">De reflekterende sn\u00f8rene er enkle \u00e5 feste p\u00e5 ulike gjenstander som jakker, hatter, ryggsekker eller sko. Hver snor m\u00e5ler 25 cm og er festet med plastknotter i begge ender for enkel montering. Dette gj\u00f8r det til et praktisk tilbeh\u00f8r for et bredt spekter av utstyr.<\/p>\n<p><img decoding=\"async\" class=\"alignnone size-medium wp-image-4357 aligncenter\" src=\"https:\/\/keluvo.com\/template\/wp-content\/uploads\/sites\/5\/2024\/11\/b6b5db46-78a1-4678-bcf4-bd0d53084859.webp\" alt=\"\" \/><\/p>\n","protected":false},"excerpt":{"rendered":"<p>Stilig Og Diskret Design Reflektive lisser er en subtil m\u00e5te \u00e5 tilf\u00f8re refleks til utstyret ditt p\u00e5. Med et n\u00f8ytralt [&hellip;]<\/p>\n","protected":false},"featured_media":8534,"comment_status":"open","ping_status":"closed","template":"","meta":{"site-sidebar-layout":"default","site-content-layout":"","ast-site-content-layout":"default","site-content-style":"default","site-sidebar-style":"default","ast-global-header-display":"","ast-banner-title-visibility":"","ast-main-header-display":"","ast-hfb-above-header-display":"","ast-hfb-below-header-display":"","ast-hfb-mobile-header-display":"","site-post-title":"","ast-breadcrumbs-content":"","ast-featured-img":"","footer-sml-layout":"","theme-transparent-header-meta":"default","adv-header-id-meta":"","stick-header-meta":"","header-above-stick-meta":"","header-main-stick-meta":"","header-below-stick-meta":"","astra-migrate-meta-layouts":"set","ast-page-background-enabled":"default","ast-page-background-meta":{"desktop":{"background-color":"var(--ast-global-color-4)","background-image":"","background-repeat":"repeat","background-position":"center center","background-size":"auto","background-attachment":"scroll","background-type":"","background-media":"","overlay-type":"","overlay-color":"","overlay-opacity":"","overlay-gradient":""},"tablet":{"background-color":"","background-image":"","background-repeat":"repeat","background-position":"center center","background-size":"auto","background-attachment":"scroll","background-type":"","background-media":"","overlay-type":"","overlay-color":"","overlay-opacity":"","overlay-gradient":""},"mobile":{"background-color":"","background-image":"","background-repeat":"repeat","background-position":"center center","background-size":"auto","background-attachment":"scroll","background-type":"","background-media":"","overlay-type":"","overlay-color":"","overlay-opacity":"","overlay-gradient":""}},"ast-content-background-meta":{"desktop":{"background-color":"var(--ast-global-color-5)","background-image":"","background-repeat":"repeat","background-position":"center center","background-size":"auto","background-attachment":"scroll","background-type":"","background-media":"","overlay-type":"","overlay-color":"","overlay-opacity":"","overlay-gradient":""},"tablet":{"background-color":"var(--ast-global-color-5)","background-image":"","background-repeat":"repeat","background-position":"center center","background-size":"auto","background-attachment":"scroll","background-type":"","background-media":"","overlay-type":"","overlay-color":"","overlay-opacity":"","overlay-gradient":""},"mobile":{"background-color":"var(--ast-global-color-5)","background-image":"","background-repeat":"repeat","background-position":"center center","background-size":"auto","background-attachment":"scroll","background-type":"","background-media":"","overlay-type":"","overlay-color":"","overlay-opacity":"","overlay-gradient":""}}},"product_brand":[],"product_cat":[993],"product_tag":[],"class_list":{"0":"post-8538","1":"product","2":"type-product","3":"status-publish","4":"has-post-thumbnail","6":"product_cat-skotoy-tilbehor","7":"desktop-align-left","8":"tablet-align-left","9":"mobile-align-left","11":"first","12":"instock","13":"shipping-taxable","14":"purchasable","15":"product-type-simple"},"_links":{"self":[{"href":"https:\/\/keluvo.com\/no\/wp-json\/wp\/v2\/product\/8538","targetHints":{"allow":["GET"]}}],"collection":[{"href":"https:\/\/keluvo.com\/no\/wp-json\/wp\/v2\/product"}],"about":[{"href":"https:\/\/keluvo.com\/no\/wp-json\/wp\/v2\/types\/product"}],"replies":[{"embeddable":true,"href":"https:\/\/keluvo.com\/no\/wp-json\/wp\/v2\/comments?post=8538"}],"wp:featuredmedia":[{"embeddable":true,"href":"https:\/\/keluvo.com\/no\/wp-json\/wp\/v2\/media\/8534"}],"wp:attachment":[{"href":"https:\/\/keluvo.com\/no\/wp-json\/wp\/v2\/media?parent=8538"}],"wp:term":[{"taxonomy":"product_brand","embeddable":true,"href":"https:\/\/keluvo.com\/no\/wp-json\/wp\/v2\/product_brand?post=8538"},{"taxonomy":"product_cat","embeddable":true,"href":"https:\/\/keluvo.com\/no\/wp-json\/wp\/v2\/product_cat?post=8538"},{"taxonomy":"product_tag","embeddable":true,"href":"https:\/\/keluvo.com\/no\/wp-json\/wp\/v2\/product_tag?post=8538"}],"curies":[{"name":"wp","href":"https:\/\/api.w.org\/{rel}","templated":true}]}}