{"id":8501,"date":"2025-02-13T09:47:09","date_gmt":"2025-02-13T07:47:09","guid":{"rendered":"https:\/\/keluvo.com\/no\/produkt\/lue-med-led-lys\/"},"modified":"2025-02-13T09:47:52","modified_gmt":"2025-02-13T07:47:52","slug":"lue-med-led-lys","status":"publish","type":"product","link":"https:\/\/keluvo.com\/no\/produkt\/lue-med-led-lys\/","title":{"rendered":"Lue med LED-lys"},"content":{"rendered":"<h2 style=\"text-align: center\"><strong>H\u00e5ndfri Belysning<\/strong><\/h2>\n<p style=\"text-align: center\">LED-lyslua er utstyrt med sterke LED-lys som gir h\u00e5ndfri belysning for nattlige aktiviteter. Enten du er p\u00e5 fottur, fisketur eller campingtur, hjelper denne luen deg med \u00e5 se klart i d\u00e5rlig lys, slik at du har hendene frie til andre oppgaver.<\/p>\n<p><img decoding=\"async\" class=\"alignnone size-medium wp-image-3099 aligncenter\" src=\"https:\/\/keluvo.com\/template\/wp-content\/uploads\/sites\/5\/2024\/11\/Led-Light-Knitted-Hat-Warm-Elastic-Beanie-Autumn-Winter-Outdoor-Sports-Night-Hiking-Fishing-Camping-Glow.jpg_-1.png\" alt=\"\" \/><\/p>\n<h2 style=\"text-align: center\"><strong>Varm Og Komfortabel<\/strong><\/h2>\n<p style=\"text-align: center\">LED-lysluen er laget av mykt, varmt strikkemateriale og gir utmerket isolasjon i kaldt v\u00e6r. Den elastiske, t\u00f8yelige passformen s\u00f8rger for komfort og varme, noe som gj\u00f8r den ideell for utend\u00f8rsaktiviteter i h\u00f8st- og vintersesongen.<\/p>\n<p><img decoding=\"async\" class=\"alignnone size-medium wp-image-3108 aligncenter\" src=\"https:\/\/keluvo.com\/template\/wp-content\/uploads\/sites\/5\/2024\/11\/56e60564-8bc6-4294-8242-dc1d28c3868a.webp\" alt=\"\" \/><\/p>\n","protected":false},"excerpt":{"rendered":"<p>H\u00e5ndfri Belysning LED-lyslua er utstyrt med sterke LED-lys som gir h\u00e5ndfri belysning for nattlige aktiviteter. Enten du er p\u00e5 fottur, [&hellip;]<\/p>\n","protected":false},"featured_media":8497,"comment_status":"open","ping_status":"closed","template":"","meta":{"site-sidebar-layout":"default","site-content-layout":"","ast-site-content-layout":"default","site-content-style":"default","site-sidebar-style":"default","ast-global-header-display":"","ast-banner-title-visibility":"","ast-main-header-display":"","ast-hfb-above-header-display":"","ast-hfb-below-header-display":"","ast-hfb-mobile-header-display":"","site-post-title":"","ast-breadcrumbs-content":"","ast-featured-img":"","footer-sml-layout":"","theme-transparent-header-meta":"default","adv-header-id-meta":"","stick-header-meta":"","header-above-stick-meta":"","header-main-stick-meta":"","header-below-stick-meta":"","astra-migrate-meta-layouts":"set","ast-page-background-enabled":"default","ast-page-background-meta":{"desktop":{"background-color":"var(--ast-global-color-4)","background-image":"","background-repeat":"repeat","background-position":"center center","background-size":"auto","background-attachment":"scroll","background-type":"","background-media":"","overlay-type":"","overlay-color":"","overlay-opacity":"","overlay-gradient":""},"tablet":{"background-color":"","background-image":"","background-repeat":"repeat","background-position":"center center","background-size":"auto","background-attachment":"scroll","background-type":"","background-media":"","overlay-type":"","overlay-color":"","overlay-opacity":"","overlay-gradient":""},"mobile":{"background-color":"","background-image":"","background-repeat":"repeat","background-position":"center center","background-size":"auto","background-attachment":"scroll","background-type":"","background-media":"","overlay-type":"","overlay-color":"","overlay-opacity":"","overlay-gradient":""}},"ast-content-background-meta":{"desktop":{"background-color":"var(--ast-global-color-5)","background-image":"","background-repeat":"repeat","background-position":"center center","background-size":"auto","background-attachment":"scroll","background-type":"","background-media":"","overlay-type":"","overlay-color":"","overlay-opacity":"","overlay-gradient":""},"tablet":{"background-color":"var(--ast-global-color-5)","background-image":"","background-repeat":"repeat","background-position":"center center","background-size":"auto","background-attachment":"scroll","background-type":"","background-media":"","overlay-type":"","overlay-color":"","overlay-opacity":"","overlay-gradient":""},"mobile":{"background-color":"var(--ast-global-color-5)","background-image":"","background-repeat":"repeat","background-position":"center center","background-size":"auto","background-attachment":"scroll","background-type":"","background-media":"","overlay-type":"","overlay-color":"","overlay-opacity":"","overlay-gradient":""}}},"product_brand":[],"product_cat":[993,1000],"product_tag":[],"class_list":{"0":"post-8501","1":"product","2":"type-product","3":"status-publish","4":"has-post-thumbnail","6":"product_cat-skotoy-tilbehor","7":"product_cat-tur-camping-og-fritidsutstyr","8":"pa_ixuwub52-bla","9":"pa_ixuwub52-gra","10":"pa_ixuwub52-gul","11":"pa_ixuwub52-hvit","12":"pa_ixuwub52-lilla","13":"pa_ixuwub52-marinen","14":"pa_ixuwub52-oransje","15":"pa_ixuwub52-rod","16":"pa_ixuwub52-rosa","17":"pa_ixuwub52-svart","18":"desktop-align-left","19":"tablet-align-left","20":"mobile-align-left","22":"first","23":"instock","24":"shipping-taxable","25":"purchasable","26":"product-type-variable"},"_links":{"self":[{"href":"https:\/\/keluvo.com\/no\/wp-json\/wp\/v2\/product\/8501","targetHints":{"allow":["GET"]}}],"collection":[{"href":"https:\/\/keluvo.com\/no\/wp-json\/wp\/v2\/product"}],"about":[{"href":"https:\/\/keluvo.com\/no\/wp-json\/wp\/v2\/types\/product"}],"replies":[{"embeddable":true,"href":"https:\/\/keluvo.com\/no\/wp-json\/wp\/v2\/comments?post=8501"}],"wp:featuredmedia":[{"embeddable":true,"href":"https:\/\/keluvo.com\/no\/wp-json\/wp\/v2\/media\/8497"}],"wp:attachment":[{"href":"https:\/\/keluvo.com\/no\/wp-json\/wp\/v2\/media?parent=8501"}],"wp:term":[{"taxonomy":"product_brand","embeddable":true,"href":"https:\/\/keluvo.com\/no\/wp-json\/wp\/v2\/product_brand?post=8501"},{"taxonomy":"product_cat","embeddable":true,"href":"https:\/\/keluvo.com\/no\/wp-json\/wp\/v2\/product_cat?post=8501"},{"taxonomy":"product_tag","embeddable":true,"href":"https:\/\/keluvo.com\/no\/wp-json\/wp\/v2\/product_tag?post=8501"}],"curies":[{"name":"wp","href":"https:\/\/api.w.org\/{rel}","templated":true}]}}