{"id":8022,"date":"2025-01-21T15:20:13","date_gmt":"2025-01-21T13:20:13","guid":{"rendered":"https:\/\/keluvo.com\/no\/produkt\/mini-elektrisk-rettetang\/"},"modified":"2025-01-21T15:20:25","modified_gmt":"2025-01-21T13:20:25","slug":"mini-elektrisk-rettetang","status":"publish","type":"product","link":"https:\/\/keluvo.com\/no\/produkt\/mini-elektrisk-rettetang\/","title":{"rendered":"Mini elektrisk rettetang"},"content":{"rendered":"<h2 style=\"text-align: center\"><strong>Kompakt Og Reisevennlig Design<\/strong><\/h2>\n<p style=\"text-align: center\">Den elektriske minirettetangen er lett og liten, noe som gj\u00f8r den perfekt for reiser eller raske oppussinger p\u00e5 farten. Den b\u00e6rbare st\u00f8rrelsen p\u00e5 18,5 x 3,5 cm passer lett i enhver veske eller veske, slik at du kan holde h\u00e5ret ditt flott uansett hvor du er.<\/p>\n<p><img decoding=\"async\" class=\"alignnone size-medium wp-image-5097 aligncenter\" src=\"https:\/\/keluvo.com\/template\/wp-content\/uploads\/sites\/5\/2024\/12\/S5505648bf2754ebe8d98eb1cc2ffcc5eO.jpg_960x960q75.jpg_.jpeg\" alt=\"\" \/><\/p>\n<h2 style=\"text-align: center\"><strong>Dobbel Bruk For Glatting Og Kr\u00f8lling<\/strong><\/h2>\n<p style=\"text-align: center\">Dette allsidige verkt\u00f8yet fungerer b\u00e5de som rettetang og kr\u00f8ller, slik at du enkelt kan skape forskjellige stiler. De 16 vitenskapelig plasserte kamtennene s\u00f8rger for jevn varmefordeling, slik at h\u00e5ret ditt f\u00e5r en glatt, skinnende og fleksibel finish hver gang.<\/p>\n<p><img decoding=\"async\" class=\"alignnone size-medium wp-image-5085 aligncenter\" src=\"https:\/\/keluvo.com\/template\/wp-content\/uploads\/sites\/5\/2024\/12\/Sa11bb050a5f14dc8a1f93ef0870bb631t-1.jpeg\" alt=\"\" \/><\/p>\n","protected":false},"excerpt":{"rendered":"<p>Kompakt Og Reisevennlig Design Den elektriske minirettetangen er lett og liten, noe som gj\u00f8r den perfekt for reiser eller raske [&hellip;]<\/p>\n","protected":false},"featured_media":8018,"comment_status":"open","ping_status":"closed","template":"","meta":{"site-sidebar-layout":"default","site-content-layout":"","ast-site-content-layout":"default","site-content-style":"default","site-sidebar-style":"default","ast-global-header-display":"","ast-banner-title-visibility":"","ast-main-header-display":"","ast-hfb-above-header-display":"","ast-hfb-below-header-display":"","ast-hfb-mobile-header-display":"","site-post-title":"","ast-breadcrumbs-content":"","ast-featured-img":"","footer-sml-layout":"","theme-transparent-header-meta":"default","adv-header-id-meta":"","stick-header-meta":"","header-above-stick-meta":"","header-main-stick-meta":"","header-below-stick-meta":"","astra-migrate-meta-layouts":"set","ast-page-background-enabled":"default","ast-page-background-meta":{"desktop":{"background-color":"var(--ast-global-color-4)","background-image":"","background-repeat":"repeat","background-position":"center center","background-size":"auto","background-attachment":"scroll","background-type":"","background-media":"","overlay-type":"","overlay-color":"","overlay-opacity":"","overlay-gradient":""},"tablet":{"background-color":"","background-image":"","background-repeat":"repeat","background-position":"center center","background-size":"auto","background-attachment":"scroll","background-type":"","background-media":"","overlay-type":"","overlay-color":"","overlay-opacity":"","overlay-gradient":""},"mobile":{"background-color":"","background-image":"","background-repeat":"repeat","background-position":"center center","background-size":"auto","background-attachment":"scroll","background-type":"","background-media":"","overlay-type":"","overlay-color":"","overlay-opacity":"","overlay-gradient":""}},"ast-content-background-meta":{"desktop":{"background-color":"var(--ast-global-color-5)","background-image":"","background-repeat":"repeat","background-position":"center center","background-size":"auto","background-attachment":"scroll","background-type":"","background-media":"","overlay-type":"","overlay-color":"","overlay-opacity":"","overlay-gradient":""},"tablet":{"background-color":"var(--ast-global-color-5)","background-image":"","background-repeat":"repeat","background-position":"center center","background-size":"auto","background-attachment":"scroll","background-type":"","background-media":"","overlay-type":"","overlay-color":"","overlay-opacity":"","overlay-gradient":""},"mobile":{"background-color":"var(--ast-global-color-5)","background-image":"","background-repeat":"repeat","background-position":"center center","background-size":"auto","background-attachment":"scroll","background-type":"","background-media":"","overlay-type":"","overlay-color":"","overlay-opacity":"","overlay-gradient":""}}},"product_brand":[],"product_cat":[992],"product_tag":[],"class_list":{"0":"post-8022","1":"product","2":"type-product","3":"status-publish","4":"has-post-thumbnail","6":"product_cat-skjonnhets-og-hygieneprodukter","7":"pa_yue3qhh8-gronn","8":"pa_yue3qhh8-lilla","9":"pa_yue3qhh8-rosa","10":"desktop-align-left","11":"tablet-align-left","12":"mobile-align-left","14":"first","15":"instock","16":"shipping-taxable","17":"purchasable","18":"product-type-variable"},"_links":{"self":[{"href":"https:\/\/keluvo.com\/no\/wp-json\/wp\/v2\/product\/8022","targetHints":{"allow":["GET"]}}],"collection":[{"href":"https:\/\/keluvo.com\/no\/wp-json\/wp\/v2\/product"}],"about":[{"href":"https:\/\/keluvo.com\/no\/wp-json\/wp\/v2\/types\/product"}],"replies":[{"embeddable":true,"href":"https:\/\/keluvo.com\/no\/wp-json\/wp\/v2\/comments?post=8022"}],"wp:featuredmedia":[{"embeddable":true,"href":"https:\/\/keluvo.com\/no\/wp-json\/wp\/v2\/media\/8018"}],"wp:attachment":[{"href":"https:\/\/keluvo.com\/no\/wp-json\/wp\/v2\/media?parent=8022"}],"wp:term":[{"taxonomy":"product_brand","embeddable":true,"href":"https:\/\/keluvo.com\/no\/wp-json\/wp\/v2\/product_brand?post=8022"},{"taxonomy":"product_cat","embeddable":true,"href":"https:\/\/keluvo.com\/no\/wp-json\/wp\/v2\/product_cat?post=8022"},{"taxonomy":"product_tag","embeddable":true,"href":"https:\/\/keluvo.com\/no\/wp-json\/wp\/v2\/product_tag?post=8022"}],"curies":[{"name":"wp","href":"https:\/\/api.w.org\/{rel}","templated":true}]}}