{"id":7819,"date":"2025-01-13T14:47:34","date_gmt":"2025-01-13T12:47:34","guid":{"rendered":"https:\/\/keluvo.com\/no\/produkt\/figur-av-kunstharpiks\/"},"modified":"2025-01-13T14:47:34","modified_gmt":"2025-01-13T12:47:34","slug":"figur-av-kunstharpiks","status":"publish","type":"product","link":"https:\/\/keluvo.com\/no\/produkt\/figur-av-kunstharpiks\/","title":{"rendered":"Figur av kunstharpiks"},"content":{"rendered":"<h2 style=\"text-align: center\"><strong>Feirer N\u00e6re Relasjoner<\/strong><\/h2>\n<p style=\"text-align: center\">Den vakre harpiksfiguren representerer det kj\u00e6rlige b\u00e5ndet mellom s\u00f8stre, venner eller familie. Den er en hjertelig p\u00e5minnelse om de menneskene som gir styrke og glede i livene v\u00e5re. Del denne figuren som et symbol p\u00e5 samh\u00f8righet, latter og st\u00f8tte.<\/p>\n<p><img decoding=\"async\" class=\"alignnone size-medium wp-image-7595 aligncenter\" src=\"https:\/\/keluvo.com\/template\/wp-content\/uploads\/sites\/5\/2025\/01\/a76acdb2-fa6d-4988-8751-dee44c279d9d.webp\" alt=\"\" \/><\/p>\n<h2 style=\"text-align: center\"><strong>Slitesterk Og Langvarig<\/strong><\/h2>\n<p style=\"text-align: center\">Den er laget av harpiks av h\u00f8y kvalitet og er bygget for \u00e5 vare. Det slitesterke materialet motst\u00e5r falming, noe som sikrer at skulpturen forblir levende og frisk over tid. Denne tidl\u00f8se figuren kan holde dine kj\u00e6re minner i live i \u00e5revis.<\/p>\n<p><img decoding=\"async\" class=\"alignnone size-medium wp-image-7593 aligncenter\" src=\"https:\/\/keluvo.com\/template\/wp-content\/uploads\/sites\/5\/2025\/01\/9f1fc693-e050-4b68-93a6-3013ef1c09d4.webp\" alt=\"\" \/><\/p>\n","protected":false},"excerpt":{"rendered":"<p>Feirer N\u00e6re Relasjoner Den vakre harpiksfiguren representerer det kj\u00e6rlige b\u00e5ndet mellom s\u00f8stre, venner eller familie. Den er en hjertelig p\u00e5minnelse [&hellip;]<\/p>\n","protected":false},"featured_media":7815,"comment_status":"open","ping_status":"closed","template":"","meta":{"site-sidebar-layout":"default","site-content-layout":"","ast-site-content-layout":"default","site-content-style":"default","site-sidebar-style":"default","ast-global-header-display":"","ast-banner-title-visibility":"","ast-main-header-display":"","ast-hfb-above-header-display":"","ast-hfb-below-header-display":"","ast-hfb-mobile-header-display":"","site-post-title":"","ast-breadcrumbs-content":"","ast-featured-img":"","footer-sml-layout":"","theme-transparent-header-meta":"default","adv-header-id-meta":"","stick-header-meta":"","header-above-stick-meta":"","header-main-stick-meta":"","header-below-stick-meta":"","astra-migrate-meta-layouts":"set","ast-page-background-enabled":"default","ast-page-background-meta":{"desktop":{"background-color":"var(--ast-global-color-4)","background-image":"","background-repeat":"repeat","background-position":"center center","background-size":"auto","background-attachment":"scroll","background-type":"","background-media":"","overlay-type":"","overlay-color":"","overlay-opacity":"","overlay-gradient":""},"tablet":{"background-color":"","background-image":"","background-repeat":"repeat","background-position":"center center","background-size":"auto","background-attachment":"scroll","background-type":"","background-media":"","overlay-type":"","overlay-color":"","overlay-opacity":"","overlay-gradient":""},"mobile":{"background-color":"","background-image":"","background-repeat":"repeat","background-position":"center center","background-size":"auto","background-attachment":"scroll","background-type":"","background-media":"","overlay-type":"","overlay-color":"","overlay-opacity":"","overlay-gradient":""}},"ast-content-background-meta":{"desktop":{"background-color":"var(--ast-global-color-5)","background-image":"","background-repeat":"repeat","background-position":"center center","background-size":"auto","background-attachment":"scroll","background-type":"","background-media":"","overlay-type":"","overlay-color":"","overlay-opacity":"","overlay-gradient":""},"tablet":{"background-color":"var(--ast-global-color-5)","background-image":"","background-repeat":"repeat","background-position":"center center","background-size":"auto","background-attachment":"scroll","background-type":"","background-media":"","overlay-type":"","overlay-color":"","overlay-opacity":"","overlay-gradient":""},"mobile":{"background-color":"var(--ast-global-color-5)","background-image":"","background-repeat":"repeat","background-position":"center center","background-size":"auto","background-attachment":"scroll","background-type":"","background-media":"","overlay-type":"","overlay-color":"","overlay-opacity":"","overlay-gradient":""}}},"product_brand":[],"product_cat":[15],"product_tag":[],"class_list":{"0":"post-7819","1":"product","2":"type-product","3":"status-publish","4":"has-post-thumbnail","6":"product_cat-uncategorized","7":"desktop-align-left","8":"tablet-align-left","9":"mobile-align-left","11":"first","12":"instock","13":"shipping-taxable","14":"purchasable","15":"product-type-simple"},"_links":{"self":[{"href":"https:\/\/keluvo.com\/no\/wp-json\/wp\/v2\/product\/7819","targetHints":{"allow":["GET"]}}],"collection":[{"href":"https:\/\/keluvo.com\/no\/wp-json\/wp\/v2\/product"}],"about":[{"href":"https:\/\/keluvo.com\/no\/wp-json\/wp\/v2\/types\/product"}],"replies":[{"embeddable":true,"href":"https:\/\/keluvo.com\/no\/wp-json\/wp\/v2\/comments?post=7819"}],"wp:featuredmedia":[{"embeddable":true,"href":"https:\/\/keluvo.com\/no\/wp-json\/wp\/v2\/media\/7815"}],"wp:attachment":[{"href":"https:\/\/keluvo.com\/no\/wp-json\/wp\/v2\/media?parent=7819"}],"wp:term":[{"taxonomy":"product_brand","embeddable":true,"href":"https:\/\/keluvo.com\/no\/wp-json\/wp\/v2\/product_brand?post=7819"},{"taxonomy":"product_cat","embeddable":true,"href":"https:\/\/keluvo.com\/no\/wp-json\/wp\/v2\/product_cat?post=7819"},{"taxonomy":"product_tag","embeddable":true,"href":"https:\/\/keluvo.com\/no\/wp-json\/wp\/v2\/product_tag?post=7819"}],"curies":[{"name":"wp","href":"https:\/\/api.w.org\/{rel}","templated":true}]}}