{"id":7800,"date":"2025-01-13T14:10:10","date_gmt":"2025-01-13T12:10:10","guid":{"rendered":"https:\/\/keluvo.com\/no\/produkt\/roterende-rivjern-for-gronnsaker\/"},"modified":"2025-01-13T14:10:22","modified_gmt":"2025-01-13T12:10:22","slug":"roterende-rivjern-for-gronnsaker","status":"publish","type":"product","link":"https:\/\/keluvo.com\/no\/produkt\/roterende-rivjern-for-gronnsaker\/","title":{"rendered":"Roterende rivjern for gr\u00f8nnsaker"},"content":{"rendered":"<h2 style=\"text-align: center\"><strong>Trygt Og Enkelt \u00c5 Bruke<\/strong><\/h2>\n<p style=\"text-align: center\">Det roterende gr\u00f8nnsaksrivjernet holder hendene dine trygge uten kontakt mens du skj\u00e6rer eller rasper. Det er designet for rask og enkel bruk, selv om du ikke er s\u00e5 dyktig p\u00e5 kj\u00f8kkenet. Nyt jevnt oppsk\u00e5rne og perfekt revne gr\u00f8nnsaker eller frukt hver gang.<\/p>\n<p><img decoding=\"async\" class=\"alignnone size-medium wp-image-5204 aligncenter\" src=\"https:\/\/keluvo.com\/template\/wp-content\/uploads\/sites\/5\/2024\/12\/S6f5b3c59d08844f7bf0df40e9e27f1ebe.jpg_960x960q75.jpg_.webp\" alt=\"\" \/><\/p>\n<h2 style=\"text-align: center\"><strong>3 Blader For Allsidighet<\/strong><\/h2>\n<p style=\"text-align: center\">Dette roterende gr\u00f8nnsaksrevet leveres med tre utskiftbare trommelblader for oppskj\u00e6ring, fin riving og grov riving. Det er enkelt \u00e5 bytte mellom bladene for \u00e5 tilberede forskjellige matvarer som ost, poteter og gr\u00f8nnsaker. Det er det perfekte verkt\u00f8yet for alle dine matlagingsbehov.<\/p>\n<p><img decoding=\"async\" class=\"alignnone size-medium wp-image-5211 aligncenter\" src=\"https:\/\/keluvo.com\/template\/wp-content\/uploads\/sites\/5\/2024\/12\/S8bb3a736962f4a938f69c28bf1d746f73.webp\" alt=\"\" \/><\/p>\n","protected":false},"excerpt":{"rendered":"<p>Trygt Og Enkelt \u00c5 Bruke Det roterende gr\u00f8nnsaksrivjernet holder hendene dine trygge uten kontakt mens du skj\u00e6rer eller rasper. Det [&hellip;]<\/p>\n","protected":false},"featured_media":7796,"comment_status":"open","ping_status":"closed","template":"","meta":{"site-sidebar-layout":"default","site-content-layout":"","ast-site-content-layout":"default","site-content-style":"default","site-sidebar-style":"default","ast-global-header-display":"","ast-banner-title-visibility":"","ast-main-header-display":"","ast-hfb-above-header-display":"","ast-hfb-below-header-display":"","ast-hfb-mobile-header-display":"","site-post-title":"","ast-breadcrumbs-content":"","ast-featured-img":"","footer-sml-layout":"","theme-transparent-header-meta":"default","adv-header-id-meta":"","stick-header-meta":"","header-above-stick-meta":"","header-main-stick-meta":"","header-below-stick-meta":"","astra-migrate-meta-layouts":"set","ast-page-background-enabled":"default","ast-page-background-meta":{"desktop":{"background-color":"var(--ast-global-color-4)","background-image":"","background-repeat":"repeat","background-position":"center center","background-size":"auto","background-attachment":"scroll","background-type":"","background-media":"","overlay-type":"","overlay-color":"","overlay-opacity":"","overlay-gradient":""},"tablet":{"background-color":"","background-image":"","background-repeat":"repeat","background-position":"center center","background-size":"auto","background-attachment":"scroll","background-type":"","background-media":"","overlay-type":"","overlay-color":"","overlay-opacity":"","overlay-gradient":""},"mobile":{"background-color":"","background-image":"","background-repeat":"repeat","background-position":"center center","background-size":"auto","background-attachment":"scroll","background-type":"","background-media":"","overlay-type":"","overlay-color":"","overlay-opacity":"","overlay-gradient":""}},"ast-content-background-meta":{"desktop":{"background-color":"var(--ast-global-color-5)","background-image":"","background-repeat":"repeat","background-position":"center center","background-size":"auto","background-attachment":"scroll","background-type":"","background-media":"","overlay-type":"","overlay-color":"","overlay-opacity":"","overlay-gradient":""},"tablet":{"background-color":"var(--ast-global-color-5)","background-image":"","background-repeat":"repeat","background-position":"center center","background-size":"auto","background-attachment":"scroll","background-type":"","background-media":"","overlay-type":"","overlay-color":"","overlay-opacity":"","overlay-gradient":""},"mobile":{"background-color":"var(--ast-global-color-5)","background-image":"","background-repeat":"repeat","background-position":"center center","background-size":"auto","background-attachment":"scroll","background-type":"","background-media":"","overlay-type":"","overlay-color":"","overlay-opacity":"","overlay-gradient":""}}},"product_brand":[],"product_cat":[1001],"product_tag":[],"class_list":{"0":"post-7800","1":"product","2":"type-product","3":"status-publish","4":"has-post-thumbnail","6":"product_cat-husholdningsartikler","7":"pa_fz86cduj-bla","8":"pa_fz86cduj-gronn","9":"pa_fz86cduj-rod","10":"desktop-align-left","11":"tablet-align-left","12":"mobile-align-left","14":"first","15":"instock","16":"shipping-taxable","17":"purchasable","18":"product-type-variable"},"_links":{"self":[{"href":"https:\/\/keluvo.com\/no\/wp-json\/wp\/v2\/product\/7800","targetHints":{"allow":["GET"]}}],"collection":[{"href":"https:\/\/keluvo.com\/no\/wp-json\/wp\/v2\/product"}],"about":[{"href":"https:\/\/keluvo.com\/no\/wp-json\/wp\/v2\/types\/product"}],"replies":[{"embeddable":true,"href":"https:\/\/keluvo.com\/no\/wp-json\/wp\/v2\/comments?post=7800"}],"wp:featuredmedia":[{"embeddable":true,"href":"https:\/\/keluvo.com\/no\/wp-json\/wp\/v2\/media\/7796"}],"wp:attachment":[{"href":"https:\/\/keluvo.com\/no\/wp-json\/wp\/v2\/media?parent=7800"}],"wp:term":[{"taxonomy":"product_brand","embeddable":true,"href":"https:\/\/keluvo.com\/no\/wp-json\/wp\/v2\/product_brand?post=7800"},{"taxonomy":"product_cat","embeddable":true,"href":"https:\/\/keluvo.com\/no\/wp-json\/wp\/v2\/product_cat?post=7800"},{"taxonomy":"product_tag","embeddable":true,"href":"https:\/\/keluvo.com\/no\/wp-json\/wp\/v2\/product_tag?post=7800"}],"curies":[{"name":"wp","href":"https:\/\/api.w.org\/{rel}","templated":true}]}}