{"id":7791,"date":"2025-01-13T14:08:05","date_gmt":"2025-01-13T12:08:05","guid":{"rendered":"https:\/\/keluvo.com\/no\/produkt\/magnetisk-hjerteanheng\/"},"modified":"2025-01-13T14:08:13","modified_gmt":"2025-01-13T12:08:13","slug":"magnetisk-hjerteanheng","status":"publish","type":"product","link":"https:\/\/keluvo.com\/no\/produkt\/magnetisk-hjerteanheng\/","title":{"rendered":"Magnetisk hjerteanheng"},"content":{"rendered":"<h2 style=\"text-align: center\"><strong>Holdbar Konstruksjon<\/strong><\/h2>\n<p style=\"text-align: center\">Klesoppbevaringsorganisatoren er laget av slitesterk kobberlegering, noe som sikrer langvarig bruk. Materialet av h\u00f8y kvalitet garanterer eksepsjonell robusthet, mens det uts\u00f8kte h\u00e5ndverket tilf\u00f8rer eleganse og stil til garderobeorganisasjonen din.<\/p>\n<p><img decoding=\"async\" class=\"alignnone size-medium wp-image-5639 aligncenter\" src=\"https:\/\/keluvo.com\/template\/wp-content\/uploads\/sites\/5\/2024\/12\/S23fe836d4aad44ccbc0ce020db5546e38.jpeg\" alt=\"\" \/><\/p>\n<h2 style=\"text-align: center\"><strong>Design I Flere Lag<\/strong><\/h2>\n<p style=\"text-align: center\">Klesoppbevaringsorganisatoren har en slangebeinkjede i flere lag, og gir en unik touch til oppbevaringsl\u00f8sningen din. Den lagdelte designen \u00f8ker ikke bare lagringskapasiteten, men gir ogs\u00e5 skapet eller skuffen en sofistikert estetikk.<\/p>\n<p><img decoding=\"async\" class=\"alignnone size-medium wp-image-5638 aligncenter\" src=\"https:\/\/keluvo.com\/template\/wp-content\/uploads\/sites\/5\/2024\/12\/S27b9b9cb884c4b27a572a0d4f9919825E.jpeg\" alt=\"\" \/><\/p>\n","protected":false},"excerpt":{"rendered":"<p>Holdbar Konstruksjon Klesoppbevaringsorganisatoren er laget av slitesterk kobberlegering, noe som sikrer langvarig bruk. Materialet av h\u00f8y kvalitet garanterer eksepsjonell robusthet, [&hellip;]<\/p>\n","protected":false},"featured_media":7787,"comment_status":"open","ping_status":"closed","template":"","meta":{"site-sidebar-layout":"default","site-content-layout":"","ast-site-content-layout":"default","site-content-style":"default","site-sidebar-style":"default","ast-global-header-display":"","ast-banner-title-visibility":"","ast-main-header-display":"","ast-hfb-above-header-display":"","ast-hfb-below-header-display":"","ast-hfb-mobile-header-display":"","site-post-title":"","ast-breadcrumbs-content":"","ast-featured-img":"","footer-sml-layout":"","theme-transparent-header-meta":"default","adv-header-id-meta":"","stick-header-meta":"","header-above-stick-meta":"","header-main-stick-meta":"","header-below-stick-meta":"","astra-migrate-meta-layouts":"set","ast-page-background-enabled":"default","ast-page-background-meta":{"desktop":{"background-color":"var(--ast-global-color-4)","background-image":"","background-repeat":"repeat","background-position":"center center","background-size":"auto","background-attachment":"scroll","background-type":"","background-media":"","overlay-type":"","overlay-color":"","overlay-opacity":"","overlay-gradient":""},"tablet":{"background-color":"","background-image":"","background-repeat":"repeat","background-position":"center center","background-size":"auto","background-attachment":"scroll","background-type":"","background-media":"","overlay-type":"","overlay-color":"","overlay-opacity":"","overlay-gradient":""},"mobile":{"background-color":"","background-image":"","background-repeat":"repeat","background-position":"center center","background-size":"auto","background-attachment":"scroll","background-type":"","background-media":"","overlay-type":"","overlay-color":"","overlay-opacity":"","overlay-gradient":""}},"ast-content-background-meta":{"desktop":{"background-color":"var(--ast-global-color-5)","background-image":"","background-repeat":"repeat","background-position":"center center","background-size":"auto","background-attachment":"scroll","background-type":"","background-media":"","overlay-type":"","overlay-color":"","overlay-opacity":"","overlay-gradient":""},"tablet":{"background-color":"var(--ast-global-color-5)","background-image":"","background-repeat":"repeat","background-position":"center center","background-size":"auto","background-attachment":"scroll","background-type":"","background-media":"","overlay-type":"","overlay-color":"","overlay-opacity":"","overlay-gradient":""},"mobile":{"background-color":"var(--ast-global-color-5)","background-image":"","background-repeat":"repeat","background-position":"center center","background-size":"auto","background-attachment":"scroll","background-type":"","background-media":"","overlay-type":"","overlay-color":"","overlay-opacity":"","overlay-gradient":""}}},"product_brand":[],"product_cat":[993],"product_tag":[],"class_list":{"0":"post-7791","1":"product","2":"type-product","3":"status-publish","4":"has-post-thumbnail","6":"product_cat-skotoy-tilbehor","7":"pa_jiuykx5a-gull","8":"pa_jiuykx5a-solvfarget","9":"desktop-align-left","10":"tablet-align-left","11":"mobile-align-left","13":"first","14":"instock","15":"shipping-taxable","16":"purchasable","17":"product-type-variable"},"_links":{"self":[{"href":"https:\/\/keluvo.com\/no\/wp-json\/wp\/v2\/product\/7791","targetHints":{"allow":["GET"]}}],"collection":[{"href":"https:\/\/keluvo.com\/no\/wp-json\/wp\/v2\/product"}],"about":[{"href":"https:\/\/keluvo.com\/no\/wp-json\/wp\/v2\/types\/product"}],"replies":[{"embeddable":true,"href":"https:\/\/keluvo.com\/no\/wp-json\/wp\/v2\/comments?post=7791"}],"wp:featuredmedia":[{"embeddable":true,"href":"https:\/\/keluvo.com\/no\/wp-json\/wp\/v2\/media\/7787"}],"wp:attachment":[{"href":"https:\/\/keluvo.com\/no\/wp-json\/wp\/v2\/media?parent=7791"}],"wp:term":[{"taxonomy":"product_brand","embeddable":true,"href":"https:\/\/keluvo.com\/no\/wp-json\/wp\/v2\/product_brand?post=7791"},{"taxonomy":"product_cat","embeddable":true,"href":"https:\/\/keluvo.com\/no\/wp-json\/wp\/v2\/product_cat?post=7791"},{"taxonomy":"product_tag","embeddable":true,"href":"https:\/\/keluvo.com\/no\/wp-json\/wp\/v2\/product_tag?post=7791"}],"curies":[{"name":"wp","href":"https:\/\/api.w.org\/{rel}","templated":true}]}}