{"id":7783,"date":"2025-01-13T13:46:06","date_gmt":"2025-01-13T11:46:06","guid":{"rendered":"https:\/\/keluvo.com\/no\/produkt\/sett-med-eteriske-oljer\/"},"modified":"2025-01-13T13:46:07","modified_gmt":"2025-01-13T11:46:07","slug":"sett-med-eteriske-oljer","status":"publish","type":"product","link":"https:\/\/keluvo.com\/no\/produkt\/sett-med-eteriske-oljer\/","title":{"rendered":"Sett med eteriske oljer"},"content":{"rendered":"<h2 style=\"text-align: center\"><strong>Komplett Sett Med Eteriske Oljer<\/strong><\/h2>\n<p style=\"text-align: center\">Dette settet med eteriske oljer inneholder 35 n\u00f8ye utvalgte oljer, perfekt for en rekke bruksomr\u00e5der. Hver flaske har en unik duft, fra beroligende lavendel til forfriskende peppermynte. Et godt valg til aromaterapi, gj\u00f8r-det-selv-prosjekter eller som en omtenksom gave.<\/p>\n<p><img decoding=\"async\" class=\"alignnone size-medium wp-image-4978 aligncenter\" src=\"https:\/\/keluvo.com\/template\/wp-content\/uploads\/sites\/5\/2024\/12\/S6baa79a9b9a4405f9d2f7b20c438dc8dU.jpg_960x960q75.jpg_.jpeg\" alt=\"\" \/><\/p>\n<h2 style=\"text-align: center\"><strong>Perfekt Til Gj\u00f8r-Det-Selv-Prosjekter<\/strong><\/h2>\n<p style=\"text-align: center\">Lag dine egne stearinlys, badekuler eller parfymer med dette settet med eteriske oljer. Oljene kan brukes i diffusorer, luftfriskere og til og med i h\u00e5rpleierutiner. Du f\u00e5r uendelig mange muligheter til \u00e5 skape avslapping og friskhet i rommet ditt.<\/p>\n<p><img decoding=\"async\" class=\"alignnone size-medium wp-image-4983 aligncenter\" src=\"https:\/\/keluvo.com\/template\/wp-content\/uploads\/sites\/5\/2024\/12\/Seed75e58a0804fa0b7370665c838c46ct.jpg_960x960q75.jpg_-1.jpeg\" alt=\"\" \/><\/p>\n","protected":false},"excerpt":{"rendered":"<p>Komplett Sett Med Eteriske Oljer Dette settet med eteriske oljer inneholder 35 n\u00f8ye utvalgte oljer, perfekt for en rekke bruksomr\u00e5der. [&hellip;]<\/p>\n","protected":false},"featured_media":7779,"comment_status":"open","ping_status":"closed","template":"","meta":{"site-sidebar-layout":"default","site-content-layout":"","ast-site-content-layout":"default","site-content-style":"default","site-sidebar-style":"default","ast-global-header-display":"","ast-banner-title-visibility":"","ast-main-header-display":"","ast-hfb-above-header-display":"","ast-hfb-below-header-display":"","ast-hfb-mobile-header-display":"","site-post-title":"","ast-breadcrumbs-content":"","ast-featured-img":"","footer-sml-layout":"","theme-transparent-header-meta":"default","adv-header-id-meta":"","stick-header-meta":"","header-above-stick-meta":"","header-main-stick-meta":"","header-below-stick-meta":"","astra-migrate-meta-layouts":"set","ast-page-background-enabled":"default","ast-page-background-meta":{"desktop":{"background-color":"var(--ast-global-color-4)","background-image":"","background-repeat":"repeat","background-position":"center center","background-size":"auto","background-attachment":"scroll","background-type":"","background-media":"","overlay-type":"","overlay-color":"","overlay-opacity":"","overlay-gradient":""},"tablet":{"background-color":"","background-image":"","background-repeat":"repeat","background-position":"center center","background-size":"auto","background-attachment":"scroll","background-type":"","background-media":"","overlay-type":"","overlay-color":"","overlay-opacity":"","overlay-gradient":""},"mobile":{"background-color":"","background-image":"","background-repeat":"repeat","background-position":"center center","background-size":"auto","background-attachment":"scroll","background-type":"","background-media":"","overlay-type":"","overlay-color":"","overlay-opacity":"","overlay-gradient":""}},"ast-content-background-meta":{"desktop":{"background-color":"var(--ast-global-color-5)","background-image":"","background-repeat":"repeat","background-position":"center center","background-size":"auto","background-attachment":"scroll","background-type":"","background-media":"","overlay-type":"","overlay-color":"","overlay-opacity":"","overlay-gradient":""},"tablet":{"background-color":"var(--ast-global-color-5)","background-image":"","background-repeat":"repeat","background-position":"center center","background-size":"auto","background-attachment":"scroll","background-type":"","background-media":"","overlay-type":"","overlay-color":"","overlay-opacity":"","overlay-gradient":""},"mobile":{"background-color":"var(--ast-global-color-5)","background-image":"","background-repeat":"repeat","background-position":"center center","background-size":"auto","background-attachment":"scroll","background-type":"","background-media":"","overlay-type":"","overlay-color":"","overlay-opacity":"","overlay-gradient":""}}},"product_brand":[],"product_cat":[1001],"product_tag":[],"class_list":{"0":"post-7783","1":"product","2":"type-product","3":"status-publish","4":"has-post-thumbnail","6":"product_cat-husholdningsartikler","7":"desktop-align-left","8":"tablet-align-left","9":"mobile-align-left","11":"first","12":"instock","13":"shipping-taxable","14":"purchasable","15":"product-type-simple"},"_links":{"self":[{"href":"https:\/\/keluvo.com\/no\/wp-json\/wp\/v2\/product\/7783","targetHints":{"allow":["GET"]}}],"collection":[{"href":"https:\/\/keluvo.com\/no\/wp-json\/wp\/v2\/product"}],"about":[{"href":"https:\/\/keluvo.com\/no\/wp-json\/wp\/v2\/types\/product"}],"replies":[{"embeddable":true,"href":"https:\/\/keluvo.com\/no\/wp-json\/wp\/v2\/comments?post=7783"}],"wp:featuredmedia":[{"embeddable":true,"href":"https:\/\/keluvo.com\/no\/wp-json\/wp\/v2\/media\/7779"}],"wp:attachment":[{"href":"https:\/\/keluvo.com\/no\/wp-json\/wp\/v2\/media?parent=7783"}],"wp:term":[{"taxonomy":"product_brand","embeddable":true,"href":"https:\/\/keluvo.com\/no\/wp-json\/wp\/v2\/product_brand?post=7783"},{"taxonomy":"product_cat","embeddable":true,"href":"https:\/\/keluvo.com\/no\/wp-json\/wp\/v2\/product_cat?post=7783"},{"taxonomy":"product_tag","embeddable":true,"href":"https:\/\/keluvo.com\/no\/wp-json\/wp\/v2\/product_tag?post=7783"}],"curies":[{"name":"wp","href":"https:\/\/api.w.org\/{rel}","templated":true}]}}