{"id":7769,"date":"2025-01-13T13:42:37","date_gmt":"2025-01-13T11:42:37","guid":{"rendered":"https:\/\/keluvo.com\/no\/produkt\/organisator-for-klesoppbevaring\/"},"modified":"2025-01-13T13:42:57","modified_gmt":"2025-01-13T11:42:57","slug":"organisator-for-klesoppbevaring","status":"publish","type":"product","link":"https:\/\/keluvo.com\/no\/produkt\/organisator-for-klesoppbevaring\/","title":{"rendered":"Organisator for klesoppbevaring"},"content":{"rendered":"<div class=\"group\/conversation-turn relative flex w-full min-w-0 flex-col agent-turn\">\n<div class=\"flex-col gap-1 md:gap-3\">\n<div class=\"flex max-w-full flex-col flex-grow\">\n<div class=\"min-h-8 text-message flex w-full flex-col items-end gap-2 whitespace-normal break-words text-start [.text-message+&amp;]:mt-5\" dir=\"auto\" data-message-author-role=\"assistant\" data-message-id=\"922d6f2a-48a3-4289-9a7d-d85cd80f9488\" data-message-model-slug=\"gpt-4o-mini\">\n<div class=\"flex w-full flex-col gap-1 empty:hidden first:pt-[3px]\">\n<div class=\"markdown prose w-full break-words dark:prose-invert light\">\n<h2 style=\"text-align: center\"><strong>Effektiv Oppbevaringsl\u00f8sning<\/strong><\/h2>\n<p style=\"text-align: center\">Klesoppbevaringsorganisatoren er designet for \u00e5 holde garderoben din ryddig og ryddig. Den lar deg oppbevare kl\u00e6r, bukser, sokker og undert\u00f8y i separate seksjoner, noe som gj\u00f8r det enklere \u00e5 finne det du trenger og spare plass i skuffene eller skapet.<\/p>\n<p><img decoding=\"async\" class=\"alignnone size-medium wp-image-5621 aligncenter\" src=\"https:\/\/keluvo.com\/template\/wp-content\/uploads\/sites\/5\/2024\/12\/S58900d8e6f7746d088b43750836a1f13K.jpeg\" alt=\"\" \/><\/p>\n<h2 style=\"text-align: center\"><strong>Slitesterkt Nonwoven-Materiale<\/strong><\/h2>\n<p style=\"text-align: center\">Laget av nonwoven-stoff av h\u00f8y kvalitet, er klesoppbevaringsorganisatoren bygget for \u00e5 vare. Det robuste materialet s\u00f8rger for at den holder formen selv n\u00e5r den er fylt med kl\u00e6r, noe som gir langvarig holdbarhet for dine oppbevaringsbehov.<\/p>\n<p style=\"text-align: center\"><img decoding=\"async\" class=\"alignnone size-medium wp-image-5620\" src=\"https:\/\/keluvo.com\/template\/wp-content\/uploads\/sites\/5\/2024\/12\/Sb6721c3854194da9b5d847a99cbfc4717.jpg_960x960q75.jpg_.jpeg\" alt=\"\" \/><\/p>\n<\/div>\n<\/div>\n<\/div>\n<\/div>\n<\/div>\n<\/div>\n","protected":false},"excerpt":{"rendered":"<p>Effektiv Oppbevaringsl\u00f8sning Klesoppbevaringsorganisatoren er designet for \u00e5 holde garderoben din ryddig og ryddig. Den lar deg oppbevare kl\u00e6r, bukser, sokker [&hellip;]<\/p>\n","protected":false},"featured_media":7765,"comment_status":"open","ping_status":"closed","template":"","meta":{"site-sidebar-layout":"default","site-content-layout":"","ast-site-content-layout":"default","site-content-style":"default","site-sidebar-style":"default","ast-global-header-display":"","ast-banner-title-visibility":"","ast-main-header-display":"","ast-hfb-above-header-display":"","ast-hfb-below-header-display":"","ast-hfb-mobile-header-display":"","site-post-title":"","ast-breadcrumbs-content":"","ast-featured-img":"","footer-sml-layout":"","theme-transparent-header-meta":"default","adv-header-id-meta":"","stick-header-meta":"","header-above-stick-meta":"","header-main-stick-meta":"","header-below-stick-meta":"","astra-migrate-meta-layouts":"set","ast-page-background-enabled":"default","ast-page-background-meta":{"desktop":{"background-color":"var(--ast-global-color-4)","background-image":"","background-repeat":"repeat","background-position":"center center","background-size":"auto","background-attachment":"scroll","background-type":"","background-media":"","overlay-type":"","overlay-color":"","overlay-opacity":"","overlay-gradient":""},"tablet":{"background-color":"","background-image":"","background-repeat":"repeat","background-position":"center center","background-size":"auto","background-attachment":"scroll","background-type":"","background-media":"","overlay-type":"","overlay-color":"","overlay-opacity":"","overlay-gradient":""},"mobile":{"background-color":"","background-image":"","background-repeat":"repeat","background-position":"center center","background-size":"auto","background-attachment":"scroll","background-type":"","background-media":"","overlay-type":"","overlay-color":"","overlay-opacity":"","overlay-gradient":""}},"ast-content-background-meta":{"desktop":{"background-color":"var(--ast-global-color-5)","background-image":"","background-repeat":"repeat","background-position":"center center","background-size":"auto","background-attachment":"scroll","background-type":"","background-media":"","overlay-type":"","overlay-color":"","overlay-opacity":"","overlay-gradient":""},"tablet":{"background-color":"var(--ast-global-color-5)","background-image":"","background-repeat":"repeat","background-position":"center center","background-size":"auto","background-attachment":"scroll","background-type":"","background-media":"","overlay-type":"","overlay-color":"","overlay-opacity":"","overlay-gradient":""},"mobile":{"background-color":"var(--ast-global-color-5)","background-image":"","background-repeat":"repeat","background-position":"center center","background-size":"auto","background-attachment":"scroll","background-type":"","background-media":"","overlay-type":"","overlay-color":"","overlay-opacity":"","overlay-gradient":""}}},"product_brand":[],"product_cat":[1001],"product_tag":[],"class_list":{"0":"post-7769","1":"product","2":"type-product","3":"status-publish","4":"has-post-thumbnail","6":"product_cat-husholdningsartikler","7":"pa_f9qddzsf-beige","8":"pa_f9qddzsf-gary","9":"pa_f9qddzsf-gronn","10":"desktop-align-left","11":"tablet-align-left","12":"mobile-align-left","14":"first","15":"instock","16":"shipping-taxable","17":"purchasable","18":"product-type-variable"},"_links":{"self":[{"href":"https:\/\/keluvo.com\/no\/wp-json\/wp\/v2\/product\/7769","targetHints":{"allow":["GET"]}}],"collection":[{"href":"https:\/\/keluvo.com\/no\/wp-json\/wp\/v2\/product"}],"about":[{"href":"https:\/\/keluvo.com\/no\/wp-json\/wp\/v2\/types\/product"}],"replies":[{"embeddable":true,"href":"https:\/\/keluvo.com\/no\/wp-json\/wp\/v2\/comments?post=7769"}],"wp:featuredmedia":[{"embeddable":true,"href":"https:\/\/keluvo.com\/no\/wp-json\/wp\/v2\/media\/7765"}],"wp:attachment":[{"href":"https:\/\/keluvo.com\/no\/wp-json\/wp\/v2\/media?parent=7769"}],"wp:term":[{"taxonomy":"product_brand","embeddable":true,"href":"https:\/\/keluvo.com\/no\/wp-json\/wp\/v2\/product_brand?post=7769"},{"taxonomy":"product_cat","embeddable":true,"href":"https:\/\/keluvo.com\/no\/wp-json\/wp\/v2\/product_cat?post=7769"},{"taxonomy":"product_tag","embeddable":true,"href":"https:\/\/keluvo.com\/no\/wp-json\/wp\/v2\/product_tag?post=7769"}],"curies":[{"name":"wp","href":"https:\/\/api.w.org\/{rel}","templated":true}]}}