{"id":7749,"date":"2025-01-13T13:38:52","date_gmt":"2025-01-13T11:38:52","guid":{"rendered":"https:\/\/keluvo.com\/no\/produkt\/girkassedeksel-med-hettegenser\/"},"modified":"2025-01-13T13:39:20","modified_gmt":"2025-01-13T11:39:20","slug":"girkassedeksel-med-hettegenser","status":"publish","type":"product","link":"https:\/\/keluvo.com\/no\/produkt\/girkassedeksel-med-hettegenser\/","title":{"rendered":"Girkassedeksel med hettegenser"},"content":{"rendered":"<h2 style=\"text-align: center\"><strong>Stilig Design For Bilen Din<\/strong><\/h2>\n<p style=\"text-align: center\">Girskiftedekselet med hettegenser gir bilens interi\u00f8r en morsom og moteriktig touch. Det er laget av ekte hettegenserstoff og gir girspaken din en unik stil. Dette dekorative dekselet er perfekt for alle som \u00f8nsker \u00e5 gj\u00f8re bilinteri\u00f8ret mer personlig og trendy.<\/p>\n<p><img decoding=\"async\" class=\"size-medium wp-image-5815 aligncenter\" src=\"https:\/\/keluvo.com\/template\/wp-content\/uploads\/sites\/5\/2024\/12\/Sd17a54034f934c64a1f2a2e30bc9327f9.jpg_960x960q75.jpg_.jpeg\" alt=\"\" \/><\/p>\n<h2 style=\"text-align: center\"><strong>Komfortabelt For Alle \u00c5rstider<\/strong><\/h2>\n<p style=\"text-align: center\">Dette hoodie-girskiftdekselet er ikke bare stilig, men ogs\u00e5 praktisk. Det holder hendene varme om vinteren og beskytter girspaken mot varmen om sommeren. Det er et allsidig tilbeh\u00f8r som passer for b\u00e5de varmt og kaldt v\u00e6r.<\/p>\n<p><img decoding=\"async\" class=\"alignnone size-medium wp-image-5812 aligncenter\" src=\"https:\/\/keluvo.com\/template\/wp-content\/uploads\/sites\/5\/2024\/12\/Sc7f6690d84994aacb38acb1e30cddb6ez.jpeg\" alt=\"\" \/><\/p>\n<p><img decoding=\"async\" class=\"alignnone size-medium wp-image-5812 aligncenter\" src=\"https:\/\/keluvo.com\/template\/wp-content\/uploads\/sites\/5\/2024\/12\/Sc7f6690d84994aacb38acb1e30cddb6ezjpeg\" alt=\"\" \/><\/p>\n","protected":false},"excerpt":{"rendered":"<p>Stilig Design For Bilen Din Girskiftedekselet med hettegenser gir bilens interi\u00f8r en morsom og moteriktig touch. Det er laget av [&hellip;]<\/p>\n","protected":false},"featured_media":7745,"comment_status":"open","ping_status":"closed","template":"","meta":{"site-sidebar-layout":"default","site-content-layout":"","ast-site-content-layout":"default","site-content-style":"default","site-sidebar-style":"default","ast-global-header-display":"","ast-banner-title-visibility":"","ast-main-header-display":"","ast-hfb-above-header-display":"","ast-hfb-below-header-display":"","ast-hfb-mobile-header-display":"","site-post-title":"","ast-breadcrumbs-content":"","ast-featured-img":"","footer-sml-layout":"","theme-transparent-header-meta":"default","adv-header-id-meta":"","stick-header-meta":"","header-above-stick-meta":"","header-main-stick-meta":"","header-below-stick-meta":"","astra-migrate-meta-layouts":"set","ast-page-background-enabled":"default","ast-page-background-meta":{"desktop":{"background-color":"var(--ast-global-color-4)","background-image":"","background-repeat":"repeat","background-position":"center center","background-size":"auto","background-attachment":"scroll","background-type":"","background-media":"","overlay-type":"","overlay-color":"","overlay-opacity":"","overlay-gradient":""},"tablet":{"background-color":"","background-image":"","background-repeat":"repeat","background-position":"center center","background-size":"auto","background-attachment":"scroll","background-type":"","background-media":"","overlay-type":"","overlay-color":"","overlay-opacity":"","overlay-gradient":""},"mobile":{"background-color":"","background-image":"","background-repeat":"repeat","background-position":"center center","background-size":"auto","background-attachment":"scroll","background-type":"","background-media":"","overlay-type":"","overlay-color":"","overlay-opacity":"","overlay-gradient":""}},"ast-content-background-meta":{"desktop":{"background-color":"var(--ast-global-color-5)","background-image":"","background-repeat":"repeat","background-position":"center center","background-size":"auto","background-attachment":"scroll","background-type":"","background-media":"","overlay-type":"","overlay-color":"","overlay-opacity":"","overlay-gradient":""},"tablet":{"background-color":"var(--ast-global-color-5)","background-image":"","background-repeat":"repeat","background-position":"center center","background-size":"auto","background-attachment":"scroll","background-type":"","background-media":"","overlay-type":"","overlay-color":"","overlay-opacity":"","overlay-gradient":""},"mobile":{"background-color":"var(--ast-global-color-5)","background-image":"","background-repeat":"repeat","background-position":"center center","background-size":"auto","background-attachment":"scroll","background-type":"","background-media":"","overlay-type":"","overlay-color":"","overlay-opacity":"","overlay-gradient":""}}},"product_brand":[],"product_cat":[998],"product_tag":[],"class_list":{"0":"post-7749","1":"product","2":"type-product","3":"status-publish","4":"has-post-thumbnail","6":"product_cat-bilprodukter","7":"pa_r0946u2y-bla","8":"pa_r0946u2y-hvit","9":"pa_r0946u2y-oransje","10":"pa_r0946u2y-rod","11":"pa_r0946u2y-rosa","12":"pa_r0946u2y-svart","13":"desktop-align-left","14":"tablet-align-left","15":"mobile-align-left","17":"first","18":"instock","19":"shipping-taxable","20":"purchasable","21":"product-type-variable"},"_links":{"self":[{"href":"https:\/\/keluvo.com\/no\/wp-json\/wp\/v2\/product\/7749","targetHints":{"allow":["GET"]}}],"collection":[{"href":"https:\/\/keluvo.com\/no\/wp-json\/wp\/v2\/product"}],"about":[{"href":"https:\/\/keluvo.com\/no\/wp-json\/wp\/v2\/types\/product"}],"replies":[{"embeddable":true,"href":"https:\/\/keluvo.com\/no\/wp-json\/wp\/v2\/comments?post=7749"}],"wp:featuredmedia":[{"embeddable":true,"href":"https:\/\/keluvo.com\/no\/wp-json\/wp\/v2\/media\/7745"}],"wp:attachment":[{"href":"https:\/\/keluvo.com\/no\/wp-json\/wp\/v2\/media?parent=7749"}],"wp:term":[{"taxonomy":"product_brand","embeddable":true,"href":"https:\/\/keluvo.com\/no\/wp-json\/wp\/v2\/product_brand?post=7749"},{"taxonomy":"product_cat","embeddable":true,"href":"https:\/\/keluvo.com\/no\/wp-json\/wp\/v2\/product_cat?post=7749"},{"taxonomy":"product_tag","embeddable":true,"href":"https:\/\/keluvo.com\/no\/wp-json\/wp\/v2\/product_tag?post=7749"}],"curies":[{"name":"wp","href":"https:\/\/api.w.org\/{rel}","templated":true}]}}