{"id":7726,"date":"2025-01-13T13:36:32","date_gmt":"2025-01-13T11:36:32","guid":{"rendered":"https:\/\/keluvo.com\/no\/produkt\/luksusveske-for-kvinner\/"},"modified":"2025-01-13T13:37:06","modified_gmt":"2025-01-13T11:37:06","slug":"luksusveske-for-kvinner","status":"publish","type":"product","link":"https:\/\/keluvo.com\/no\/produkt\/luksusveske-for-kvinner\/","title":{"rendered":"Luksusveske for kvinner"},"content":{"rendered":"<h2 style=\"text-align: center\"><strong>Stilig Og Praktisk Design<\/strong><\/h2>\n<p style=\"text-align: center\">Den luksuri\u00f8se damevesken er laget av f\u00f8rsteklasses PU-skinn og gir et elegant og sofistikert utseende. Den elegante designen gj\u00f8r at den passer til b\u00e5de uformelle og formelle anledninger. Den praktiske h\u00e5ndleddsvesken gj\u00f8r vesken allsidig, slik at du kan bruke den som en frittst\u00e5ende clutch eller feste den til hovedvesken for ekstra bekvemmelighet.<\/p>\n<p><img decoding=\"async\" class=\"alignnone size-medium wp-image-4893 aligncenter\" src=\"https:\/\/keluvo.com\/template\/wp-content\/uploads\/sites\/5\/2024\/12\/S30d88ac9389e4827a1cff5aeefaedf2ex.jpg_960x960q75.jpg_.jpeg\" alt=\"\" \/><\/p>\n<h2 style=\"text-align: center\"><strong>Perfekt St\u00f8rrelse For Det Viktigste<\/strong><\/h2>\n<p style=\"text-align: center\">Denne kompakte skuldervesken er perfekt til hverdagsbruk. Den er lett, men likevel romslig nok til \u00e5 romme alt du trenger, som telefon, lommebok og sminke. Den avtakbare lommeboken s\u00f8rger for at verdisakene dine alltid er lett tilgjengelige.<\/p>\n<p><img decoding=\"async\" class=\"alignnone size-medium wp-image-4899 aligncenter\" src=\"https:\/\/keluvo.com\/template\/wp-content\/uploads\/sites\/5\/2024\/12\/Sf61163d8449b4c4fa21fe48bef282b53u.jpg_960x960q75.jpg_.jpeg\" alt=\"\" \/><\/p>\n","protected":false},"excerpt":{"rendered":"<p>Stilig Og Praktisk Design Den luksuri\u00f8se damevesken er laget av f\u00f8rsteklasses PU-skinn og gir et elegant og sofistikert utseende. Den [&hellip;]<\/p>\n","protected":false},"featured_media":7722,"comment_status":"open","ping_status":"closed","template":"","meta":{"site-sidebar-layout":"default","site-content-layout":"","ast-site-content-layout":"default","site-content-style":"default","site-sidebar-style":"default","ast-global-header-display":"","ast-banner-title-visibility":"","ast-main-header-display":"","ast-hfb-above-header-display":"","ast-hfb-below-header-display":"","ast-hfb-mobile-header-display":"","site-post-title":"","ast-breadcrumbs-content":"","ast-featured-img":"","footer-sml-layout":"","theme-transparent-header-meta":"default","adv-header-id-meta":"","stick-header-meta":"","header-above-stick-meta":"","header-main-stick-meta":"","header-below-stick-meta":"","astra-migrate-meta-layouts":"set","ast-page-background-enabled":"default","ast-page-background-meta":{"desktop":{"background-color":"var(--ast-global-color-4)","background-image":"","background-repeat":"repeat","background-position":"center center","background-size":"auto","background-attachment":"scroll","background-type":"","background-media":"","overlay-type":"","overlay-color":"","overlay-opacity":"","overlay-gradient":""},"tablet":{"background-color":"","background-image":"","background-repeat":"repeat","background-position":"center center","background-size":"auto","background-attachment":"scroll","background-type":"","background-media":"","overlay-type":"","overlay-color":"","overlay-opacity":"","overlay-gradient":""},"mobile":{"background-color":"","background-image":"","background-repeat":"repeat","background-position":"center center","background-size":"auto","background-attachment":"scroll","background-type":"","background-media":"","overlay-type":"","overlay-color":"","overlay-opacity":"","overlay-gradient":""}},"ast-content-background-meta":{"desktop":{"background-color":"var(--ast-global-color-5)","background-image":"","background-repeat":"repeat","background-position":"center center","background-size":"auto","background-attachment":"scroll","background-type":"","background-media":"","overlay-type":"","overlay-color":"","overlay-opacity":"","overlay-gradient":""},"tablet":{"background-color":"var(--ast-global-color-5)","background-image":"","background-repeat":"repeat","background-position":"center center","background-size":"auto","background-attachment":"scroll","background-type":"","background-media":"","overlay-type":"","overlay-color":"","overlay-opacity":"","overlay-gradient":""},"mobile":{"background-color":"var(--ast-global-color-5)","background-image":"","background-repeat":"repeat","background-position":"center center","background-size":"auto","background-attachment":"scroll","background-type":"","background-media":"","overlay-type":"","overlay-color":"","overlay-opacity":"","overlay-gradient":""}}},"product_brand":[],"product_cat":[993],"product_tag":[],"class_list":{"0":"post-7726","1":"product","2":"type-product","3":"status-publish","4":"has-post-thumbnail","6":"product_cat-skotoy-tilbehor","7":"pa_300ouqmr-bla","8":"pa_300ouqmr-brun","9":"pa_300ouqmr-gronn","10":"pa_300ouqmr-gul","11":"pa_300ouqmr-rod","12":"pa_300ouqmr-rosa","13":"pa_300ouqmr-svart","14":"desktop-align-left","15":"tablet-align-left","16":"mobile-align-left","18":"first","19":"instock","20":"shipping-taxable","21":"purchasable","22":"product-type-variable"},"_links":{"self":[{"href":"https:\/\/keluvo.com\/no\/wp-json\/wp\/v2\/product\/7726","targetHints":{"allow":["GET"]}}],"collection":[{"href":"https:\/\/keluvo.com\/no\/wp-json\/wp\/v2\/product"}],"about":[{"href":"https:\/\/keluvo.com\/no\/wp-json\/wp\/v2\/types\/product"}],"replies":[{"embeddable":true,"href":"https:\/\/keluvo.com\/no\/wp-json\/wp\/v2\/comments?post=7726"}],"wp:featuredmedia":[{"embeddable":true,"href":"https:\/\/keluvo.com\/no\/wp-json\/wp\/v2\/media\/7722"}],"wp:attachment":[{"href":"https:\/\/keluvo.com\/no\/wp-json\/wp\/v2\/media?parent=7726"}],"wp:term":[{"taxonomy":"product_brand","embeddable":true,"href":"https:\/\/keluvo.com\/no\/wp-json\/wp\/v2\/product_brand?post=7726"},{"taxonomy":"product_cat","embeddable":true,"href":"https:\/\/keluvo.com\/no\/wp-json\/wp\/v2\/product_cat?post=7726"},{"taxonomy":"product_tag","embeddable":true,"href":"https:\/\/keluvo.com\/no\/wp-json\/wp\/v2\/product_tag?post=7726"}],"curies":[{"name":"wp","href":"https:\/\/api.w.org\/{rel}","templated":true}]}}