{"id":7711,"date":"2025-01-13T13:34:00","date_gmt":"2025-01-13T11:34:00","guid":{"rendered":"https:\/\/keluvo.com\/no\/produkt\/stottestang-med-sug\/"},"modified":"2025-01-13T13:34:17","modified_gmt":"2025-01-13T11:34:17","slug":"stottestang-med-sug","status":"publish","type":"product","link":"https:\/\/keluvo.com\/no\/produkt\/stottestang-med-sug\/","title":{"rendered":"St\u00f8ttestang med sug"},"content":{"rendered":"<h2 style=\"text-align: center\"><strong>Sikker Og Sklisikker Design<\/strong><\/h2>\n<p style=\"text-align: center\">Sugeh\u00e5ndtaket gir ekstra st\u00f8tte og sikkerhet p\u00e5 badet. De sterke sugekoppene holder den godt p\u00e5 plass og gir et stabilt grep for eldre, skadde eller funksjonshemmede personer. Med den sklisikre overflaten kan du f\u00f8le deg trygg n\u00e5r du g\u00e5r inn i eller ut av badekaret eller dusjen.<\/p>\n<p><img decoding=\"async\" class=\"alignnone size-medium wp-image-5160 aligncenter\" src=\"https:\/\/keluvo.com\/template\/wp-content\/uploads\/sites\/5\/2024\/12\/S55c974e5004c444ab111484f7d7671d5J.jpg_960x960q75.jpg_.webp\" \/><\/p>\n<h2 style=\"text-align: center\"><strong>Enkel \u00c5 Montere Og Fjerne<\/strong><\/h2>\n<p style=\"text-align: center\">Sugest\u00f8tten er rask og enkel \u00e5 montere, og det kreves ingen verkt\u00f8y eller boring. Bare trykk sugekoppene p\u00e5 en ren, glatt overflate og l\u00e5s dem p\u00e5 plass med tappene. Den er enkel \u00e5 fjerne og flytte p\u00e5, noe som gj\u00f8r den perfekt for reise eller midlertidig bruk.<\/p>\n<p><img decoding=\"async\" class=\"alignnone size-medium wp-image-5161 aligncenter\" src=\"https:\/\/keluvo.com\/template\/wp-content\/uploads\/sites\/5\/2024\/12\/S3afe80ba7e1240cd9c3d46c8ad976b1bp.jpg_960x960q75.jpg_.webp\" alt=\"\" \/><\/p>\n","protected":false},"excerpt":{"rendered":"<p>Sikker Og Sklisikker Design Sugeh\u00e5ndtaket gir ekstra st\u00f8tte og sikkerhet p\u00e5 badet. De sterke sugekoppene holder den godt p\u00e5 plass [&hellip;]<\/p>\n","protected":false},"featured_media":7707,"comment_status":"open","ping_status":"closed","template":"","meta":{"site-sidebar-layout":"default","site-content-layout":"","ast-site-content-layout":"default","site-content-style":"default","site-sidebar-style":"default","ast-global-header-display":"","ast-banner-title-visibility":"","ast-main-header-display":"","ast-hfb-above-header-display":"","ast-hfb-below-header-display":"","ast-hfb-mobile-header-display":"","site-post-title":"","ast-breadcrumbs-content":"","ast-featured-img":"","footer-sml-layout":"","theme-transparent-header-meta":"default","adv-header-id-meta":"","stick-header-meta":"","header-above-stick-meta":"","header-main-stick-meta":"","header-below-stick-meta":"","astra-migrate-meta-layouts":"set","ast-page-background-enabled":"default","ast-page-background-meta":{"desktop":{"background-color":"var(--ast-global-color-4)","background-image":"","background-repeat":"repeat","background-position":"center center","background-size":"auto","background-attachment":"scroll","background-type":"","background-media":"","overlay-type":"","overlay-color":"","overlay-opacity":"","overlay-gradient":""},"tablet":{"background-color":"","background-image":"","background-repeat":"repeat","background-position":"center center","background-size":"auto","background-attachment":"scroll","background-type":"","background-media":"","overlay-type":"","overlay-color":"","overlay-opacity":"","overlay-gradient":""},"mobile":{"background-color":"","background-image":"","background-repeat":"repeat","background-position":"center center","background-size":"auto","background-attachment":"scroll","background-type":"","background-media":"","overlay-type":"","overlay-color":"","overlay-opacity":"","overlay-gradient":""}},"ast-content-background-meta":{"desktop":{"background-color":"var(--ast-global-color-5)","background-image":"","background-repeat":"repeat","background-position":"center center","background-size":"auto","background-attachment":"scroll","background-type":"","background-media":"","overlay-type":"","overlay-color":"","overlay-opacity":"","overlay-gradient":""},"tablet":{"background-color":"var(--ast-global-color-5)","background-image":"","background-repeat":"repeat","background-position":"center center","background-size":"auto","background-attachment":"scroll","background-type":"","background-media":"","overlay-type":"","overlay-color":"","overlay-opacity":"","overlay-gradient":""},"mobile":{"background-color":"var(--ast-global-color-5)","background-image":"","background-repeat":"repeat","background-position":"center center","background-size":"auto","background-attachment":"scroll","background-type":"","background-media":"","overlay-type":"","overlay-color":"","overlay-opacity":"","overlay-gradient":""}}},"product_brand":[],"product_cat":[1001],"product_tag":[],"class_list":{"0":"post-7711","1":"product","2":"type-product","3":"status-publish","4":"has-post-thumbnail","6":"product_cat-husholdningsartikler","7":"pa_ah0koeyp-gra","8":"pa_ah0koeyp-gronn","9":"pa_ah0koeyp-svart","10":"desktop-align-left","11":"tablet-align-left","12":"mobile-align-left","14":"first","15":"instock","16":"shipping-taxable","17":"purchasable","18":"product-type-variable"},"_links":{"self":[{"href":"https:\/\/keluvo.com\/no\/wp-json\/wp\/v2\/product\/7711","targetHints":{"allow":["GET"]}}],"collection":[{"href":"https:\/\/keluvo.com\/no\/wp-json\/wp\/v2\/product"}],"about":[{"href":"https:\/\/keluvo.com\/no\/wp-json\/wp\/v2\/types\/product"}],"replies":[{"embeddable":true,"href":"https:\/\/keluvo.com\/no\/wp-json\/wp\/v2\/comments?post=7711"}],"wp:featuredmedia":[{"embeddable":true,"href":"https:\/\/keluvo.com\/no\/wp-json\/wp\/v2\/media\/7707"}],"wp:attachment":[{"href":"https:\/\/keluvo.com\/no\/wp-json\/wp\/v2\/media?parent=7711"}],"wp:term":[{"taxonomy":"product_brand","embeddable":true,"href":"https:\/\/keluvo.com\/no\/wp-json\/wp\/v2\/product_brand?post=7711"},{"taxonomy":"product_cat","embeddable":true,"href":"https:\/\/keluvo.com\/no\/wp-json\/wp\/v2\/product_cat?post=7711"},{"taxonomy":"product_tag","embeddable":true,"href":"https:\/\/keluvo.com\/no\/wp-json\/wp\/v2\/product_tag?post=7711"}],"curies":[{"name":"wp","href":"https:\/\/api.w.org\/{rel}","templated":true}]}}