{"id":7570,"date":"2025-01-09T14:08:57","date_gmt":"2025-01-09T12:08:57","guid":{"rendered":"https:\/\/keluvo.com\/no\/produkt\/magnetisk-tradlos-lader\/"},"modified":"2025-01-09T14:09:06","modified_gmt":"2025-01-09T12:09:06","slug":"magnetisk-tradlos-lader","status":"publish","type":"product","link":"https:\/\/keluvo.com\/no\/produkt\/magnetisk-tradlos-lader\/","title":{"rendered":"Magnetisk tr\u00e5dl\u00f8s lader"},"content":{"rendered":"<h2 style=\"text-align: center\"><strong>Effektiv hurtiglading<\/strong><\/h2>\n<p style=\"text-align: center\">Den magnetiske tr\u00e5dl\u00f8se laderen s\u00f8rger for rask og effektiv lading med automatisk str\u00f8mjustering. Den st\u00f8tter flere utgangseffektniv\u00e5er (15 W, 10 W, 7,5 W og 5 W), slik at enhetene dine kan lades raskt og trygt. Den innebygde viften bidrar til \u00e5 kj\u00f8le ned telefonen, slik at du opprettholder optimal ladehastighet og effektivitet.<\/p>\n<p><img decoding=\"async\" class=\"alignnone size-medium wp-image-5505 aligncenter\" src=\"https:\/\/keluvo.com\/template\/wp-content\/uploads\/sites\/5\/2024\/12\/Sa4afa85bd65c420994d137709118b96a0.jpg_960x960q75.jpg_.jpeg\" alt=\"\" \/><\/p>\n<p><img decoding=\"async\" class=\"alignnone size-medium wp-image-5505 aligncenter\" src=\"https:\/\/keluvo.com\/template\/wp-content\/uploads\/sites\/5\/2024\/12\/Sa4afa85bd65c420994d137709118b96a0.jpg_960x960q75.jpg_\" alt=\"\" \/><\/p>\n<h2 style=\"text-align: center\"><strong>Allsidig og stilig stativ<\/strong><\/h2>\n<p style=\"text-align: center\">Denne laderen fungerer ogs\u00e5 som et telefonstativ, slik at du enkelt kan bruke den h\u00e5ndfritt mens du lader. Den unike formen som en ministol gir et stilig preg p\u00e5 skrivebordet eller hjemmeinnredningen, og kombinerer funksjonalitet med estetisk appell. Det er et perfekt tillegg til ethvert arbeidsomr\u00e5de eller oppholdsrom.<\/p>\n<p style=\"text-align: center\"><img decoding=\"async\" class=\"alignnone size-medium wp-image-5508\" src=\"https:\/\/keluvo.com\/template\/wp-content\/uploads\/sites\/5\/2024\/12\/S7d98a0aadd7c4cf28f766bb642e15fdam.jpg_960x960q75.jpg_.jpeg\" alt=\"\" \/><\/p>\n<p>&nbsp;<\/p>\n","protected":false},"excerpt":{"rendered":"<p>Effektiv hurtiglading Den magnetiske tr\u00e5dl\u00f8se laderen s\u00f8rger for rask og effektiv lading med automatisk str\u00f8mjustering. Den st\u00f8tter flere utgangseffektniv\u00e5er (15 [&hellip;]<\/p>\n","protected":false},"featured_media":7566,"comment_status":"open","ping_status":"closed","template":"","meta":{"site-sidebar-layout":"default","site-content-layout":"","ast-site-content-layout":"default","site-content-style":"default","site-sidebar-style":"default","ast-global-header-display":"","ast-banner-title-visibility":"","ast-main-header-display":"","ast-hfb-above-header-display":"","ast-hfb-below-header-display":"","ast-hfb-mobile-header-display":"","site-post-title":"","ast-breadcrumbs-content":"","ast-featured-img":"","footer-sml-layout":"","theme-transparent-header-meta":"default","adv-header-id-meta":"","stick-header-meta":"","header-above-stick-meta":"","header-main-stick-meta":"","header-below-stick-meta":"","astra-migrate-meta-layouts":"set","ast-page-background-enabled":"default","ast-page-background-meta":{"desktop":{"background-color":"var(--ast-global-color-4)","background-image":"","background-repeat":"repeat","background-position":"center center","background-size":"auto","background-attachment":"scroll","background-type":"","background-media":"","overlay-type":"","overlay-color":"","overlay-opacity":"","overlay-gradient":""},"tablet":{"background-color":"","background-image":"","background-repeat":"repeat","background-position":"center center","background-size":"auto","background-attachment":"scroll","background-type":"","background-media":"","overlay-type":"","overlay-color":"","overlay-opacity":"","overlay-gradient":""},"mobile":{"background-color":"","background-image":"","background-repeat":"repeat","background-position":"center center","background-size":"auto","background-attachment":"scroll","background-type":"","background-media":"","overlay-type":"","overlay-color":"","overlay-opacity":"","overlay-gradient":""}},"ast-content-background-meta":{"desktop":{"background-color":"var(--ast-global-color-5)","background-image":"","background-repeat":"repeat","background-position":"center center","background-size":"auto","background-attachment":"scroll","background-type":"","background-media":"","overlay-type":"","overlay-color":"","overlay-opacity":"","overlay-gradient":""},"tablet":{"background-color":"var(--ast-global-color-5)","background-image":"","background-repeat":"repeat","background-position":"center center","background-size":"auto","background-attachment":"scroll","background-type":"","background-media":"","overlay-type":"","overlay-color":"","overlay-opacity":"","overlay-gradient":""},"mobile":{"background-color":"var(--ast-global-color-5)","background-image":"","background-repeat":"repeat","background-position":"center center","background-size":"auto","background-attachment":"scroll","background-type":"","background-media":"","overlay-type":"","overlay-color":"","overlay-opacity":"","overlay-gradient":""}}},"product_brand":[],"product_cat":[15],"product_tag":[],"class_list":{"0":"post-7570","1":"product","2":"type-product","3":"status-publish","4":"has-post-thumbnail","6":"product_cat-uncategorized","7":"pa_1n1kk0dv-gronn","8":"pa_1n1kk0dv-hvit","9":"pa_1n1kk0dv-rosa","10":"desktop-align-left","11":"tablet-align-left","12":"mobile-align-left","14":"first","15":"instock","16":"shipping-taxable","17":"purchasable","18":"product-type-variable"},"_links":{"self":[{"href":"https:\/\/keluvo.com\/no\/wp-json\/wp\/v2\/product\/7570","targetHints":{"allow":["GET"]}}],"collection":[{"href":"https:\/\/keluvo.com\/no\/wp-json\/wp\/v2\/product"}],"about":[{"href":"https:\/\/keluvo.com\/no\/wp-json\/wp\/v2\/types\/product"}],"replies":[{"embeddable":true,"href":"https:\/\/keluvo.com\/no\/wp-json\/wp\/v2\/comments?post=7570"}],"wp:featuredmedia":[{"embeddable":true,"href":"https:\/\/keluvo.com\/no\/wp-json\/wp\/v2\/media\/7566"}],"wp:attachment":[{"href":"https:\/\/keluvo.com\/no\/wp-json\/wp\/v2\/media?parent=7570"}],"wp:term":[{"taxonomy":"product_brand","embeddable":true,"href":"https:\/\/keluvo.com\/no\/wp-json\/wp\/v2\/product_brand?post=7570"},{"taxonomy":"product_cat","embeddable":true,"href":"https:\/\/keluvo.com\/no\/wp-json\/wp\/v2\/product_cat?post=7570"},{"taxonomy":"product_tag","embeddable":true,"href":"https:\/\/keluvo.com\/no\/wp-json\/wp\/v2\/product_tag?post=7570"}],"curies":[{"name":"wp","href":"https:\/\/api.w.org\/{rel}","templated":true}]}}