{"id":7547,"date":"2025-01-09T13:56:55","date_gmt":"2025-01-09T11:56:55","guid":{"rendered":"https:\/\/keluvo.com\/no\/produkt\/nattlys-med-stjerneprojektor\/"},"modified":"2025-01-09T13:57:06","modified_gmt":"2025-01-09T11:57:06","slug":"nattlys-med-stjerneprojektor","status":"publish","type":"product","link":"https:\/\/keluvo.com\/no\/produkt\/nattlys-med-stjerneprojektor\/","title":{"rendered":"Nattlys med stjerneprojektor"},"content":{"rendered":"<h2 style=\"text-align: center\"><strong>Fortryllende stjerneprojeksjon<\/strong><\/h2>\n<p style=\"text-align: center\">Stjerneprojektorens nattlys skaper en fortryllende stjernehimmel midt i rommet ditt. N\u00e5r lokket er \u00e5pent, fyller stjernelyset hele rommet og gir en beroligende atmosf\u00e6re. Denne vakre projeksjonen gj\u00f8r ethvert soverom til et magisk sted, perfekt for barn som vil f\u00f8le seg trygge og avslappede om natten.<\/p>\n<p><img decoding=\"async\" class=\"alignnone size-medium wp-image-5561 aligncenter\" src=\"https:\/\/keluvo.com\/template\/wp-content\/uploads\/sites\/5\/2024\/12\/S63f98efe813f4bd3a7f3808363687e58l-1.jpeg\" alt=\"\" \/><\/p>\n<p><img decoding=\"async\" class=\"alignnone size-medium wp-image-5547 aligncenter\" src=\"https:\/\/keluvo.com\/template\/wp-content\/uploads\/sites\/5\/2024\/12\/S63f98efe813f4bd3a7f3808363687e58l-.jpeg\" alt=\"\" \/><\/p>\n<h2 style=\"text-align: center\"><strong>to str\u00f8malternativer<\/strong><\/h2>\n<p style=\"text-align: center\">Stjerneprojektorens nattlys har to praktiske str\u00f8malternativer. Du kan bruke den med en USB-ledning for kontinuerlig bruk, eller sette inn 4 AAA-batterier for \u00e5 ta den med deg hvor som helst. Denne fleksibiliteten gj\u00f8r det enkelt \u00e5 bruke den b\u00e5de hjemme og p\u00e5 farten, slik at du f\u00e5r stjernehimmel uansett hvor du trenger den.<\/p>\n<p><img decoding=\"async\" class=\"alignnone size-medium wp-image-5562 aligncenter\" src=\"https:\/\/keluvo.com\/template\/wp-content\/uploads\/sites\/5\/2024\/12\/S2d22343fbd9749c3b594c1856a76da57T.jpg_960x960q75.jpg_-1.jpeg\" alt=\"\" \/><\/p>\n<p><img decoding=\"async\" class=\"alignnone size-medium wp-image-5548 aligncenter\" src=\"https:\/\/keluvo.com\/template\/wp-content\/uploads\/sites\/5\/2024\/12\/Sc2491ff3b6174d5f8db346efe53b467cd-.jpeg\" alt=\"\" \/><\/p>\n","protected":false},"excerpt":{"rendered":"<p>Fortryllende stjerneprojeksjon Stjerneprojektorens nattlys skaper en fortryllende stjernehimmel midt i rommet ditt. N\u00e5r lokket er \u00e5pent, fyller stjernelyset hele rommet [&hellip;]<\/p>\n","protected":false},"featured_media":7543,"comment_status":"open","ping_status":"closed","template":"","meta":{"site-sidebar-layout":"default","site-content-layout":"","ast-site-content-layout":"default","site-content-style":"default","site-sidebar-style":"default","ast-global-header-display":"","ast-banner-title-visibility":"","ast-main-header-display":"","ast-hfb-above-header-display":"","ast-hfb-below-header-display":"","ast-hfb-mobile-header-display":"","site-post-title":"","ast-breadcrumbs-content":"","ast-featured-img":"","footer-sml-layout":"","theme-transparent-header-meta":"default","adv-header-id-meta":"","stick-header-meta":"","header-above-stick-meta":"","header-main-stick-meta":"","header-below-stick-meta":"","astra-migrate-meta-layouts":"set","ast-page-background-enabled":"default","ast-page-background-meta":{"desktop":{"background-color":"var(--ast-global-color-4)","background-image":"","background-repeat":"repeat","background-position":"center center","background-size":"auto","background-attachment":"scroll","background-type":"","background-media":"","overlay-type":"","overlay-color":"","overlay-opacity":"","overlay-gradient":""},"tablet":{"background-color":"","background-image":"","background-repeat":"repeat","background-position":"center center","background-size":"auto","background-attachment":"scroll","background-type":"","background-media":"","overlay-type":"","overlay-color":"","overlay-opacity":"","overlay-gradient":""},"mobile":{"background-color":"","background-image":"","background-repeat":"repeat","background-position":"center center","background-size":"auto","background-attachment":"scroll","background-type":"","background-media":"","overlay-type":"","overlay-color":"","overlay-opacity":"","overlay-gradient":""}},"ast-content-background-meta":{"desktop":{"background-color":"var(--ast-global-color-5)","background-image":"","background-repeat":"repeat","background-position":"center center","background-size":"auto","background-attachment":"scroll","background-type":"","background-media":"","overlay-type":"","overlay-color":"","overlay-opacity":"","overlay-gradient":""},"tablet":{"background-color":"var(--ast-global-color-5)","background-image":"","background-repeat":"repeat","background-position":"center center","background-size":"auto","background-attachment":"scroll","background-type":"","background-media":"","overlay-type":"","overlay-color":"","overlay-opacity":"","overlay-gradient":""},"mobile":{"background-color":"var(--ast-global-color-5)","background-image":"","background-repeat":"repeat","background-position":"center center","background-size":"auto","background-attachment":"scroll","background-type":"","background-media":"","overlay-type":"","overlay-color":"","overlay-opacity":"","overlay-gradient":""}}},"product_brand":[],"product_cat":[1001],"product_tag":[],"class_list":{"0":"post-7547","1":"product","2":"type-product","3":"status-publish","4":"has-post-thumbnail","6":"product_cat-husholdningsartikler","7":"pa_t93zvmsy-bla","8":"pa_t93zvmsy-lilla","9":"pa_t93zvmsy-rosa","10":"pa_t93zvmsy-svart","11":"desktop-align-left","12":"tablet-align-left","13":"mobile-align-left","15":"first","16":"instock","17":"shipping-taxable","18":"purchasable","19":"product-type-variable"},"_links":{"self":[{"href":"https:\/\/keluvo.com\/no\/wp-json\/wp\/v2\/product\/7547","targetHints":{"allow":["GET"]}}],"collection":[{"href":"https:\/\/keluvo.com\/no\/wp-json\/wp\/v2\/product"}],"about":[{"href":"https:\/\/keluvo.com\/no\/wp-json\/wp\/v2\/types\/product"}],"replies":[{"embeddable":true,"href":"https:\/\/keluvo.com\/no\/wp-json\/wp\/v2\/comments?post=7547"}],"wp:featuredmedia":[{"embeddable":true,"href":"https:\/\/keluvo.com\/no\/wp-json\/wp\/v2\/media\/7543"}],"wp:attachment":[{"href":"https:\/\/keluvo.com\/no\/wp-json\/wp\/v2\/media?parent=7547"}],"wp:term":[{"taxonomy":"product_brand","embeddable":true,"href":"https:\/\/keluvo.com\/no\/wp-json\/wp\/v2\/product_brand?post=7547"},{"taxonomy":"product_cat","embeddable":true,"href":"https:\/\/keluvo.com\/no\/wp-json\/wp\/v2\/product_cat?post=7547"},{"taxonomy":"product_tag","embeddable":true,"href":"https:\/\/keluvo.com\/no\/wp-json\/wp\/v2\/product_tag?post=7547"}],"curies":[{"name":"wp","href":"https:\/\/api.w.org\/{rel}","templated":true}]}}