{"id":7532,"date":"2025-01-09T13:51:51","date_gmt":"2025-01-09T11:51:51","guid":{"rendered":"https:\/\/keluvo.com\/no\/produkt\/valnottskallapner\/"},"modified":"2025-01-09T13:52:10","modified_gmt":"2025-01-09T11:52:10","slug":"valnottskallapner","status":"publish","type":"product","link":"https:\/\/keluvo.com\/no\/produkt\/valnottskallapner\/","title":{"rendered":"Valn\u00f8ttskall\u00e5pner"},"content":{"rendered":"<h2 style=\"text-align: center\">Holdbart og slitesterkt materiale<\/h2>\n<p style=\"text-align: center\">Valn\u00f8ttskall\u00e5pneren er laget av sinklegering av h\u00f8y kvalitet, noe som sikrer holdbarhet og slitestyrke. Den robuste konstruksjonen gj\u00f8r den egnet for regelmessig bruk uten \u00e5 miste effektivitet. Dette p\u00e5litelige verkt\u00f8yet er bygget for \u00e5 vare, og gir verdi i mange \u00e5r fremover.<\/p>\n<p><img decoding=\"async\" class=\"alignnone size-medium wp-image-5777 aligncenter\" src=\"https:\/\/keluvo.com\/template\/wp-content\/uploads\/sites\/5\/2024\/12\/9036c31d-cb26-4308-9c70-e3d0dd729e02.webp\" alt=\"\" \/><\/p>\n<h2 style=\"text-align: center\"><strong>Uanstrengt n\u00f8tteknekking<\/strong><\/h2>\n<p style=\"text-align: center\">Med den smarte spakdesignen gj\u00f8r valn\u00f8ttskall\u00e5pneren det enkelt og arbeidsbesparende \u00e5 knekke n\u00f8tter. Det ergonomiske h\u00e5ndtaket gir et komfortabelt grep, mens den sklisikre funksjonen s\u00f8rger for sikker h\u00e5ndtering. Den er perfekt for hasseln\u00f8tter, valn\u00f8tter og andre n\u00f8tter i ulike st\u00f8rrelser.<\/p>\n<p><img decoding=\"async\" class=\"alignnone size-medium wp-image-5778 aligncenter\" src=\"https:\/\/keluvo.com\/template\/wp-content\/uploads\/sites\/5\/2024\/12\/96db7194-68c0-4f42-be01-46504ddb1ebd.webp\" alt=\"\" \/><\/p>\n","protected":false},"excerpt":{"rendered":"<p>Holdbart og slitesterkt materiale Valn\u00f8ttskall\u00e5pneren er laget av sinklegering av h\u00f8y kvalitet, noe som sikrer holdbarhet og slitestyrke. Den robuste [&hellip;]<\/p>\n","protected":false},"featured_media":7528,"comment_status":"open","ping_status":"closed","template":"","meta":{"site-sidebar-layout":"default","site-content-layout":"","ast-site-content-layout":"default","site-content-style":"default","site-sidebar-style":"default","ast-global-header-display":"","ast-banner-title-visibility":"","ast-main-header-display":"","ast-hfb-above-header-display":"","ast-hfb-below-header-display":"","ast-hfb-mobile-header-display":"","site-post-title":"","ast-breadcrumbs-content":"","ast-featured-img":"","footer-sml-layout":"","theme-transparent-header-meta":"default","adv-header-id-meta":"","stick-header-meta":"","header-above-stick-meta":"","header-main-stick-meta":"","header-below-stick-meta":"","astra-migrate-meta-layouts":"set","ast-page-background-enabled":"default","ast-page-background-meta":{"desktop":{"background-color":"var(--ast-global-color-4)","background-image":"","background-repeat":"repeat","background-position":"center center","background-size":"auto","background-attachment":"scroll","background-type":"","background-media":"","overlay-type":"","overlay-color":"","overlay-opacity":"","overlay-gradient":""},"tablet":{"background-color":"","background-image":"","background-repeat":"repeat","background-position":"center center","background-size":"auto","background-attachment":"scroll","background-type":"","background-media":"","overlay-type":"","overlay-color":"","overlay-opacity":"","overlay-gradient":""},"mobile":{"background-color":"","background-image":"","background-repeat":"repeat","background-position":"center center","background-size":"auto","background-attachment":"scroll","background-type":"","background-media":"","overlay-type":"","overlay-color":"","overlay-opacity":"","overlay-gradient":""}},"ast-content-background-meta":{"desktop":{"background-color":"var(--ast-global-color-5)","background-image":"","background-repeat":"repeat","background-position":"center center","background-size":"auto","background-attachment":"scroll","background-type":"","background-media":"","overlay-type":"","overlay-color":"","overlay-opacity":"","overlay-gradient":""},"tablet":{"background-color":"var(--ast-global-color-5)","background-image":"","background-repeat":"repeat","background-position":"center center","background-size":"auto","background-attachment":"scroll","background-type":"","background-media":"","overlay-type":"","overlay-color":"","overlay-opacity":"","overlay-gradient":""},"mobile":{"background-color":"var(--ast-global-color-5)","background-image":"","background-repeat":"repeat","background-position":"center center","background-size":"auto","background-attachment":"scroll","background-type":"","background-media":"","overlay-type":"","overlay-color":"","overlay-opacity":"","overlay-gradient":""}}},"product_brand":[],"product_cat":[1001],"product_tag":[],"class_list":{"0":"post-7532","1":"product","2":"type-product","3":"status-publish","4":"has-post-thumbnail","6":"product_cat-husholdningsartikler","7":"pa_evknadmm-rod","8":"pa_evknadmm-solv","9":"pa_evknadmm-svart","10":"desktop-align-left","11":"tablet-align-left","12":"mobile-align-left","14":"first","15":"instock","16":"shipping-taxable","17":"purchasable","18":"product-type-variable"},"_links":{"self":[{"href":"https:\/\/keluvo.com\/no\/wp-json\/wp\/v2\/product\/7532","targetHints":{"allow":["GET"]}}],"collection":[{"href":"https:\/\/keluvo.com\/no\/wp-json\/wp\/v2\/product"}],"about":[{"href":"https:\/\/keluvo.com\/no\/wp-json\/wp\/v2\/types\/product"}],"replies":[{"embeddable":true,"href":"https:\/\/keluvo.com\/no\/wp-json\/wp\/v2\/comments?post=7532"}],"wp:featuredmedia":[{"embeddable":true,"href":"https:\/\/keluvo.com\/no\/wp-json\/wp\/v2\/media\/7528"}],"wp:attachment":[{"href":"https:\/\/keluvo.com\/no\/wp-json\/wp\/v2\/media?parent=7532"}],"wp:term":[{"taxonomy":"product_brand","embeddable":true,"href":"https:\/\/keluvo.com\/no\/wp-json\/wp\/v2\/product_brand?post=7532"},{"taxonomy":"product_cat","embeddable":true,"href":"https:\/\/keluvo.com\/no\/wp-json\/wp\/v2\/product_cat?post=7532"},{"taxonomy":"product_tag","embeddable":true,"href":"https:\/\/keluvo.com\/no\/wp-json\/wp\/v2\/product_tag?post=7532"}],"curies":[{"name":"wp","href":"https:\/\/api.w.org\/{rel}","templated":true}]}}