{"id":7500,"date":"2025-01-09T13:42:14","date_gmt":"2025-01-09T11:42:14","guid":{"rendered":"https:\/\/keluvo.com\/no\/produkt\/luksus-handvesker-for-kvinner\/"},"modified":"2025-01-09T13:42:44","modified_gmt":"2025-01-09T11:42:44","slug":"luksus-handvesker-for-kvinner","status":"publish","type":"product","link":"https:\/\/keluvo.com\/no\/produkt\/luksus-handvesker-for-kvinner\/","title":{"rendered":"Luksus h\u00e5ndvesker for kvinner"},"content":{"rendered":"<h2 style=\"text-align: center\">Elegant og stilig design<\/h2>\n<p style=\"text-align: center\">De luksuri\u00f8se h\u00e5ndveskene for kvinner er utformet med et tidl\u00f8st design som passer til enhver anledning. Det elegante og moderne utseendet tilf\u00f8rer antrekket ditt et snev av eleganse, enten du er p\u00e5 vei til jobb, en uformell utflukt eller et formelt arrangement. Den allsidige stilen gj\u00f8r den til et must-have i enhver garderobe.<\/p>\n<p><img decoding=\"async\" class=\"alignnone size-medium wp-image-5756 aligncenter\" src=\"https:\/\/keluvo.com\/template\/wp-content\/uploads\/sites\/5\/2024\/12\/a2fa422e-26fe-43c3-a9d3-e383e7ba09a2.webp\" alt=\"\" \/><\/p>\n<h2 style=\"text-align: center\"><strong>Slitesterkt PU-l\u00e6rmateriale<\/strong><\/h2>\n<p style=\"text-align: center\">Laget av PU-l\u00e6r av h\u00f8y kvalitet, er denne vesken b\u00e5de slitesterk og lett \u00e5 vedlikeholde. Materialet sikrer langvarig bruk samtidig som det gir en myk, f\u00f8rsteklasses f\u00f8lelse. Det motst\u00e5r daglig slitasje, noe som gj\u00f8r den perfekt til hverdagsbruk.<\/p>\n<p>&nbsp;<\/p>\n<p>&nbsp;<\/p>\n<p><img decoding=\"async\" class=\"alignnone size-medium wp-image-5761 aligncenter\" src=\"https:\/\/keluvo.com\/template\/wp-content\/uploads\/sites\/5\/2024\/12\/deadf4ad-2e52-440a-bfcf-5a427be9df88.webp\" alt=\"\" \/><\/p>\n","protected":false},"excerpt":{"rendered":"<p>Elegant og stilig design De luksuri\u00f8se h\u00e5ndveskene for kvinner er utformet med et tidl\u00f8st design som passer til enhver anledning. [&hellip;]<\/p>\n","protected":false},"featured_media":7496,"comment_status":"open","ping_status":"closed","template":"","meta":{"site-sidebar-layout":"default","site-content-layout":"","ast-site-content-layout":"default","site-content-style":"default","site-sidebar-style":"default","ast-global-header-display":"","ast-banner-title-visibility":"","ast-main-header-display":"","ast-hfb-above-header-display":"","ast-hfb-below-header-display":"","ast-hfb-mobile-header-display":"","site-post-title":"","ast-breadcrumbs-content":"","ast-featured-img":"","footer-sml-layout":"","theme-transparent-header-meta":"default","adv-header-id-meta":"","stick-header-meta":"","header-above-stick-meta":"","header-main-stick-meta":"","header-below-stick-meta":"","astra-migrate-meta-layouts":"set","ast-page-background-enabled":"default","ast-page-background-meta":{"desktop":{"background-color":"var(--ast-global-color-4)","background-image":"","background-repeat":"repeat","background-position":"center center","background-size":"auto","background-attachment":"scroll","background-type":"","background-media":"","overlay-type":"","overlay-color":"","overlay-opacity":"","overlay-gradient":""},"tablet":{"background-color":"","background-image":"","background-repeat":"repeat","background-position":"center center","background-size":"auto","background-attachment":"scroll","background-type":"","background-media":"","overlay-type":"","overlay-color":"","overlay-opacity":"","overlay-gradient":""},"mobile":{"background-color":"","background-image":"","background-repeat":"repeat","background-position":"center center","background-size":"auto","background-attachment":"scroll","background-type":"","background-media":"","overlay-type":"","overlay-color":"","overlay-opacity":"","overlay-gradient":""}},"ast-content-background-meta":{"desktop":{"background-color":"var(--ast-global-color-5)","background-image":"","background-repeat":"repeat","background-position":"center center","background-size":"auto","background-attachment":"scroll","background-type":"","background-media":"","overlay-type":"","overlay-color":"","overlay-opacity":"","overlay-gradient":""},"tablet":{"background-color":"var(--ast-global-color-5)","background-image":"","background-repeat":"repeat","background-position":"center center","background-size":"auto","background-attachment":"scroll","background-type":"","background-media":"","overlay-type":"","overlay-color":"","overlay-opacity":"","overlay-gradient":""},"mobile":{"background-color":"var(--ast-global-color-5)","background-image":"","background-repeat":"repeat","background-position":"center center","background-size":"auto","background-attachment":"scroll","background-type":"","background-media":"","overlay-type":"","overlay-color":"","overlay-opacity":"","overlay-gradient":""}}},"product_brand":[],"product_cat":[993],"product_tag":[],"class_list":{"0":"post-7500","1":"product","2":"type-product","3":"status-publish","4":"has-post-thumbnail","6":"product_cat-skotoy-tilbehor","7":"pa_5tn89j2v-bla","8":"pa_5tn89j2v-gra","9":"pa_5tn89j2v-lilla","10":"pa_5tn89j2v-rod","11":"pa_5tn89j2v-svart","12":"desktop-align-left","13":"tablet-align-left","14":"mobile-align-left","16":"first","17":"instock","18":"shipping-taxable","19":"purchasable","20":"product-type-variable"},"_links":{"self":[{"href":"https:\/\/keluvo.com\/no\/wp-json\/wp\/v2\/product\/7500","targetHints":{"allow":["GET"]}}],"collection":[{"href":"https:\/\/keluvo.com\/no\/wp-json\/wp\/v2\/product"}],"about":[{"href":"https:\/\/keluvo.com\/no\/wp-json\/wp\/v2\/types\/product"}],"replies":[{"embeddable":true,"href":"https:\/\/keluvo.com\/no\/wp-json\/wp\/v2\/comments?post=7500"}],"wp:featuredmedia":[{"embeddable":true,"href":"https:\/\/keluvo.com\/no\/wp-json\/wp\/v2\/media\/7496"}],"wp:attachment":[{"href":"https:\/\/keluvo.com\/no\/wp-json\/wp\/v2\/media?parent=7500"}],"wp:term":[{"taxonomy":"product_brand","embeddable":true,"href":"https:\/\/keluvo.com\/no\/wp-json\/wp\/v2\/product_brand?post=7500"},{"taxonomy":"product_cat","embeddable":true,"href":"https:\/\/keluvo.com\/no\/wp-json\/wp\/v2\/product_cat?post=7500"},{"taxonomy":"product_tag","embeddable":true,"href":"https:\/\/keluvo.com\/no\/wp-json\/wp\/v2\/product_tag?post=7500"}],"curies":[{"name":"wp","href":"https:\/\/api.w.org\/{rel}","templated":true}]}}