{"id":7491,"date":"2025-01-09T13:39:06","date_gmt":"2025-01-09T11:39:06","guid":{"rendered":"https:\/\/keluvo.com\/no\/produkt\/baerbar-dusjpumpe\/"},"modified":"2025-01-09T13:39:07","modified_gmt":"2025-01-09T11:39:07","slug":"baerbar-dusjpumpe","status":"publish","type":"product","link":"https:\/\/keluvo.com\/no\/produkt\/baerbar-dusjpumpe\/","title":{"rendered":"B\u00e6rbar dusjpumpe"},"content":{"rendered":"<h2 style=\"text-align: center\"><strong>Praktisk USB-opplading<\/strong><\/h2>\n<p>Den b\u00e6rbare campingdusjen er utstyrt med et oppladbart USB-batteri, noe som gj\u00f8r det enkelt \u00e5 lade den opp uansett hvor du er. Du trenger bare \u00e5 bruke et USB-uttak eller en str\u00f8mbank for \u00e5 lade den opp, slik at du har tilgang til vann under campingturer, bilvask eller hagearbeid<\/p>\n<p><img decoding=\"async\" class=\"alignnone size-medium wp-image-5604 aligncenter\" src=\"https:\/\/keluvo.com\/template\/wp-content\/uploads\/sites\/5\/2024\/12\/Sbb5f995afe8c401196c156cbe25f4294A.jpeg\" alt=\"\" \/><\/p>\n<h2 style=\"text-align: center\"><strong>Flerbruksfunksjonalitet<\/strong><\/h2>\n<p>Denne b\u00e6rbare campingdusjen er designet for flere bruksomr\u00e5der, for eksempel rengj\u00f8ring av kj\u00e6ledyr, bilvask eller vanning av planter. Den er en ideell l\u00f8sning for alle som trenger b\u00e6rbar tilgang til vann utend\u00f8rs, noe som gj\u00f8r oppgavene enklere og mer praktiske.<\/p>\n<p><img decoding=\"async\" class=\"alignnone size-medium wp-image-5605 aligncenter\" src=\"https:\/\/keluvo.com\/template\/wp-content\/uploads\/sites\/5\/2024\/12\/S7cb7c78f31c84ad19cb9b6fd1effb9f8p.jpeg\" alt=\"\" \/><\/p>\n","protected":false},"excerpt":{"rendered":"<p>Praktisk USB-opplading Den b\u00e6rbare campingdusjen er utstyrt med et oppladbart USB-batteri, noe som gj\u00f8r det enkelt \u00e5 lade den opp [&hellip;]<\/p>\n","protected":false},"featured_media":7487,"comment_status":"open","ping_status":"closed","template":"","meta":{"site-sidebar-layout":"default","site-content-layout":"","ast-site-content-layout":"default","site-content-style":"default","site-sidebar-style":"default","ast-global-header-display":"","ast-banner-title-visibility":"","ast-main-header-display":"","ast-hfb-above-header-display":"","ast-hfb-below-header-display":"","ast-hfb-mobile-header-display":"","site-post-title":"","ast-breadcrumbs-content":"","ast-featured-img":"","footer-sml-layout":"","theme-transparent-header-meta":"default","adv-header-id-meta":"","stick-header-meta":"","header-above-stick-meta":"","header-main-stick-meta":"","header-below-stick-meta":"","astra-migrate-meta-layouts":"set","ast-page-background-enabled":"default","ast-page-background-meta":{"desktop":{"background-color":"var(--ast-global-color-4)","background-image":"","background-repeat":"repeat","background-position":"center center","background-size":"auto","background-attachment":"scroll","background-type":"","background-media":"","overlay-type":"","overlay-color":"","overlay-opacity":"","overlay-gradient":""},"tablet":{"background-color":"","background-image":"","background-repeat":"repeat","background-position":"center center","background-size":"auto","background-attachment":"scroll","background-type":"","background-media":"","overlay-type":"","overlay-color":"","overlay-opacity":"","overlay-gradient":""},"mobile":{"background-color":"","background-image":"","background-repeat":"repeat","background-position":"center center","background-size":"auto","background-attachment":"scroll","background-type":"","background-media":"","overlay-type":"","overlay-color":"","overlay-opacity":"","overlay-gradient":""}},"ast-content-background-meta":{"desktop":{"background-color":"var(--ast-global-color-5)","background-image":"","background-repeat":"repeat","background-position":"center center","background-size":"auto","background-attachment":"scroll","background-type":"","background-media":"","overlay-type":"","overlay-color":"","overlay-opacity":"","overlay-gradient":""},"tablet":{"background-color":"var(--ast-global-color-5)","background-image":"","background-repeat":"repeat","background-position":"center center","background-size":"auto","background-attachment":"scroll","background-type":"","background-media":"","overlay-type":"","overlay-color":"","overlay-opacity":"","overlay-gradient":""},"mobile":{"background-color":"var(--ast-global-color-5)","background-image":"","background-repeat":"repeat","background-position":"center center","background-size":"auto","background-attachment":"scroll","background-type":"","background-media":"","overlay-type":"","overlay-color":"","overlay-opacity":"","overlay-gradient":""}}},"product_brand":[],"product_cat":[1001],"product_tag":[],"class_list":{"0":"post-7491","1":"product","2":"type-product","3":"status-publish","4":"has-post-thumbnail","6":"product_cat-husholdningsartikler","7":"desktop-align-left","8":"tablet-align-left","9":"mobile-align-left","11":"first","12":"instock","13":"shipping-taxable","14":"purchasable","15":"product-type-simple"},"_links":{"self":[{"href":"https:\/\/keluvo.com\/no\/wp-json\/wp\/v2\/product\/7491","targetHints":{"allow":["GET"]}}],"collection":[{"href":"https:\/\/keluvo.com\/no\/wp-json\/wp\/v2\/product"}],"about":[{"href":"https:\/\/keluvo.com\/no\/wp-json\/wp\/v2\/types\/product"}],"replies":[{"embeddable":true,"href":"https:\/\/keluvo.com\/no\/wp-json\/wp\/v2\/comments?post=7491"}],"wp:featuredmedia":[{"embeddable":true,"href":"https:\/\/keluvo.com\/no\/wp-json\/wp\/v2\/media\/7487"}],"wp:attachment":[{"href":"https:\/\/keluvo.com\/no\/wp-json\/wp\/v2\/media?parent=7491"}],"wp:term":[{"taxonomy":"product_brand","embeddable":true,"href":"https:\/\/keluvo.com\/no\/wp-json\/wp\/v2\/product_brand?post=7491"},{"taxonomy":"product_cat","embeddable":true,"href":"https:\/\/keluvo.com\/no\/wp-json\/wp\/v2\/product_cat?post=7491"},{"taxonomy":"product_tag","embeddable":true,"href":"https:\/\/keluvo.com\/no\/wp-json\/wp\/v2\/product_tag?post=7491"}],"curies":[{"name":"wp","href":"https:\/\/api.w.org\/{rel}","templated":true}]}}