{"id":7473,"date":"2025-01-09T13:29:44","date_gmt":"2025-01-09T11:29:44","guid":{"rendered":"https:\/\/keluvo.com\/no\/produkt\/baerbar-led-bordlampe\/"},"modified":"2025-01-09T13:29:45","modified_gmt":"2025-01-09T11:29:45","slug":"baerbar-led-bordlampe","status":"publish","type":"product","link":"https:\/\/keluvo.com\/no\/produkt\/baerbar-led-bordlampe\/","title":{"rendered":"B\u00e6rbar LED-bordlampe"},"content":{"rendered":"<h2 style=\"text-align: center\"><strong>Elegant og moderne design<\/strong><\/h2>\n<p style=\"text-align: center\">Den b\u00e6rbare LED-bordlampen har en krystalldekor som tilf\u00f8rer et snev av eleganse til ethvert rom. Det elegante og moderne utseendet gj\u00f8r den perfekt for soverom, stuer eller som et dekorativt element p\u00e5 bordet. Forbedre stemningen i hjemmet ditt med denne stilige lampen.<\/p>\n<p><img decoding=\"async\" class=\"alignnone size-medium wp-image-4677 aligncenter\" src=\"https:\/\/keluvo.com\/template\/wp-content\/uploads\/sites\/5\/2024\/12\/Sd1d337edfc8e4310b41689b45d0b9ec6f.webp\" alt=\"\" \/><\/p>\n<h2 style=\"text-align: center\"><strong>Justerbare belysningsalternativer<\/strong><\/h2>\n<p style=\"text-align: center\">Med en 3-veis dimbar ber\u00f8ringsfunksjon lar den b\u00e6rbare LED-bordlampen deg velge mellom varmt, hvitt og blandet lys. Du kan enkelt bytte modus etter hum\u00f8r eller behov, enten det er for lesing, avslapning eller dekorasjon. En full lading gir 5-10 timers tr\u00e5dl\u00f8s belysning, avhengig av modus.<\/p>\n<p><img decoding=\"async\" class=\"alignnone size-medium wp-image-4674 aligncenter\" src=\"https:\/\/keluvo.com\/template\/wp-content\/uploads\/sites\/5\/2024\/12\/Bar-Touch-Table-Lamp-Rechargeable-Wireless-Desk-Lamp-Portable-Bedroom-Night-Light-LED-Decor-Lights-for.jpg_.webp\" alt=\"\" \/><\/p>\n","protected":false},"excerpt":{"rendered":"<p>Elegant og moderne design Den b\u00e6rbare LED-bordlampen har en krystalldekor som tilf\u00f8rer et snev av eleganse til ethvert rom. Det [&hellip;]<\/p>\n","protected":false},"featured_media":7469,"comment_status":"open","ping_status":"closed","template":"","meta":{"site-sidebar-layout":"default","site-content-layout":"","ast-site-content-layout":"default","site-content-style":"default","site-sidebar-style":"default","ast-global-header-display":"","ast-banner-title-visibility":"","ast-main-header-display":"","ast-hfb-above-header-display":"","ast-hfb-below-header-display":"","ast-hfb-mobile-header-display":"","site-post-title":"","ast-breadcrumbs-content":"","ast-featured-img":"","footer-sml-layout":"","theme-transparent-header-meta":"default","adv-header-id-meta":"","stick-header-meta":"","header-above-stick-meta":"","header-main-stick-meta":"","header-below-stick-meta":"","astra-migrate-meta-layouts":"set","ast-page-background-enabled":"default","ast-page-background-meta":{"desktop":{"background-color":"var(--ast-global-color-4)","background-image":"","background-repeat":"repeat","background-position":"center center","background-size":"auto","background-attachment":"scroll","background-type":"","background-media":"","overlay-type":"","overlay-color":"","overlay-opacity":"","overlay-gradient":""},"tablet":{"background-color":"","background-image":"","background-repeat":"repeat","background-position":"center center","background-size":"auto","background-attachment":"scroll","background-type":"","background-media":"","overlay-type":"","overlay-color":"","overlay-opacity":"","overlay-gradient":""},"mobile":{"background-color":"","background-image":"","background-repeat":"repeat","background-position":"center center","background-size":"auto","background-attachment":"scroll","background-type":"","background-media":"","overlay-type":"","overlay-color":"","overlay-opacity":"","overlay-gradient":""}},"ast-content-background-meta":{"desktop":{"background-color":"var(--ast-global-color-5)","background-image":"","background-repeat":"repeat","background-position":"center center","background-size":"auto","background-attachment":"scroll","background-type":"","background-media":"","overlay-type":"","overlay-color":"","overlay-opacity":"","overlay-gradient":""},"tablet":{"background-color":"var(--ast-global-color-5)","background-image":"","background-repeat":"repeat","background-position":"center center","background-size":"auto","background-attachment":"scroll","background-type":"","background-media":"","overlay-type":"","overlay-color":"","overlay-opacity":"","overlay-gradient":""},"mobile":{"background-color":"var(--ast-global-color-5)","background-image":"","background-repeat":"repeat","background-position":"center center","background-size":"auto","background-attachment":"scroll","background-type":"","background-media":"","overlay-type":"","overlay-color":"","overlay-opacity":"","overlay-gradient":""}}},"product_brand":[],"product_cat":[1001],"product_tag":[],"class_list":{"0":"post-7473","1":"product","2":"type-product","3":"status-publish","4":"has-post-thumbnail","6":"product_cat-husholdningsartikler","7":"desktop-align-left","8":"tablet-align-left","9":"mobile-align-left","11":"first","12":"instock","13":"shipping-taxable","14":"purchasable","15":"product-type-simple"},"_links":{"self":[{"href":"https:\/\/keluvo.com\/no\/wp-json\/wp\/v2\/product\/7473","targetHints":{"allow":["GET"]}}],"collection":[{"href":"https:\/\/keluvo.com\/no\/wp-json\/wp\/v2\/product"}],"about":[{"href":"https:\/\/keluvo.com\/no\/wp-json\/wp\/v2\/types\/product"}],"replies":[{"embeddable":true,"href":"https:\/\/keluvo.com\/no\/wp-json\/wp\/v2\/comments?post=7473"}],"wp:featuredmedia":[{"embeddable":true,"href":"https:\/\/keluvo.com\/no\/wp-json\/wp\/v2\/media\/7469"}],"wp:attachment":[{"href":"https:\/\/keluvo.com\/no\/wp-json\/wp\/v2\/media?parent=7473"}],"wp:term":[{"taxonomy":"product_brand","embeddable":true,"href":"https:\/\/keluvo.com\/no\/wp-json\/wp\/v2\/product_brand?post=7473"},{"taxonomy":"product_cat","embeddable":true,"href":"https:\/\/keluvo.com\/no\/wp-json\/wp\/v2\/product_cat?post=7473"},{"taxonomy":"product_tag","embeddable":true,"href":"https:\/\/keluvo.com\/no\/wp-json\/wp\/v2\/product_tag?post=7473"}],"curies":[{"name":"wp","href":"https:\/\/api.w.org\/{rel}","templated":true}]}}