{"id":7409,"date":"2025-01-08T11:25:58","date_gmt":"2025-01-08T09:25:58","guid":{"rendered":"https:\/\/keluvo.com\/no\/produkt\/dobbelt-led-arbeidslys-pa-siden\/"},"modified":"2025-03-14T13:30:31","modified_gmt":"2025-03-14T11:30:31","slug":"dobbelt-led-arbeidslys-pa-siden","status":"publish","type":"product","link":"https:\/\/keluvo.com\/no\/produkt\/dobbelt-led-arbeidslys-pa-siden\/","title":{"rendered":"Dobbelt LED-arbeidslys p\u00e5 siden"},"content":{"rendered":"<h2 style=\"text-align: center;\"><strong>Kraftig belysning p\u00e5 to sider<\/strong><\/h2>\n<p style=\"text-align: center;\">LED-arbeidslykten med to sider gir sterk hvit og gul belysning for maksimal synlighet. Med en lysstyrke p\u00e5 9000 lumen og en bred 121-graders str\u00e5levinkel gir den utmerket dekning for alle oppgaver og kj\u00f8ret\u00f8y.<\/p>\n<p><img decoding=\"async\" class=\"alignnone size-medium wp-image-5022 aligncenter\" src=\"https:\/\/keluvo.com\/template\/wp-content\/uploads\/sites\/5\/2024\/12\/S4732c55e9cc44d8b87555c4526a02441c.jpg_960x960q75.jpg_.jpeg\" alt=\"\" \/><\/p>\n<h2 style=\"text-align: center;\"><strong>Slitesterk og vanntett design<\/strong><\/h2>\n<p style=\"text-align: center;\">LED-arbeidslykten med to sider er laget av en sterk aluminiumslegering og er bygget for \u00e5 vare. IP67-vanntettklassifiseringen og braketten i rustfritt st\u00e5l sikrer p\u00e5litelig ytelse under alle v\u00e6rforhold, fra regn til ekstreme temperaturer.<\/p>\n<p><img decoding=\"async\" class=\"alignnone size-medium wp-image-5020 aligncenter\" src=\"https:\/\/keluvo.com\/template\/wp-content\/uploads\/sites\/5\/2024\/12\/S7bba8c7f8b8e4385b907b4faa020bb3am.jpg_960x960q75.jpg_.jpeg\" \/><\/p>\n","protected":false},"excerpt":{"rendered":"<p>Kraftig belysning p\u00e5 to sider LED-arbeidslykten med to sider gir sterk hvit og gul belysning for maksimal synlighet. Med en [&hellip;]<\/p>\n","protected":false},"featured_media":7405,"comment_status":"open","ping_status":"closed","template":"","meta":{"site-sidebar-layout":"default","site-content-layout":"","ast-site-content-layout":"default","site-content-style":"default","site-sidebar-style":"default","ast-global-header-display":"","ast-banner-title-visibility":"","ast-main-header-display":"","ast-hfb-above-header-display":"","ast-hfb-below-header-display":"","ast-hfb-mobile-header-display":"","site-post-title":"","ast-breadcrumbs-content":"","ast-featured-img":"","footer-sml-layout":"","theme-transparent-header-meta":"default","adv-header-id-meta":"","stick-header-meta":"","header-above-stick-meta":"","header-main-stick-meta":"","header-below-stick-meta":"","astra-migrate-meta-layouts":"set","ast-page-background-enabled":"default","ast-page-background-meta":{"desktop":{"background-color":"var(--ast-global-color-4)","background-image":"","background-repeat":"repeat","background-position":"center center","background-size":"auto","background-attachment":"scroll","background-type":"","background-media":"","overlay-type":"","overlay-color":"","overlay-opacity":"","overlay-gradient":""},"tablet":{"background-color":"","background-image":"","background-repeat":"repeat","background-position":"center center","background-size":"auto","background-attachment":"scroll","background-type":"","background-media":"","overlay-type":"","overlay-color":"","overlay-opacity":"","overlay-gradient":""},"mobile":{"background-color":"","background-image":"","background-repeat":"repeat","background-position":"center center","background-size":"auto","background-attachment":"scroll","background-type":"","background-media":"","overlay-type":"","overlay-color":"","overlay-opacity":"","overlay-gradient":""}},"ast-content-background-meta":{"desktop":{"background-color":"var(--ast-global-color-5)","background-image":"","background-repeat":"repeat","background-position":"center center","background-size":"auto","background-attachment":"scroll","background-type":"","background-media":"","overlay-type":"","overlay-color":"","overlay-opacity":"","overlay-gradient":""},"tablet":{"background-color":"var(--ast-global-color-5)","background-image":"","background-repeat":"repeat","background-position":"center center","background-size":"auto","background-attachment":"scroll","background-type":"","background-media":"","overlay-type":"","overlay-color":"","overlay-opacity":"","overlay-gradient":""},"mobile":{"background-color":"var(--ast-global-color-5)","background-image":"","background-repeat":"repeat","background-position":"center center","background-size":"auto","background-attachment":"scroll","background-type":"","background-media":"","overlay-type":"","overlay-color":"","overlay-opacity":"","overlay-gradient":""}}},"product_brand":[],"product_cat":[1001],"product_tag":[],"class_list":{"0":"post-7409","1":"product","2":"type-product","3":"status-publish","4":"has-post-thumbnail","6":"product_cat-husholdningsartikler","7":"pa_9m0mkafo-hvit-bla-rod","8":"pa_9m0mkafo-hvit-og-gul","9":"pa_9m0mkafo-hvitt-og-blatt","10":"desktop-align-left","11":"tablet-align-left","12":"mobile-align-left","14":"first","15":"instock","16":"shipping-taxable","17":"purchasable","18":"product-type-variable","19":"has-default-attributes"},"_links":{"self":[{"href":"https:\/\/keluvo.com\/no\/wp-json\/wp\/v2\/product\/7409","targetHints":{"allow":["GET"]}}],"collection":[{"href":"https:\/\/keluvo.com\/no\/wp-json\/wp\/v2\/product"}],"about":[{"href":"https:\/\/keluvo.com\/no\/wp-json\/wp\/v2\/types\/product"}],"replies":[{"embeddable":true,"href":"https:\/\/keluvo.com\/no\/wp-json\/wp\/v2\/comments?post=7409"}],"wp:featuredmedia":[{"embeddable":true,"href":"https:\/\/keluvo.com\/no\/wp-json\/wp\/v2\/media\/7405"}],"wp:attachment":[{"href":"https:\/\/keluvo.com\/no\/wp-json\/wp\/v2\/media?parent=7409"}],"wp:term":[{"taxonomy":"product_brand","embeddable":true,"href":"https:\/\/keluvo.com\/no\/wp-json\/wp\/v2\/product_brand?post=7409"},{"taxonomy":"product_cat","embeddable":true,"href":"https:\/\/keluvo.com\/no\/wp-json\/wp\/v2\/product_cat?post=7409"},{"taxonomy":"product_tag","embeddable":true,"href":"https:\/\/keluvo.com\/no\/wp-json\/wp\/v2\/product_tag?post=7409"}],"curies":[{"name":"wp","href":"https:\/\/api.w.org\/{rel}","templated":true}]}}