{"id":7181,"date":"2024-12-17T12:23:41","date_gmt":"2024-12-17T10:23:41","guid":{"rendered":"https:\/\/keluvo.com\/no\/produkt\/stjernebelysning-pa-biltak\/"},"modified":"2025-09-15T17:29:09","modified_gmt":"2025-09-15T14:29:09","slug":"stjernebelysning-pa-biltak","status":"publish","type":"product","link":"https:\/\/keluvo.com\/no\/produkt\/stjernebelysning-pa-biltak\/","title":{"rendered":"Stjernebelysning p\u00e5 biltak"},"content":{"rendered":"<h2 style=\"text-align: center\"><strong>Fantastisk stjernehimmeleffekt<\/strong><\/h2>\n<p style=\"text-align: center\">Stjernelyset p\u00e5 biltaket skaper en magisk atmosf\u00e6re med sin r\u00f8de, bl\u00e5 og lilla stjernehimmelprojeksjon. Nyt en romantisk og stilig visuell opplevelse som lyser opp bilens interi\u00f8r. Perfekt for \u00e5 forbedre nattlige kj\u00f8returer eller skape en unik atmosf\u00e6re.<\/p>\n<p><img decoding=\"async\" class=\"alignnone size-medium wp-image-4689 aligncenter\" src=\"https:\/\/keluvo.com\/template\/wp-content\/uploads\/sites\/5\/2024\/12\/LED-Car-Roof-Star-Night-Light-Interior-Decor-Light-For-Hyundai-Elantra-I30-Tucson-Accent-I10.jpg_960x960q75.jpg_-2.webp\" alt=\"\" \/><\/p>\n<h2 style=\"text-align: center\"><strong>Justerbar og allsidig design<\/strong><\/h2>\n<p style=\"text-align: center\">Biltaklykten er utstyrt med en justerbar brakett som gj\u00f8r det mulig \u00e5 rotere den 90 grader for tilpasset belysning. Den kompakte og lette designen gj\u00f8r den enkel \u00e5 bruke i biler, datamaskiner eller andre USB-drevne enheter. Passer til ulike bruksomr\u00e5der, fra interi\u00f8rdekorasjon til n\u00f8dbelysning.<\/p>\n<p><img fetchpriority=\"high\" decoding=\"async\" width=\"1000\" height=\"1000\" class=\"size-medium wp-image-10955 aligncenter\" src=\"https:\/\/keluvo.com\/no\/wp-content\/uploads\/sites\/10\/2024\/12\/S37676da78eb74c8a8a9cc6ea6c5aedceA.jpg\" alt=\"\" srcset=\"https:\/\/keluvo.com\/no\/wp-content\/uploads\/sites\/10\/2024\/12\/S37676da78eb74c8a8a9cc6ea6c5aedceA.jpg 1000w, https:\/\/keluvo.com\/no\/wp-content\/uploads\/sites\/10\/2024\/12\/S37676da78eb74c8a8a9cc6ea6c5aedceA-300x300.jpg 300w, https:\/\/keluvo.com\/no\/wp-content\/uploads\/sites\/10\/2024\/12\/S37676da78eb74c8a8a9cc6ea6c5aedceA-150x150.jpg 150w, https:\/\/keluvo.com\/no\/wp-content\/uploads\/sites\/10\/2024\/12\/S37676da78eb74c8a8a9cc6ea6c5aedceA-768x768.jpg 768w, https:\/\/keluvo.com\/no\/wp-content\/uploads\/sites\/10\/2024\/12\/S37676da78eb74c8a8a9cc6ea6c5aedceA-600x600.jpg 600w, https:\/\/keluvo.com\/no\/wp-content\/uploads\/sites\/10\/2024\/12\/S37676da78eb74c8a8a9cc6ea6c5aedceA-100x100.jpg 100w, https:\/\/keluvo.com\/no\/wp-content\/uploads\/sites\/10\/2024\/12\/S37676da78eb74c8a8a9cc6ea6c5aedceA-50x50.jpg 50w\" sizes=\"(max-width: 1000px) 100vw, 1000px\" \/><\/p>\n","protected":false},"excerpt":{"rendered":"<p>Fantastisk stjernehimmeleffekt Stjernelyset p\u00e5 biltaket skaper en magisk atmosf\u00e6re med sin r\u00f8de, bl\u00e5 og lilla stjernehimmelprojeksjon. Nyt en romantisk og [&hellip;]<\/p>\n","protected":false},"featured_media":7177,"comment_status":"open","ping_status":"closed","template":"","meta":{"site-sidebar-layout":"default","site-content-layout":"","ast-site-content-layout":"default","site-content-style":"default","site-sidebar-style":"default","ast-global-header-display":"","ast-banner-title-visibility":"","ast-main-header-display":"","ast-hfb-above-header-display":"","ast-hfb-below-header-display":"","ast-hfb-mobile-header-display":"","site-post-title":"","ast-breadcrumbs-content":"","ast-featured-img":"","footer-sml-layout":"","theme-transparent-header-meta":"default","adv-header-id-meta":"","stick-header-meta":"","header-above-stick-meta":"","header-main-stick-meta":"","header-below-stick-meta":"","astra-migrate-meta-layouts":"set","ast-page-background-enabled":"default","ast-page-background-meta":{"desktop":{"background-color":"var(--ast-global-color-4)","background-image":"","background-repeat":"repeat","background-position":"center center","background-size":"auto","background-attachment":"scroll","background-type":"","background-media":"","overlay-type":"","overlay-color":"","overlay-opacity":"","overlay-gradient":""},"tablet":{"background-color":"","background-image":"","background-repeat":"repeat","background-position":"center center","background-size":"auto","background-attachment":"scroll","background-type":"","background-media":"","overlay-type":"","overlay-color":"","overlay-opacity":"","overlay-gradient":""},"mobile":{"background-color":"","background-image":"","background-repeat":"repeat","background-position":"center center","background-size":"auto","background-attachment":"scroll","background-type":"","background-media":"","overlay-type":"","overlay-color":"","overlay-opacity":"","overlay-gradient":""}},"ast-content-background-meta":{"desktop":{"background-color":"var(--ast-global-color-5)","background-image":"","background-repeat":"repeat","background-position":"center center","background-size":"auto","background-attachment":"scroll","background-type":"","background-media":"","overlay-type":"","overlay-color":"","overlay-opacity":"","overlay-gradient":""},"tablet":{"background-color":"var(--ast-global-color-5)","background-image":"","background-repeat":"repeat","background-position":"center center","background-size":"auto","background-attachment":"scroll","background-type":"","background-media":"","overlay-type":"","overlay-color":"","overlay-opacity":"","overlay-gradient":""},"mobile":{"background-color":"var(--ast-global-color-5)","background-image":"","background-repeat":"repeat","background-position":"center center","background-size":"auto","background-attachment":"scroll","background-type":"","background-media":"","overlay-type":"","overlay-color":"","overlay-opacity":"","overlay-gradient":""}}},"product_brand":[],"product_cat":[998],"product_tag":[],"class_list":{"0":"post-7181","1":"product","2":"type-product","3":"status-publish","4":"has-post-thumbnail","6":"product_cat-bilprodukter","7":"pa_xo8wvzpv-lilla","8":"pa_xo8wvzpv-rod","9":"desktop-align-left","10":"tablet-align-left","11":"mobile-align-left","13":"first","14":"instock","15":"shipping-taxable","16":"purchasable","17":"product-type-variable"},"_links":{"self":[{"href":"https:\/\/keluvo.com\/no\/wp-json\/wp\/v2\/product\/7181","targetHints":{"allow":["GET"]}}],"collection":[{"href":"https:\/\/keluvo.com\/no\/wp-json\/wp\/v2\/product"}],"about":[{"href":"https:\/\/keluvo.com\/no\/wp-json\/wp\/v2\/types\/product"}],"replies":[{"embeddable":true,"href":"https:\/\/keluvo.com\/no\/wp-json\/wp\/v2\/comments?post=7181"}],"wp:featuredmedia":[{"embeddable":true,"href":"https:\/\/keluvo.com\/no\/wp-json\/wp\/v2\/media\/7177"}],"wp:attachment":[{"href":"https:\/\/keluvo.com\/no\/wp-json\/wp\/v2\/media?parent=7181"}],"wp:term":[{"taxonomy":"product_brand","embeddable":true,"href":"https:\/\/keluvo.com\/no\/wp-json\/wp\/v2\/product_brand?post=7181"},{"taxonomy":"product_cat","embeddable":true,"href":"https:\/\/keluvo.com\/no\/wp-json\/wp\/v2\/product_cat?post=7181"},{"taxonomy":"product_tag","embeddable":true,"href":"https:\/\/keluvo.com\/no\/wp-json\/wp\/v2\/product_tag?post=7181"}],"curies":[{"name":"wp","href":"https:\/\/api.w.org\/{rel}","templated":true}]}}