{"id":7158,"date":"2024-12-17T12:13:10","date_gmt":"2024-12-17T10:13:10","guid":{"rendered":"https:\/\/keluvo.com\/no\/produkt\/spiral-gronnsakssnitter\/"},"modified":"2024-12-17T12:13:11","modified_gmt":"2024-12-17T10:13:11","slug":"spiral-gronnsakssnitter","status":"publish","type":"product","link":"https:\/\/keluvo.com\/no\/produkt\/spiral-gronnsakssnitter\/","title":{"rendered":"Spiral gr\u00f8nnsakssnitter"},"content":{"rendered":"<h2 style=\"text-align: center\"><strong>Enkel gr\u00f8nnsaksdekorasjon<\/strong><\/h2>\n<p style=\"text-align: center\">Gr\u00f8nnsakssnitteren gj\u00f8r det enkelt og raskt \u00e5 lage vakre gr\u00f8nnsaksruller. Den er perfekt til agurker, gulr\u00f8tter og squash, og hjelper deg med \u00e5 lage i\u00f8ynefallende retter til fester, bryllup eller familiemiddager. Imponer gjestene dine med dekorative og kreative matpresentasjoner.<\/p>\n<p><img decoding=\"async\" class=\"alignnone size-medium wp-image-4591 aligncenter\" src=\"https:\/\/keluvo.com\/template\/wp-content\/uploads\/sites\/5\/2024\/12\/Creative-Manual-Spiral-Slicers-Vegetable-Cutter-Spiral-Peeler-Fruits-Device-Cooking-Gadget-Kitchen-Roll-Flower-Decorative.jpg_.webp\" alt=\"\" \/><\/p>\n<h2 style=\"text-align: center\"><strong>kompakt og enkel design<\/strong><\/h2>\n<p style=\"text-align: center\">Lett og b\u00e6rbar, spiralformet gr\u00f8nnsakssnitter som passer i enhver kj\u00f8kkenskuff eller skap. Den kompakte designen gj\u00f8r den enkel \u00e5 oppbevare og rengj\u00f8re. Den er et praktisk verkt\u00f8y for alle kj\u00f8kken, b\u00e5de til daglig matlaging og til spesielle anledninger.<\/p>\n<p><img decoding=\"async\" class=\"alignnone size-medium wp-image-4589 aligncenter\" src=\"https:\/\/keluvo.com\/template\/wp-content\/uploads\/sites\/5\/2024\/12\/Creative-Manual-Spiral-Slicers-Vegetable-Cutter-Spiral-Peeler-Fruits-Device-Cooking-Gadget-Kitchen-Roll-Flower-Decorative.jpg_-2.webp\" alt=\"\" \/><\/p>\n","protected":false},"excerpt":{"rendered":"<p>Enkel gr\u00f8nnsaksdekorasjon Gr\u00f8nnsakssnitteren gj\u00f8r det enkelt og raskt \u00e5 lage vakre gr\u00f8nnsaksruller. Den er perfekt til agurker, gulr\u00f8tter og squash, [&hellip;]<\/p>\n","protected":false},"featured_media":7154,"comment_status":"open","ping_status":"closed","template":"","meta":{"site-sidebar-layout":"default","site-content-layout":"","ast-site-content-layout":"default","site-content-style":"default","site-sidebar-style":"default","ast-global-header-display":"","ast-banner-title-visibility":"","ast-main-header-display":"","ast-hfb-above-header-display":"","ast-hfb-below-header-display":"","ast-hfb-mobile-header-display":"","site-post-title":"","ast-breadcrumbs-content":"","ast-featured-img":"","footer-sml-layout":"","theme-transparent-header-meta":"default","adv-header-id-meta":"","stick-header-meta":"","header-above-stick-meta":"","header-main-stick-meta":"","header-below-stick-meta":"","astra-migrate-meta-layouts":"set","ast-page-background-enabled":"default","ast-page-background-meta":{"desktop":{"background-color":"var(--ast-global-color-4)","background-image":"","background-repeat":"repeat","background-position":"center center","background-size":"auto","background-attachment":"scroll","background-type":"","background-media":"","overlay-type":"","overlay-color":"","overlay-opacity":"","overlay-gradient":""},"tablet":{"background-color":"","background-image":"","background-repeat":"repeat","background-position":"center center","background-size":"auto","background-attachment":"scroll","background-type":"","background-media":"","overlay-type":"","overlay-color":"","overlay-opacity":"","overlay-gradient":""},"mobile":{"background-color":"","background-image":"","background-repeat":"repeat","background-position":"center center","background-size":"auto","background-attachment":"scroll","background-type":"","background-media":"","overlay-type":"","overlay-color":"","overlay-opacity":"","overlay-gradient":""}},"ast-content-background-meta":{"desktop":{"background-color":"var(--ast-global-color-5)","background-image":"","background-repeat":"repeat","background-position":"center center","background-size":"auto","background-attachment":"scroll","background-type":"","background-media":"","overlay-type":"","overlay-color":"","overlay-opacity":"","overlay-gradient":""},"tablet":{"background-color":"var(--ast-global-color-5)","background-image":"","background-repeat":"repeat","background-position":"center center","background-size":"auto","background-attachment":"scroll","background-type":"","background-media":"","overlay-type":"","overlay-color":"","overlay-opacity":"","overlay-gradient":""},"mobile":{"background-color":"var(--ast-global-color-5)","background-image":"","background-repeat":"repeat","background-position":"center center","background-size":"auto","background-attachment":"scroll","background-type":"","background-media":"","overlay-type":"","overlay-color":"","overlay-opacity":"","overlay-gradient":""}}},"product_brand":[],"product_cat":[1001],"product_tag":[],"class_list":{"0":"post-7158","1":"product","2":"type-product","3":"status-publish","4":"has-post-thumbnail","6":"product_cat-husholdningsartikler","7":"desktop-align-left","8":"tablet-align-left","9":"mobile-align-left","11":"first","12":"instock","13":"shipping-taxable","14":"purchasable","15":"product-type-simple"},"_links":{"self":[{"href":"https:\/\/keluvo.com\/no\/wp-json\/wp\/v2\/product\/7158","targetHints":{"allow":["GET"]}}],"collection":[{"href":"https:\/\/keluvo.com\/no\/wp-json\/wp\/v2\/product"}],"about":[{"href":"https:\/\/keluvo.com\/no\/wp-json\/wp\/v2\/types\/product"}],"replies":[{"embeddable":true,"href":"https:\/\/keluvo.com\/no\/wp-json\/wp\/v2\/comments?post=7158"}],"wp:featuredmedia":[{"embeddable":true,"href":"https:\/\/keluvo.com\/no\/wp-json\/wp\/v2\/media\/7154"}],"wp:attachment":[{"href":"https:\/\/keluvo.com\/no\/wp-json\/wp\/v2\/media?parent=7158"}],"wp:term":[{"taxonomy":"product_brand","embeddable":true,"href":"https:\/\/keluvo.com\/no\/wp-json\/wp\/v2\/product_brand?post=7158"},{"taxonomy":"product_cat","embeddable":true,"href":"https:\/\/keluvo.com\/no\/wp-json\/wp\/v2\/product_cat?post=7158"},{"taxonomy":"product_tag","embeddable":true,"href":"https:\/\/keluvo.com\/no\/wp-json\/wp\/v2\/product_tag?post=7158"}],"curies":[{"name":"wp","href":"https:\/\/api.w.org\/{rel}","templated":true}]}}