{"id":7144,"date":"2024-12-17T12:10:55","date_gmt":"2024-12-17T10:10:55","guid":{"rendered":"https:\/\/keluvo.com\/no\/produkt\/kombinasjon-av-smartklokke-orepropper\/"},"modified":"2025-09-04T17:49:06","modified_gmt":"2025-09-04T14:49:06","slug":"kombinasjon-av-smartklokke-orepropper","status":"publish","type":"product","link":"https:\/\/keluvo.com\/no\/produkt\/kombinasjon-av-smartklokke-orepropper\/","title":{"rendered":"Kombinasjon av smartklokke-\u00f8repropper"},"content":{"rendered":"<h2 style=\"text-align: center\"><strong>Smartklokke og \u00f8repropper i ett<\/strong><\/h2>\n<p style=\"text-align: center\">Kombinasjonen av smartklokke og \u00f8repropper kombinerer en treningsm\u00e5ler og tr\u00e5dl\u00f8se \u00f8repropper i \u00e9n og samme enhet. \u00d8reproppene lagres og lades i klokken, noe som gj\u00f8r dem enkle \u00e5 ta med seg og alltid klare til bruk. Nyt musikk, samtaler og treningssporing uten \u00e5 b\u00e6re med deg ekstra enheter.<\/p>\n<p><img decoding=\"async\" class=\"alignnone size-medium wp-image-4864 aligncenter\" src=\"https:\/\/keluvo.com\/template\/wp-content\/uploads\/sites\/5\/2024\/12\/S5338d5b03e354c00ab776d5ab9b52a16d.jpg_960x960q75.jpg_.avif\" alt=\"\" \/><\/p>\n<h2 style=\"text-align: center\"><strong>enkel treningssporing<\/strong><\/h2>\n<p style=\"text-align: center\">Med 24-timers puls-, blodtrykks- og s\u00f8vnoverv\u00e5king hjelper smartklokke-\u00f8reproppene deg med \u00e5 spore helsen din. Den registrerer ogs\u00e5 skritt, distanse og kaloriforbruk under trenings\u00f8kter. Hold deg informert om trenings- og helsem\u00e5lene dine med \u00e9n smartenhet.<\/p>\n<p><img decoding=\"async\" class=\"alignnone size-medium wp-image-4869 aligncenter\" src=\"https:\/\/keluvo.com\/template\/wp-content\/uploads\/sites\/5\/2024\/12\/S91676741b9b34231af97bed26fcf4b47M.jpg_960x960q75.jpg_.avif\" alt=\"\" \/><\/p>\n<h2 style=\"text-align: center\"><strong>s\u00f8ml\u00f8s Bluetooth-tilkobling<\/strong><\/h2>\n<p style=\"text-align: center\">Smartklokke-\u00f8reproppene st\u00f8tter Bluetooth 5.2 for s\u00f8ml\u00f8s tilkobling til telefonen din. Du kan ringe, spille av musikk og motta raske varsler direkte fra h\u00e5ndleddet. Enten du er p\u00e5 jobb eller p\u00e5 treningssenteret, holder denne kombinasjonen deg tilkoblet og underholdt.<\/p>\n<p><img decoding=\"async\" class=\"alignnone size-medium wp-image-4860\" src=\"https:\/\/keluvo.com\/template\/wp-content\/uploads\/sites\/5\/2024\/12\/S93f3ed80c5d543c492d1c565b3dcd7f1i.jpg_960x960q75.jpg_.avif\" alt=\"\" \/><\/p>\n","protected":false},"excerpt":{"rendered":"<p>Smartklokke og \u00f8repropper i ett Kombinasjonen av smartklokke og \u00f8repropper kombinerer en treningsm\u00e5ler og tr\u00e5dl\u00f8se \u00f8repropper i \u00e9n og samme [&hellip;]<\/p>\n","protected":false},"featured_media":7140,"comment_status":"open","ping_status":"closed","template":"","meta":{"site-sidebar-layout":"default","site-content-layout":"","ast-site-content-layout":"default","site-content-style":"default","site-sidebar-style":"default","ast-global-header-display":"","ast-banner-title-visibility":"","ast-main-header-display":"","ast-hfb-above-header-display":"","ast-hfb-below-header-display":"","ast-hfb-mobile-header-display":"","site-post-title":"","ast-breadcrumbs-content":"","ast-featured-img":"","footer-sml-layout":"","theme-transparent-header-meta":"default","adv-header-id-meta":"","stick-header-meta":"","header-above-stick-meta":"","header-main-stick-meta":"","header-below-stick-meta":"","astra-migrate-meta-layouts":"set","ast-page-background-enabled":"default","ast-page-background-meta":{"desktop":{"background-color":"var(--ast-global-color-4)","background-image":"","background-repeat":"repeat","background-position":"center center","background-size":"auto","background-attachment":"scroll","background-type":"","background-media":"","overlay-type":"","overlay-color":"","overlay-opacity":"","overlay-gradient":""},"tablet":{"background-color":"","background-image":"","background-repeat":"repeat","background-position":"center center","background-size":"auto","background-attachment":"scroll","background-type":"","background-media":"","overlay-type":"","overlay-color":"","overlay-opacity":"","overlay-gradient":""},"mobile":{"background-color":"","background-image":"","background-repeat":"repeat","background-position":"center center","background-size":"auto","background-attachment":"scroll","background-type":"","background-media":"","overlay-type":"","overlay-color":"","overlay-opacity":"","overlay-gradient":""}},"ast-content-background-meta":{"desktop":{"background-color":"var(--ast-global-color-5)","background-image":"","background-repeat":"repeat","background-position":"center center","background-size":"auto","background-attachment":"scroll","background-type":"","background-media":"","overlay-type":"","overlay-color":"","overlay-opacity":"","overlay-gradient":""},"tablet":{"background-color":"var(--ast-global-color-5)","background-image":"","background-repeat":"repeat","background-position":"center center","background-size":"auto","background-attachment":"scroll","background-type":"","background-media":"","overlay-type":"","overlay-color":"","overlay-opacity":"","overlay-gradient":""},"mobile":{"background-color":"var(--ast-global-color-5)","background-image":"","background-repeat":"repeat","background-position":"center center","background-size":"auto","background-attachment":"scroll","background-type":"","background-media":"","overlay-type":"","overlay-color":"","overlay-opacity":"","overlay-gradient":""}}},"product_brand":[],"product_cat":[993],"product_tag":[],"class_list":{"0":"post-7144","1":"product","2":"type-product","3":"status-publish","4":"has-post-thumbnail","6":"product_cat-skotoy-tilbehor","7":"pa_duq8f5xm-brun","8":"pa_duq8f5xm-rosa","9":"pa_duq8f5xm-solv","10":"pa_duq8f5xm-svart","11":"desktop-align-left","12":"tablet-align-left","13":"mobile-align-left","15":"first","16":"instock","17":"shipping-taxable","18":"purchasable","19":"product-type-variable"},"_links":{"self":[{"href":"https:\/\/keluvo.com\/no\/wp-json\/wp\/v2\/product\/7144","targetHints":{"allow":["GET"]}}],"collection":[{"href":"https:\/\/keluvo.com\/no\/wp-json\/wp\/v2\/product"}],"about":[{"href":"https:\/\/keluvo.com\/no\/wp-json\/wp\/v2\/types\/product"}],"replies":[{"embeddable":true,"href":"https:\/\/keluvo.com\/no\/wp-json\/wp\/v2\/comments?post=7144"}],"wp:featuredmedia":[{"embeddable":true,"href":"https:\/\/keluvo.com\/no\/wp-json\/wp\/v2\/media\/7140"}],"wp:attachment":[{"href":"https:\/\/keluvo.com\/no\/wp-json\/wp\/v2\/media?parent=7144"}],"wp:term":[{"taxonomy":"product_brand","embeddable":true,"href":"https:\/\/keluvo.com\/no\/wp-json\/wp\/v2\/product_brand?post=7144"},{"taxonomy":"product_cat","embeddable":true,"href":"https:\/\/keluvo.com\/no\/wp-json\/wp\/v2\/product_cat?post=7144"},{"taxonomy":"product_tag","embeddable":true,"href":"https:\/\/keluvo.com\/no\/wp-json\/wp\/v2\/product_tag?post=7144"}],"curies":[{"name":"wp","href":"https:\/\/api.w.org\/{rel}","templated":true}]}}