{"id":7130,"date":"2024-12-16T17:49:23","date_gmt":"2024-12-16T15:49:23","guid":{"rendered":"https:\/\/keluvo.com\/no\/produkt\/lommetorkleeske-til-bil\/"},"modified":"2024-12-16T17:49:34","modified_gmt":"2024-12-16T15:49:34","slug":"lommetorkleeske-til-bil","status":"publish","type":"product","link":"https:\/\/keluvo.com\/no\/produkt\/lommetorkleeske-til-bil\/","title":{"rendered":"Lommet\u00f8rkleeske til bil"},"content":{"rendered":"<h2 style=\"text-align: center\"><strong>Holder papirlommet\u00f8rkl\u00e6rne innen rekkevidde<\/strong><\/h2>\n<p style=\"text-align: center\">Papirlommet\u00f8rkleboksen er designet for \u00e5 holde papirlommet\u00f8rkl\u00e6rne lett tilgjengelige mens du kj\u00f8rer. Enten den er montert p\u00e5 solskjermen, seteryggen eller et annet sted, kan du raskt f\u00e5 tak i et papirlommet\u00f8rkle n\u00e5r du trenger det. Dette gj\u00f8r den perfekt for travle sj\u00e5f\u00f8rer og passasjerer.<\/p>\n<p><img decoding=\"async\" class=\"alignnone size-medium wp-image-4839 aligncenter\" src=\"https:\/\/keluvo.com\/template\/wp-content\/uploads\/sites\/5\/2024\/12\/S80835bd94ee5455ebcb45eafa0120181h.jpg_960x960q75.jpg_.avif\" alt=\"\" \/><\/p>\n<h2 style=\"text-align: center\"><strong>sparer plass i bilen<\/strong><\/h2>\n<p style=\"text-align: center\">Med sin kompakte og multifunksjonelle design bidrar papirlommet\u00f8rkleboksen til \u00e5 spare plass. Den holder papirlommet\u00f8rkleet organisert uten \u00e5 skape rot i bilen. Bruk den til \u00e5 holde bilen ryddig og oversiktlig p\u00e5 hverdagsturer eller lange turer.<\/p>\n<p><img decoding=\"async\" class=\"alignnone size-medium wp-image-4837 aligncenter\" src=\"https:\/\/keluvo.com\/template\/wp-content\/uploads\/sites\/5\/2024\/12\/S14c0c547b9734de68ab4821603cece8fa.jpg_960x960q75.jpg_.avif\" alt=\"\" \/><\/p>\n","protected":false},"excerpt":{"rendered":"<p>Holder papirlommet\u00f8rkl\u00e6rne innen rekkevidde Papirlommet\u00f8rkleboksen er designet for \u00e5 holde papirlommet\u00f8rkl\u00e6rne lett tilgjengelige mens du kj\u00f8rer. Enten den er montert [&hellip;]<\/p>\n","protected":false},"featured_media":7126,"comment_status":"open","ping_status":"closed","template":"","meta":{"site-sidebar-layout":"default","site-content-layout":"","ast-site-content-layout":"default","site-content-style":"default","site-sidebar-style":"default","ast-global-header-display":"","ast-banner-title-visibility":"","ast-main-header-display":"","ast-hfb-above-header-display":"","ast-hfb-below-header-display":"","ast-hfb-mobile-header-display":"","site-post-title":"","ast-breadcrumbs-content":"","ast-featured-img":"","footer-sml-layout":"","theme-transparent-header-meta":"default","adv-header-id-meta":"","stick-header-meta":"","header-above-stick-meta":"","header-main-stick-meta":"","header-below-stick-meta":"","astra-migrate-meta-layouts":"set","ast-page-background-enabled":"default","ast-page-background-meta":{"desktop":{"background-color":"var(--ast-global-color-4)","background-image":"","background-repeat":"repeat","background-position":"center center","background-size":"auto","background-attachment":"scroll","background-type":"","background-media":"","overlay-type":"","overlay-color":"","overlay-opacity":"","overlay-gradient":""},"tablet":{"background-color":"","background-image":"","background-repeat":"repeat","background-position":"center center","background-size":"auto","background-attachment":"scroll","background-type":"","background-media":"","overlay-type":"","overlay-color":"","overlay-opacity":"","overlay-gradient":""},"mobile":{"background-color":"","background-image":"","background-repeat":"repeat","background-position":"center center","background-size":"auto","background-attachment":"scroll","background-type":"","background-media":"","overlay-type":"","overlay-color":"","overlay-opacity":"","overlay-gradient":""}},"ast-content-background-meta":{"desktop":{"background-color":"var(--ast-global-color-5)","background-image":"","background-repeat":"repeat","background-position":"center center","background-size":"auto","background-attachment":"scroll","background-type":"","background-media":"","overlay-type":"","overlay-color":"","overlay-opacity":"","overlay-gradient":""},"tablet":{"background-color":"var(--ast-global-color-5)","background-image":"","background-repeat":"repeat","background-position":"center center","background-size":"auto","background-attachment":"scroll","background-type":"","background-media":"","overlay-type":"","overlay-color":"","overlay-opacity":"","overlay-gradient":""},"mobile":{"background-color":"var(--ast-global-color-5)","background-image":"","background-repeat":"repeat","background-position":"center center","background-size":"auto","background-attachment":"scroll","background-type":"","background-media":"","overlay-type":"","overlay-color":"","overlay-opacity":"","overlay-gradient":""}}},"product_brand":[],"product_cat":[998],"product_tag":[],"class_list":{"0":"post-7130","1":"product","2":"type-product","3":"status-publish","4":"has-post-thumbnail","6":"product_cat-bilprodukter","7":"pa_2com61j0-beige","8":"pa_2com61j0-svart","9":"desktop-align-left","10":"tablet-align-left","11":"mobile-align-left","13":"first","14":"instock","15":"shipping-taxable","16":"purchasable","17":"product-type-variable"},"_links":{"self":[{"href":"https:\/\/keluvo.com\/no\/wp-json\/wp\/v2\/product\/7130","targetHints":{"allow":["GET"]}}],"collection":[{"href":"https:\/\/keluvo.com\/no\/wp-json\/wp\/v2\/product"}],"about":[{"href":"https:\/\/keluvo.com\/no\/wp-json\/wp\/v2\/types\/product"}],"replies":[{"embeddable":true,"href":"https:\/\/keluvo.com\/no\/wp-json\/wp\/v2\/comments?post=7130"}],"wp:featuredmedia":[{"embeddable":true,"href":"https:\/\/keluvo.com\/no\/wp-json\/wp\/v2\/media\/7126"}],"wp:attachment":[{"href":"https:\/\/keluvo.com\/no\/wp-json\/wp\/v2\/media?parent=7130"}],"wp:term":[{"taxonomy":"product_brand","embeddable":true,"href":"https:\/\/keluvo.com\/no\/wp-json\/wp\/v2\/product_brand?post=7130"},{"taxonomy":"product_cat","embeddable":true,"href":"https:\/\/keluvo.com\/no\/wp-json\/wp\/v2\/product_cat?post=7130"},{"taxonomy":"product_tag","embeddable":true,"href":"https:\/\/keluvo.com\/no\/wp-json\/wp\/v2\/product_tag?post=7130"}],"curies":[{"name":"wp","href":"https:\/\/api.w.org\/{rel}","templated":true}]}}