{"id":7115,"date":"2024-12-16T17:47:14","date_gmt":"2024-12-16T15:47:14","guid":{"rendered":"https:\/\/keluvo.com\/no\/produkt\/montessori-puslespill\/"},"modified":"2024-12-16T17:47:29","modified_gmt":"2024-12-16T15:47:29","slug":"montessori-puslespill","status":"publish","type":"product","link":"https:\/\/keluvo.com\/no\/produkt\/montessori-puslespill\/","title":{"rendered":"Montessori-puslespill"},"content":{"rendered":"<h2 style=\"text-align: center\"><strong>Engasjerende og morsom l\u00e6ring<\/strong><\/h2>\n<p style=\"text-align: center\">Montessori-puslespillet er designet for \u00e5 utfordre og underholde b\u00e5de barn og voksne. Hvert puslespill oppmuntrer til logisk tenkning og probleml\u00f8sning, noe som gj\u00f8r det til et perfekt verkt\u00f8y for pedagogisk lek. Den engasjerende designen bidrar til \u00e5 redusere stress og \u00f8ke det mentale fokuset.<\/p>\n<p><img decoding=\"async\" class=\"alignnone size-medium wp-image-4570 aligncenter\" src=\"https:\/\/keluvo.com\/template\/wp-content\/uploads\/sites\/5\/2024\/12\/Iq-Test-Puzzle-Ring-Metal-Puzzle-Ring-Brain-Teaser-Set-for-Kids-Adults-3d-Wire-Puzzle.jpg_-1.webp\" alt=\"\" \/><\/p>\n<h2 style=\"text-align: center\"><strong>Holdbare og trygge materialer<\/strong><\/h2>\n<p style=\"text-align: center\">Montessori-puslespillet er laget av metall av h\u00f8y kvalitet og er b\u00e5de robust og holdbart. De glatte kantene s\u00f8rger for sikkerhet for barn fra 3 \u00e5r og oppover. Det er laget for \u00e5 t\u00e5le gjentatt bruk og samtidig holde seg i utmerket stand.<\/p>\n<p><img decoding=\"async\" class=\"alignnone size-medium wp-image-4572 aligncenter\" src=\"https:\/\/keluvo.com\/template\/wp-content\/uploads\/sites\/5\/2024\/12\/8Pcs-Set-Metal-Montessori-Puzzle-Wire-IQ-Logical-Ability-Training-Stress-Relief-Toy-for-Children-Adults.jpg_-3.webp\" alt=\"\" \/><\/p>\n","protected":false},"excerpt":{"rendered":"<p>Engasjerende og morsom l\u00e6ring Montessori-puslespillet er designet for \u00e5 utfordre og underholde b\u00e5de barn og voksne. Hvert puslespill oppmuntrer til [&hellip;]<\/p>\n","protected":false},"featured_media":7111,"comment_status":"open","ping_status":"closed","template":"","meta":{"site-sidebar-layout":"default","site-content-layout":"","ast-site-content-layout":"default","site-content-style":"default","site-sidebar-style":"default","ast-global-header-display":"","ast-banner-title-visibility":"","ast-main-header-display":"","ast-hfb-above-header-display":"","ast-hfb-below-header-display":"","ast-hfb-mobile-header-display":"","site-post-title":"","ast-breadcrumbs-content":"","ast-featured-img":"","footer-sml-layout":"","theme-transparent-header-meta":"default","adv-header-id-meta":"","stick-header-meta":"","header-above-stick-meta":"","header-main-stick-meta":"","header-below-stick-meta":"","astra-migrate-meta-layouts":"set","ast-page-background-enabled":"default","ast-page-background-meta":{"desktop":{"background-color":"var(--ast-global-color-4)","background-image":"","background-repeat":"repeat","background-position":"center center","background-size":"auto","background-attachment":"scroll","background-type":"","background-media":"","overlay-type":"","overlay-color":"","overlay-opacity":"","overlay-gradient":""},"tablet":{"background-color":"","background-image":"","background-repeat":"repeat","background-position":"center center","background-size":"auto","background-attachment":"scroll","background-type":"","background-media":"","overlay-type":"","overlay-color":"","overlay-opacity":"","overlay-gradient":""},"mobile":{"background-color":"","background-image":"","background-repeat":"repeat","background-position":"center center","background-size":"auto","background-attachment":"scroll","background-type":"","background-media":"","overlay-type":"","overlay-color":"","overlay-opacity":"","overlay-gradient":""}},"ast-content-background-meta":{"desktop":{"background-color":"var(--ast-global-color-5)","background-image":"","background-repeat":"repeat","background-position":"center center","background-size":"auto","background-attachment":"scroll","background-type":"","background-media":"","overlay-type":"","overlay-color":"","overlay-opacity":"","overlay-gradient":""},"tablet":{"background-color":"var(--ast-global-color-5)","background-image":"","background-repeat":"repeat","background-position":"center center","background-size":"auto","background-attachment":"scroll","background-type":"","background-media":"","overlay-type":"","overlay-color":"","overlay-opacity":"","overlay-gradient":""},"mobile":{"background-color":"var(--ast-global-color-5)","background-image":"","background-repeat":"repeat","background-position":"center center","background-size":"auto","background-attachment":"scroll","background-type":"","background-media":"","overlay-type":"","overlay-color":"","overlay-opacity":"","overlay-gradient":""}}},"product_brand":[],"product_cat":[990],"product_tag":[],"class_list":{"0":"post-7115","1":"product","2":"type-product","3":"status-publish","4":"has-post-thumbnail","6":"product_cat-leker-barne-og-babyprodukter","7":"pa_k3tvhqzh-bla","8":"pa_k3tvhqzh-gul","9":"pa_k3tvhqzh-rosa","10":"desktop-align-left","11":"tablet-align-left","12":"mobile-align-left","14":"first","15":"instock","16":"shipping-taxable","17":"purchasable","18":"product-type-variable"},"_links":{"self":[{"href":"https:\/\/keluvo.com\/no\/wp-json\/wp\/v2\/product\/7115","targetHints":{"allow":["GET"]}}],"collection":[{"href":"https:\/\/keluvo.com\/no\/wp-json\/wp\/v2\/product"}],"about":[{"href":"https:\/\/keluvo.com\/no\/wp-json\/wp\/v2\/types\/product"}],"replies":[{"embeddable":true,"href":"https:\/\/keluvo.com\/no\/wp-json\/wp\/v2\/comments?post=7115"}],"wp:featuredmedia":[{"embeddable":true,"href":"https:\/\/keluvo.com\/no\/wp-json\/wp\/v2\/media\/7111"}],"wp:attachment":[{"href":"https:\/\/keluvo.com\/no\/wp-json\/wp\/v2\/media?parent=7115"}],"wp:term":[{"taxonomy":"product_brand","embeddable":true,"href":"https:\/\/keluvo.com\/no\/wp-json\/wp\/v2\/product_brand?post=7115"},{"taxonomy":"product_cat","embeddable":true,"href":"https:\/\/keluvo.com\/no\/wp-json\/wp\/v2\/product_cat?post=7115"},{"taxonomy":"product_tag","embeddable":true,"href":"https:\/\/keluvo.com\/no\/wp-json\/wp\/v2\/product_tag?post=7115"}],"curies":[{"name":"wp","href":"https:\/\/api.w.org\/{rel}","templated":true}]}}