{"id":7095,"date":"2024-12-16T17:43:28","date_gmt":"2024-12-16T15:43:28","guid":{"rendered":"https:\/\/keluvo.com\/no\/produkt\/hengestang-for-klaer\/"},"modified":"2024-12-16T17:44:01","modified_gmt":"2024-12-16T15:44:01","slug":"hengestang-for-klaer","status":"publish","type":"product","link":"https:\/\/keluvo.com\/no\/produkt\/hengestang-for-klaer\/","title":{"rendered":"Hengestang for kl\u00e6r"},"content":{"rendered":"<h2 style=\"text-align: center\"><strong>Justerbar design for fleksibilitet<\/strong><\/h2>\n<p style=\"text-align: center\">Kleshengestangen har en justerbar teleskopisk design, slik at du enkelt kan endre lengden slik at den passer til rommet ditt. Enten du trenger den til et lite vaskerom eller et st\u00f8rre klesskap, gir denne stangen fleksibilitet for \u00e5 im\u00f8tekomme ulike opphengsbehov.<\/p>\n<p><img decoding=\"async\" class=\"alignnone size-medium wp-image-2981 aligncenter\" src=\"https:\/\/keluvo.com\/template\/wp-content\/uploads\/sites\/5\/2024\/11\/41580dca-64c5-4bd8-82a0-0ec18dbc95c3.jpg\" alt=\"\" \/><\/p>\n<h2 style=\"text-align: center\"><strong>montering uten boring<\/strong><\/h2>\n<p style=\"text-align: center\">Denne kleshengestangen er designet for enkel montering uten behov for boring. Du trenger bare \u00e5 forlenge stangen slik at den passer til rommet ditt, s\u00e5 sitter den sikkert p\u00e5 plass, noe som sparer deg for tid og krefter, samtidig som du unng\u00e5r skader p\u00e5 veggene.<\/p>\n<p><img decoding=\"async\" class=\"alignnone size-medium wp-image-2980 aligncenter\" src=\"https:\/\/keluvo.com\/template\/wp-content\/uploads\/sites\/5\/2024\/11\/190efa64-b83f-4b2d-b99f-2072744f7fcf-copy.webp\" alt=\"\" \/><\/p>\n","protected":false},"excerpt":{"rendered":"<p>Justerbar design for fleksibilitet Kleshengestangen har en justerbar teleskopisk design, slik at du enkelt kan endre lengden slik at den [&hellip;]<\/p>\n","protected":false},"featured_media":7091,"comment_status":"open","ping_status":"closed","template":"","meta":{"site-sidebar-layout":"default","site-content-layout":"","ast-site-content-layout":"default","site-content-style":"default","site-sidebar-style":"default","ast-global-header-display":"","ast-banner-title-visibility":"","ast-main-header-display":"","ast-hfb-above-header-display":"","ast-hfb-below-header-display":"","ast-hfb-mobile-header-display":"","site-post-title":"","ast-breadcrumbs-content":"","ast-featured-img":"","footer-sml-layout":"","theme-transparent-header-meta":"default","adv-header-id-meta":"","stick-header-meta":"","header-above-stick-meta":"","header-main-stick-meta":"","header-below-stick-meta":"","astra-migrate-meta-layouts":"set","ast-page-background-enabled":"default","ast-page-background-meta":{"desktop":{"background-color":"var(--ast-global-color-4)","background-image":"","background-repeat":"repeat","background-position":"center center","background-size":"auto","background-attachment":"scroll","background-type":"","background-media":"","overlay-type":"","overlay-color":"","overlay-opacity":"","overlay-gradient":""},"tablet":{"background-color":"","background-image":"","background-repeat":"repeat","background-position":"center center","background-size":"auto","background-attachment":"scroll","background-type":"","background-media":"","overlay-type":"","overlay-color":"","overlay-opacity":"","overlay-gradient":""},"mobile":{"background-color":"","background-image":"","background-repeat":"repeat","background-position":"center center","background-size":"auto","background-attachment":"scroll","background-type":"","background-media":"","overlay-type":"","overlay-color":"","overlay-opacity":"","overlay-gradient":""}},"ast-content-background-meta":{"desktop":{"background-color":"var(--ast-global-color-5)","background-image":"","background-repeat":"repeat","background-position":"center center","background-size":"auto","background-attachment":"scroll","background-type":"","background-media":"","overlay-type":"","overlay-color":"","overlay-opacity":"","overlay-gradient":""},"tablet":{"background-color":"var(--ast-global-color-5)","background-image":"","background-repeat":"repeat","background-position":"center center","background-size":"auto","background-attachment":"scroll","background-type":"","background-media":"","overlay-type":"","overlay-color":"","overlay-opacity":"","overlay-gradient":""},"mobile":{"background-color":"var(--ast-global-color-5)","background-image":"","background-repeat":"repeat","background-position":"center center","background-size":"auto","background-attachment":"scroll","background-type":"","background-media":"","overlay-type":"","overlay-color":"","overlay-opacity":"","overlay-gradient":""}}},"product_brand":[],"product_cat":[1001],"product_tag":[],"class_list":{"0":"post-7095","1":"product","2":"type-product","3":"status-publish","4":"has-post-thumbnail","6":"product_cat-husholdningsartikler","7":"pa_f98pld5h-115-130cm","8":"pa_f98pld5h-150-165cm","9":"pa_f98pld5h-185-200cm","10":"pa_f98pld5h-220-235cm","11":"pa_f98pld5h-255-270cm","12":"pa_f98pld5h-80-95-cm","13":"desktop-align-left","14":"tablet-align-left","15":"mobile-align-left","17":"first","18":"instock","19":"shipping-taxable","20":"purchasable","21":"product-type-variable"},"_links":{"self":[{"href":"https:\/\/keluvo.com\/no\/wp-json\/wp\/v2\/product\/7095","targetHints":{"allow":["GET"]}}],"collection":[{"href":"https:\/\/keluvo.com\/no\/wp-json\/wp\/v2\/product"}],"about":[{"href":"https:\/\/keluvo.com\/no\/wp-json\/wp\/v2\/types\/product"}],"replies":[{"embeddable":true,"href":"https:\/\/keluvo.com\/no\/wp-json\/wp\/v2\/comments?post=7095"}],"wp:featuredmedia":[{"embeddable":true,"href":"https:\/\/keluvo.com\/no\/wp-json\/wp\/v2\/media\/7091"}],"wp:attachment":[{"href":"https:\/\/keluvo.com\/no\/wp-json\/wp\/v2\/media?parent=7095"}],"wp:term":[{"taxonomy":"product_brand","embeddable":true,"href":"https:\/\/keluvo.com\/no\/wp-json\/wp\/v2\/product_brand?post=7095"},{"taxonomy":"product_cat","embeddable":true,"href":"https:\/\/keluvo.com\/no\/wp-json\/wp\/v2\/product_cat?post=7095"},{"taxonomy":"product_tag","embeddable":true,"href":"https:\/\/keluvo.com\/no\/wp-json\/wp\/v2\/product_tag?post=7095"}],"curies":[{"name":"wp","href":"https:\/\/api.w.org\/{rel}","templated":true}]}}