{"id":66497,"date":"2025-12-30T14:40:56","date_gmt":"2025-12-30T12:40:56","guid":{"rendered":"https:\/\/keluvo.com\/no\/produkt\/ultra-rask-motorsagsliper\/"},"modified":"2026-01-22T17:59:06","modified_gmt":"2026-01-22T15:59:06","slug":"ultra-rask-motorsagsliper","status":"publish","type":"product","link":"https:\/\/keluvo.com\/no\/produkt\/ultra-rask-motorsagsliper\/","title":{"rendered":"Ultra rask motorsagsliper"},"content":{"rendered":"<h2 style=\"text-align: center\"><strong>Rask Og Effektiv Sliping<\/strong><\/h2>\n<p style=\"text-align: center\">Finn en skarp motorsag p\u00e5 sekunder, uten \u00e5 demontere eller kaste bort tid.<\/p>\n<p style=\"text-align: center\"><img decoding=\"async\" class=\"\" src=\"https:\/\/cdn.shopify.com\/s\/files\/1\/0893\/1006\/9074\/files\/Design_sans_titre.svg?v=1737743651\" width=\"29\" height=\"29\" \/> Ekspressliping: Gjenopprett skarpheten med \u00e9n bevegelse.<\/p>\n<p style=\"text-align: center\"><img decoding=\"async\" class=\"\" src=\"https:\/\/cdn.shopify.com\/s\/files\/1\/0893\/1006\/9074\/files\/Design_sans_titre.svg?v=1737743651\" width=\"29\" height=\"29\" \/> <span class=\"featured_row_list\">Optimal presisjon : sliper hver tann jevnt.<\/span><\/p>\n<p class=\"rte-setting featured-row__list \" style=\"text-align: center\"><img decoding=\"async\" class=\"\" src=\"https:\/\/cdn.shopify.com\/s\/files\/1\/0893\/1006\/9074\/files\/Design_sans_titre.svg?v=1737743651\" width=\"29\" height=\"29\" \/>Spar tid : unng\u00e5 avbrudd i skogen eller p\u00e5 byggeplasser.<span style=\"font-size: 16px\"><\/span><\/p>\n<p style=\"text-align: center\"><img fetchpriority=\"high\" decoding=\"async\" class=\"alignnone size-full wp-image-45369\" src=\"https:\/\/keluvo.com\/template\/wp-content\/uploads\/sites\/5\/2025\/12\/1_6e5cb4a0-5f73-41da-b215-1ba701dff05a-ezgif.com-video-to-webp-converter.webp\" alt=\"\" width=\"450\" height=\"450\" \/><\/p>\n<h2 style=\"text-align: center\"><strong>B\u00e6rekraft Og Besparelser<\/strong><\/h2>\n<div>\n<p style=\"text-align: center\">Forleng levetiden til kjedene dine og unng\u00e5 gjentatte kj\u00f8p av nye blader.<\/p>\n<p style=\"text-align: center\"><img decoding=\"async\" class=\"\" src=\"https:\/\/cdn.shopify.com\/s\/files\/1\/0893\/1006\/9074\/files\/Design_sans_titre.svg?v=1737743651\" width=\"29\" height=\"29\" \/> Garantert \u00f8konomi : sliper i stedet for \u00e5 bytte ut. Behold pengene dine.<\/p>\n<p style=\"text-align: center\"><img decoding=\"async\" class=\"\" src=\"https:\/\/cdn.shopify.com\/s\/files\/1\/0893\/1006\/9074\/files\/Design_sans_titre.svg?v=1737743651\" width=\"29\" height=\"29\" \/> <span class=\"featured_row_list\">Redusert slitasje: opprettholder optimal skarphet lenger.<\/span><\/p>\n<div class=\"rte-setting featured-row__list \" style=\"text-align: center\"><img decoding=\"async\" class=\"\" src=\"https:\/\/cdn.shopify.com\/s\/files\/1\/0893\/1006\/9074\/files\/Design_sans_titre.svg?v=1737743651\" width=\"29\" height=\"29\" \/>Robuste materialer: designet for \u00e5 vare og t\u00e5le intensiv bruk.<\/div>\n<h2><\/h2>\n<div><img decoding=\"async\" class=\"size-full wp-image-45371 aligncenter\" src=\"https:\/\/keluvo.com\/template\/wp-content\/uploads\/sites\/5\/2025\/12\/second-ezgif.com-video-to-webp-converter.webp\" alt=\"\" width=\"450\" height=\"450\" \/><\/div>\n<h2><\/h2>\n<h2 style=\"text-align: center\"><strong>Praktisk Og Universell<\/strong><\/h2>\n<p style=\"text-align: center\"><span style=\"font-size: 16px\">Enkel \u00e5 bruke og kompatibel med de fleste motorsager for maksimal allsidighet.<\/span><\/p>\n<div>\n<div class=\"rte-setting featured-row__subtext fade-down text-justify\">\n<h3 style=\"text-align: center\"><strong>Ofte Stilte Sp\u00f8rsm\u00e5l<\/strong><\/h3>\n<h2><\/h2>\n<p style=\"text-align: center\"><strong>Q: Passer denne sliperen til alle motorsagkjeder?<\/strong><\/p>\n<p style=\"text-align: center\">A: Ja, den er designet for \u00e5 passe til de fleste standardkjeder, uavhengig av motorsagmerke.<\/p>\n<p style=\"text-align: center\"><strong>Q: Er det komplisert \u00e5 slipe kjedet med dette verkt\u00f8yet?<\/strong><\/p>\n<p style=\"text-align: center\">A: Ikke i det hele tatt! Det er bare \u00e5 sette kjedet inn i sliperen og f\u00f8lge veiledningene for presis og jevn sliping p\u00e5 f\u00e5 sekunder.<\/p>\n<p style=\"text-align: center\"><strong>Q: M\u00e5 jeg demontere kjedet for \u00e5 slipe det?<\/strong><\/p>\n<p style=\"text-align: center\">A: Nei, slipingen gj\u00f8res direkte p\u00e5 motorsagen, uten demontering, for maksimal tidsbesparelse og forenklet bruk.<\/p>\n<p style=\"text-align: center\"><strong>Q: Hvor lenge varer sliperen?<\/strong><\/p>\n<p style=\"text-align: center\">A: Den er designet med slitesterke materialer for \u00e5 sikre lang levetid. Slipesteinene kan skiftes ut om n\u00f8dvendig.<\/p>\n<\/div>\n<\/div>\n<\/div>\n","protected":false},"excerpt":{"rendered":"<p>Rask Og Effektiv Sliping Finn en skarp motorsag p\u00e5 sekunder, uten \u00e5 demontere eller kaste bort tid. Ekspressliping: Gjenopprett skarpheten [&hellip;]<\/p>\n","protected":false},"featured_media":66493,"comment_status":"open","ping_status":"closed","template":"","meta":{"site-sidebar-layout":"default","site-content-layout":"","ast-site-content-layout":"default","site-content-style":"default","site-sidebar-style":"default","ast-global-header-display":"","ast-banner-title-visibility":"","ast-main-header-display":"","ast-hfb-above-header-display":"","ast-hfb-below-header-display":"","ast-hfb-mobile-header-display":"","site-post-title":"","ast-breadcrumbs-content":"","ast-featured-img":"","footer-sml-layout":"","theme-transparent-header-meta":"default","adv-header-id-meta":"","stick-header-meta":"","header-above-stick-meta":"","header-main-stick-meta":"","header-below-stick-meta":"","astra-migrate-meta-layouts":"set","ast-page-background-enabled":"default","ast-page-background-meta":{"desktop":{"background-color":"var(--ast-global-color-4)","background-image":"","background-repeat":"repeat","background-position":"center center","background-size":"auto","background-attachment":"scroll","background-type":"","background-media":"","overlay-type":"","overlay-color":"","overlay-opacity":"","overlay-gradient":""},"tablet":{"background-color":"","background-image":"","background-repeat":"repeat","background-position":"center center","background-size":"auto","background-attachment":"scroll","background-type":"","background-media":"","overlay-type":"","overlay-color":"","overlay-opacity":"","overlay-gradient":""},"mobile":{"background-color":"","background-image":"","background-repeat":"repeat","background-position":"center center","background-size":"auto","background-attachment":"scroll","background-type":"","background-media":"","overlay-type":"","overlay-color":"","overlay-opacity":"","overlay-gradient":""}},"ast-content-background-meta":{"desktop":{"background-color":"var(--ast-global-color-5)","background-image":"","background-repeat":"repeat","background-position":"center center","background-size":"auto","background-attachment":"scroll","background-type":"","background-media":"","overlay-type":"","overlay-color":"","overlay-opacity":"","overlay-gradient":""},"tablet":{"background-color":"var(--ast-global-color-5)","background-image":"","background-repeat":"repeat","background-position":"center center","background-size":"auto","background-attachment":"scroll","background-type":"","background-media":"","overlay-type":"","overlay-color":"","overlay-opacity":"","overlay-gradient":""},"mobile":{"background-color":"var(--ast-global-color-5)","background-image":"","background-repeat":"repeat","background-position":"center center","background-size":"auto","background-attachment":"scroll","background-type":"","background-media":"","overlay-type":"","overlay-color":"","overlay-opacity":"","overlay-gradient":""}}},"product_brand":[],"product_cat":[15],"product_tag":[],"class_list":{"0":"post-66497","1":"product","2":"type-product","3":"status-publish","4":"has-post-thumbnail","6":"product_cat-uncategorized","7":"pa_60609_r1qf12nk-1-stk","8":"pa_60609_r1qf12nk-2-stk","9":"pa_60609_r1qf12nk-3-stk","10":"desktop-align-left","11":"tablet-align-left","12":"mobile-align-left","14":"first","15":"instock","16":"shipping-taxable","17":"purchasable","18":"product-type-variable"},"_links":{"self":[{"href":"https:\/\/keluvo.com\/no\/wp-json\/wp\/v2\/product\/66497","targetHints":{"allow":["GET"]}}],"collection":[{"href":"https:\/\/keluvo.com\/no\/wp-json\/wp\/v2\/product"}],"about":[{"href":"https:\/\/keluvo.com\/no\/wp-json\/wp\/v2\/types\/product"}],"replies":[{"embeddable":true,"href":"https:\/\/keluvo.com\/no\/wp-json\/wp\/v2\/comments?post=66497"}],"wp:featuredmedia":[{"embeddable":true,"href":"https:\/\/keluvo.com\/no\/wp-json\/wp\/v2\/media\/66493"}],"wp:attachment":[{"href":"https:\/\/keluvo.com\/no\/wp-json\/wp\/v2\/media?parent=66497"}],"wp:term":[{"taxonomy":"product_brand","embeddable":true,"href":"https:\/\/keluvo.com\/no\/wp-json\/wp\/v2\/product_brand?post=66497"},{"taxonomy":"product_cat","embeddable":true,"href":"https:\/\/keluvo.com\/no\/wp-json\/wp\/v2\/product_cat?post=66497"},{"taxonomy":"product_tag","embeddable":true,"href":"https:\/\/keluvo.com\/no\/wp-json\/wp\/v2\/product_tag?post=66497"}],"curies":[{"name":"wp","href":"https:\/\/api.w.org\/{rel}","templated":true}]}}