{"id":66120,"date":"2025-12-26T19:01:47","date_gmt":"2025-12-26T17:01:47","guid":{"rendered":"https:\/\/keluvo.com\/no\/produkt\/sigarettetui-med-lighter\/"},"modified":"2025-12-26T19:26:43","modified_gmt":"2025-12-26T17:26:43","slug":"sigarettetui-med-lighter","status":"publish","type":"product","link":"https:\/\/keluvo.com\/no\/produkt\/sigarettetui-med-lighter\/","title":{"rendered":"Sigarettetui med lighter"},"content":{"rendered":"<p style=\"text-align: center;\" data-start=\"52\" data-end=\"132\"><strong>Beskytt sigarettene dine og tenn dem umiddelbart med \u00e9n kompakt enhet. \ud83d\udeac<\/strong><\/p>\n<p style=\"text-align: center;\" data-start=\"157\" data-end=\"411\">Dette sigarettetuiet rommer en hel pakke og har en innebygd lighter for rask bruk hvor som helst. Det beskytter sigarettene mot knusing, fuktighet og skader, samtidig som du f\u00e5r en p\u00e5litelig flamme n\u00e5r du trenger det. Ideell for daglig bruk hjemme, p\u00e5 jobb eller p\u00e5 farten.<\/p>\n<p data-start=\"157\" data-end=\"411\"><img fetchpriority=\"high\" decoding=\"async\" class=\"size-full wp-image-47487 aligncenter\" src=\"https:\/\/keluvo.com\/template\/wp-content\/uploads\/sites\/5\/2025\/12\/122122-ezgif.com-video-to-webp-converter-1.webp\" alt=\"\" width=\"500\" height=\"500\" \/><\/p>\n<h2 style=\"text-align: center;\" data-start=\"418\" data-end=\"440\"><strong>Hovedfordeler<\/strong><\/h2>\n<p data-start=\"443\" data-end=\"508\">\ud83d\udeac Stor lagringskapasitet \u2013 Plass til en hel pakke sigaretter.<\/p>\n<p data-start=\"511\" data-end=\"566\">\ud83d\udd25 Innebygd lighter \u2013 Rask tenning med wolframtr\u00e5d.<\/p>\n<p data-start=\"569\" data-end=\"634\">\ud83d\udca8 Vindbestandig belysning \u2013 P\u00e5litelig under utend\u00f8rs forhold.<\/p>\n<p data-start=\"637\" data-end=\"700\">\ud83d\udca7 Fuktsikkert design \u2013 Holder sigarettene t\u00f8rre og friske.<\/p>\n<p data-start=\"703\" data-end=\"760\">\ud83d\udd0b Oppladbar via USB \u2013 ingen engangslightere n\u00f8dvendig.<\/p>\n<p data-start=\"763\" data-end=\"828\">\u2728 Slitesterk og stilig \u2013 f\u00f8rsteklasses sinklegering med moderne finish.<\/p>\n<p data-start=\"763\" data-end=\"828\"><img decoding=\"async\" class=\"size-full wp-image-47486 aligncenter\" src=\"https:\/\/keluvo.com\/template\/wp-content\/uploads\/sites\/5\/2025\/12\/122123-ezgif.com-video-to-webp-converter-1.webp\" alt=\"\" width=\"500\" height=\"500\" \/><\/p>\n<h2 style=\"text-align: center;\" data-start=\"835\" data-end=\"854\"><strong>Slik Bruker Du Den<\/strong><\/h2>\n<ol data-start=\"855\" data-end=\"1059\">\n<li data-start=\"855\" data-end=\"901\">\n<p data-start=\"858\" data-end=\"901\">\u00c5pne etuiet og sett inn sigarettene.<\/p>\n<\/li>\n<li data-start=\"902\" data-end=\"955\">\n<p data-start=\"905\" data-end=\"955\">Lukk lokket for \u00e5 holde dem forseglet og beskyttet.<\/p>\n<\/li>\n<li data-start=\"956\" data-end=\"1005\">\n<p data-start=\"959\" data-end=\"1005\">Skyv eller trykk p\u00e5 lighterbryteren for \u00e5 tenne.<\/p>\n<\/li>\n<li data-start=\"1006\" data-end=\"1059\">\n<p data-start=\"1009\" data-end=\"1059\">Lad opp etuiet ved hjelp av en USB-kabel n\u00e5r det er n\u00f8dvendig.<\/p>\n<\/li>\n<\/ol>\n<h2 style=\"text-align: center;\" data-start=\"1066\" data-end=\"1090\"><strong>Produktdetaljer<\/strong><\/h2>\n<ul data-start=\"1091\" data-end=\"1335\">\n<li data-start=\"1091\" data-end=\"1121\">\n<p data-start=\"1093\" data-end=\"1121\">Materiale: Sinklegering + ABS<\/p>\n<\/li>\n<li data-start=\"1122\" data-end=\"1152\">\n<p data-start=\"1124\" data-end=\"1152\">Dimensjoner: 108 mm x 70 mm<\/p>\n<\/li>\n<li data-start=\"1198\" data-end=\"1230\">\n<p data-start=\"1200\" data-end=\"1230\">Tenntype: Wolframtr\u00e5d<\/p>\n<\/li>\n<li data-start=\"1231\" data-end=\"1261\">\n<p data-start=\"1233\" data-end=\"1261\">Lading: USB-oppladbar<\/p>\n<\/li>\n<li data-start=\"1262\" data-end=\"1335\">\n<p data-start=\"1264\" data-end=\"1335\">Funksjoner: Trykkbestandig, fuktsikker, anti-fingeravtrykk-finish<\/p>\n<\/li>\n<li data-start=\"1262\" data-end=\"1335\">Kapasitet: Plass til 20 sigaretter<\/li>\n<\/ul>\n<h2 style=\"text-align: center;\" data-start=\"1342\" data-end=\"1367\"><strong>Pakken inkluderer<\/strong><\/h2>\n<ul data-start=\"1368\" data-end=\"1412\">\n<li data-start=\"1368\" data-end=\"1412\">\n<p data-start=\"1370\" data-end=\"1412\">1x sigarettetui med lighter<\/p>\n<\/li>\n<li data-start=\"1368\" data-end=\"1412\">\n<p data-start=\"1370\" data-end=\"1412\">1x USB-ladekabel.<\/p>\n<\/li>\n<\/ul>\n","protected":false},"excerpt":{"rendered":"<p>Beskytt sigarettene dine og tenn dem umiddelbart med \u00e9n kompakt enhet. \ud83d\udeac Dette sigarettetuiet rommer en hel pakke og har [&hellip;]<\/p>\n","protected":false},"featured_media":66116,"comment_status":"open","ping_status":"closed","template":"","meta":{"site-sidebar-layout":"default","site-content-layout":"","ast-site-content-layout":"default","site-content-style":"default","site-sidebar-style":"default","ast-global-header-display":"","ast-banner-title-visibility":"","ast-main-header-display":"","ast-hfb-above-header-display":"","ast-hfb-below-header-display":"","ast-hfb-mobile-header-display":"","site-post-title":"","ast-breadcrumbs-content":"","ast-featured-img":"","footer-sml-layout":"","theme-transparent-header-meta":"default","adv-header-id-meta":"","stick-header-meta":"","header-above-stick-meta":"","header-main-stick-meta":"","header-below-stick-meta":"","astra-migrate-meta-layouts":"set","ast-page-background-enabled":"default","ast-page-background-meta":{"desktop":{"background-color":"var(--ast-global-color-4)","background-image":"","background-repeat":"repeat","background-position":"center center","background-size":"auto","background-attachment":"scroll","background-type":"","background-media":"","overlay-type":"","overlay-color":"","overlay-opacity":"","overlay-gradient":""},"tablet":{"background-color":"","background-image":"","background-repeat":"repeat","background-position":"center center","background-size":"auto","background-attachment":"scroll","background-type":"","background-media":"","overlay-type":"","overlay-color":"","overlay-opacity":"","overlay-gradient":""},"mobile":{"background-color":"","background-image":"","background-repeat":"repeat","background-position":"center center","background-size":"auto","background-attachment":"scroll","background-type":"","background-media":"","overlay-type":"","overlay-color":"","overlay-opacity":"","overlay-gradient":""}},"ast-content-background-meta":{"desktop":{"background-color":"var(--ast-global-color-5)","background-image":"","background-repeat":"repeat","background-position":"center center","background-size":"auto","background-attachment":"scroll","background-type":"","background-media":"","overlay-type":"","overlay-color":"","overlay-opacity":"","overlay-gradient":""},"tablet":{"background-color":"var(--ast-global-color-5)","background-image":"","background-repeat":"repeat","background-position":"center center","background-size":"auto","background-attachment":"scroll","background-type":"","background-media":"","overlay-type":"","overlay-color":"","overlay-opacity":"","overlay-gradient":""},"mobile":{"background-color":"var(--ast-global-color-5)","background-image":"","background-repeat":"repeat","background-position":"center center","background-size":"auto","background-attachment":"scroll","background-type":"","background-media":"","overlay-type":"","overlay-color":"","overlay-opacity":"","overlay-gradient":""}}},"product_brand":[],"product_cat":[993],"product_tag":[],"class_list":{"0":"post-66120","1":"product","2":"type-product","3":"status-publish","4":"has-post-thumbnail","6":"product_cat-skotoy-tilbehor","7":"pa_65048_e9dmgc4y-gull","8":"pa_65048_e9dmgc4y-solv","9":"pa_65048_e9dmgc4y-svart","10":"desktop-align-left","11":"tablet-align-left","12":"mobile-align-left","14":"first","15":"instock","16":"shipping-taxable","17":"purchasable","18":"product-type-variable"},"_links":{"self":[{"href":"https:\/\/keluvo.com\/no\/wp-json\/wp\/v2\/product\/66120","targetHints":{"allow":["GET"]}}],"collection":[{"href":"https:\/\/keluvo.com\/no\/wp-json\/wp\/v2\/product"}],"about":[{"href":"https:\/\/keluvo.com\/no\/wp-json\/wp\/v2\/types\/product"}],"replies":[{"embeddable":true,"href":"https:\/\/keluvo.com\/no\/wp-json\/wp\/v2\/comments?post=66120"}],"wp:featuredmedia":[{"embeddable":true,"href":"https:\/\/keluvo.com\/no\/wp-json\/wp\/v2\/media\/66116"}],"wp:attachment":[{"href":"https:\/\/keluvo.com\/no\/wp-json\/wp\/v2\/media?parent=66120"}],"wp:term":[{"taxonomy":"product_brand","embeddable":true,"href":"https:\/\/keluvo.com\/no\/wp-json\/wp\/v2\/product_brand?post=66120"},{"taxonomy":"product_cat","embeddable":true,"href":"https:\/\/keluvo.com\/no\/wp-json\/wp\/v2\/product_cat?post=66120"},{"taxonomy":"product_tag","embeddable":true,"href":"https:\/\/keluvo.com\/no\/wp-json\/wp\/v2\/product_tag?post=66120"}],"curies":[{"name":"wp","href":"https:\/\/api.w.org\/{rel}","templated":true}]}}