{"id":66082,"date":"2025-12-26T18:58:36","date_gmt":"2025-12-26T16:58:36","guid":{"rendered":"https:\/\/keluvo.com\/no\/produkt\/hvitloksskreller-3-stk\/"},"modified":"2025-12-26T19:20:12","modified_gmt":"2025-12-26T17:20:12","slug":"hvitloksskreller-3-stk","status":"publish","type":"product","link":"https:\/\/keluvo.com\/no\/produkt\/hvitloksskreller-3-stk\/","title":{"rendered":"Hvitl\u00f8ksskreller (3 stk)"},"content":{"rendered":"<p style=\"text-align: center;\" data-start=\"38\" data-end=\"119\"><strong>Skrell hvitl\u00f8ksfedd raskt og rent uten rot og uten hvitl\u00f8kslukt p\u00e5 hendene. \ud83e\uddc4<\/strong><\/p>\n<p style=\"text-align: center;\" data-start=\"144\" data-end=\"414\">Denne hvitl\u00f8ksskrelleren fjerner hvitl\u00f8ksskall p\u00e5 sekunder med en enkel rullebevegelse. Den sparer tid under matlagingen, holder hendene luktfrie og gj\u00f8r matlagingen enklere, b\u00e5de til hverdags og til store matlagings\u00f8kter. Kompakt og slitesterk, et m\u00e5-ha-verkt\u00f8y p\u00e5 ethvert kj\u00f8kken.<\/p>\n<p data-start=\"144\" data-end=\"414\"><img fetchpriority=\"high\" decoding=\"async\" class=\"size-full wp-image-47458 aligncenter\" src=\"https:\/\/keluvo.com\/template\/wp-content\/uploads\/sites\/5\/2025\/12\/spp_20250321101605_e3a0ec09297cedf1a9491380b538ec6c.webp\" alt=\"\" width=\"750\" height=\"750\" \/><\/p>\n<h2 style=\"text-align: center;\" data-start=\"421\" data-end=\"443\"><strong>Hovedfordeler<\/strong><\/h2>\n<p data-start=\"446\" data-end=\"502\">\u26a1 Rask skrelling &#8211; fjerner skallet i \u00e9n enkel bevegelse.<\/p>\n<p data-start=\"505\" data-end=\"562\">\u270b Ingen hvitl\u00f8kslukt &#8211; holder hendene rene og luktfrie.<\/p>\n<p data-start=\"565\" data-end=\"637\">\ud83e\uddf1 Slitesterkt materiale &#8211; laget av sterkt, n\u00e6ringsmiddelgodkjent rustfritt st\u00e5l.<\/p>\n<p data-start=\"640\" data-end=\"695\">\ud83e\uddfc Enkel \u00e5 rengj\u00f8re &#8211; skyll med vann eller t\u00f8rk av med en klut.<\/p>\n<p data-start=\"698\" data-end=\"753\">\ud83c\udf92 Kompakt st\u00f8rrelse &#8211; Lett \u00e5 oppbevare eller ta med p\u00e5 farten.<\/p>\n<p data-start=\"756\" data-end=\"823\">\ud83c\udf73 Passer til alle fedd &#8211; Fungerer med sm\u00e5 og store hvitl\u00f8ksfedd.<\/p>\n<p data-start=\"756\" data-end=\"823\"><img decoding=\"async\" class=\"size-full wp-image-47457 aligncenter\" src=\"https:\/\/keluvo.com\/template\/wp-content\/uploads\/sites\/5\/2025\/12\/spp_20250321101611_75f30e7cfa6df6077f45b11d7bfa2352.webp\" alt=\"\" width=\"750\" height=\"750\" \/><\/p>\n<h2 style=\"text-align: center;\" data-start=\"830\" data-end=\"849\"><strong>Slik bruker du<\/strong><\/h2>\n<ol data-start=\"850\" data-end=\"1061\">\n<li data-start=\"850\" data-end=\"905\">\n<p data-start=\"853\" data-end=\"905\">Plasser ett eller flere hvitl\u00f8ksfedd inni skrelleren.<\/p>\n<\/li>\n<li data-start=\"906\" data-end=\"960\">\n<p data-start=\"909\" data-end=\"960\">Rull den fast p\u00e5 en flat overflate med h\u00e5ndflaten.<\/p>\n<\/li>\n<li data-start=\"961\" data-end=\"998\">\n<p data-start=\"964\" data-end=\"998\">Fjern de skrellede hvitl\u00f8ksfeddene.<\/p>\n<\/li>\n<li data-start=\"999\" data-end=\"1028\">\n<p data-start=\"1002\" data-end=\"1028\">Kast de l\u00f8se skinnene.<\/p>\n<\/li>\n<li data-start=\"1029\" data-end=\"1061\">\n<p data-start=\"1032\" data-end=\"1061\">Skyll skrelleren etter bruk.<\/p>\n<\/li>\n<\/ol>\n<h2 style=\"text-align: center;\" data-start=\"1068\" data-end=\"1092\"><strong>Produktdetaljer<\/strong><\/h2>\n<ul data-start=\"1093\" data-end=\"1260\">\n<li data-start=\"1093\" data-end=\"1122\">\n<p data-start=\"1095\" data-end=\"1122\">Materiale: Rustfritt st\u00e5l<\/p>\n<\/li>\n<li data-start=\"1123\" data-end=\"1152\">\n<p data-start=\"1125\" data-end=\"1152\">St\u00f8rrelse: 16,5 x 2,5 x 6,5 cm<\/p>\n<\/li>\n<li data-start=\"1153\" data-end=\"1171\">\n<p data-start=\"1155\" data-end=\"1171\">Vekt: 16,2 g<\/p>\n<\/li>\n<li data-start=\"1172\" data-end=\"1207\">\n<p data-start=\"1174\" data-end=\"1207\">Design: Lett og kompakt<\/p>\n<\/li>\n<li data-start=\"1208\" data-end=\"1260\">\n<p data-start=\"1210\" data-end=\"1260\">Anvendelse: Egnet for hjemmekj\u00f8kken og profesjonelle kj\u00f8kken<\/p>\n<\/li>\n<\/ul>\n<h2 style=\"text-align: center;\" data-start=\"1267\" data-end=\"1292\"><strong>Pakken inneholder<\/strong><\/h2>\n<ul data-start=\"1293\" data-end=\"1330\">\n<li data-start=\"1293\" data-end=\"1330\">\n<p data-start=\"1295\" data-end=\"1330\">3x hvitl\u00f8ksskrellere i rustfritt st\u00e5l.<\/p>\n<\/li>\n<\/ul>\n","protected":false},"excerpt":{"rendered":"<p>Skrell hvitl\u00f8ksfedd raskt og rent uten rot og uten hvitl\u00f8kslukt p\u00e5 hendene. \ud83e\uddc4 Denne hvitl\u00f8ksskrelleren fjerner hvitl\u00f8ksskall p\u00e5 sekunder med [&hellip;]<\/p>\n","protected":false},"featured_media":66078,"comment_status":"open","ping_status":"closed","template":"","meta":{"site-sidebar-layout":"default","site-content-layout":"","ast-site-content-layout":"default","site-content-style":"default","site-sidebar-style":"default","ast-global-header-display":"","ast-banner-title-visibility":"","ast-main-header-display":"","ast-hfb-above-header-display":"","ast-hfb-below-header-display":"","ast-hfb-mobile-header-display":"","site-post-title":"","ast-breadcrumbs-content":"","ast-featured-img":"","footer-sml-layout":"","theme-transparent-header-meta":"default","adv-header-id-meta":"","stick-header-meta":"","header-above-stick-meta":"","header-main-stick-meta":"","header-below-stick-meta":"","astra-migrate-meta-layouts":"set","ast-page-background-enabled":"default","ast-page-background-meta":{"desktop":{"background-color":"var(--ast-global-color-4)","background-image":"","background-repeat":"repeat","background-position":"center center","background-size":"auto","background-attachment":"scroll","background-type":"","background-media":"","overlay-type":"","overlay-color":"","overlay-opacity":"","overlay-gradient":""},"tablet":{"background-color":"","background-image":"","background-repeat":"repeat","background-position":"center center","background-size":"auto","background-attachment":"scroll","background-type":"","background-media":"","overlay-type":"","overlay-color":"","overlay-opacity":"","overlay-gradient":""},"mobile":{"background-color":"","background-image":"","background-repeat":"repeat","background-position":"center center","background-size":"auto","background-attachment":"scroll","background-type":"","background-media":"","overlay-type":"","overlay-color":"","overlay-opacity":"","overlay-gradient":""}},"ast-content-background-meta":{"desktop":{"background-color":"var(--ast-global-color-5)","background-image":"","background-repeat":"repeat","background-position":"center center","background-size":"auto","background-attachment":"scroll","background-type":"","background-media":"","overlay-type":"","overlay-color":"","overlay-opacity":"","overlay-gradient":""},"tablet":{"background-color":"var(--ast-global-color-5)","background-image":"","background-repeat":"repeat","background-position":"center center","background-size":"auto","background-attachment":"scroll","background-type":"","background-media":"","overlay-type":"","overlay-color":"","overlay-opacity":"","overlay-gradient":""},"mobile":{"background-color":"var(--ast-global-color-5)","background-image":"","background-repeat":"repeat","background-position":"center center","background-size":"auto","background-attachment":"scroll","background-type":"","background-media":"","overlay-type":"","overlay-color":"","overlay-opacity":"","overlay-gradient":""}}},"product_brand":[],"product_cat":[1001],"product_tag":[],"class_list":{"0":"post-66082","1":"product","2":"type-product","3":"status-publish","4":"has-post-thumbnail","6":"product_cat-husholdningsartikler","7":"desktop-align-left","8":"tablet-align-left","9":"mobile-align-left","11":"first","12":"instock","13":"shipping-taxable","14":"purchasable","15":"product-type-simple"},"_links":{"self":[{"href":"https:\/\/keluvo.com\/no\/wp-json\/wp\/v2\/product\/66082","targetHints":{"allow":["GET"]}}],"collection":[{"href":"https:\/\/keluvo.com\/no\/wp-json\/wp\/v2\/product"}],"about":[{"href":"https:\/\/keluvo.com\/no\/wp-json\/wp\/v2\/types\/product"}],"replies":[{"embeddable":true,"href":"https:\/\/keluvo.com\/no\/wp-json\/wp\/v2\/comments?post=66082"}],"wp:featuredmedia":[{"embeddable":true,"href":"https:\/\/keluvo.com\/no\/wp-json\/wp\/v2\/media\/66078"}],"wp:attachment":[{"href":"https:\/\/keluvo.com\/no\/wp-json\/wp\/v2\/media?parent=66082"}],"wp:term":[{"taxonomy":"product_brand","embeddable":true,"href":"https:\/\/keluvo.com\/no\/wp-json\/wp\/v2\/product_brand?post=66082"},{"taxonomy":"product_cat","embeddable":true,"href":"https:\/\/keluvo.com\/no\/wp-json\/wp\/v2\/product_cat?post=66082"},{"taxonomy":"product_tag","embeddable":true,"href":"https:\/\/keluvo.com\/no\/wp-json\/wp\/v2\/product_tag?post=66082"}],"curies":[{"name":"wp","href":"https:\/\/api.w.org\/{rel}","templated":true}]}}