{"id":65989,"date":"2025-12-26T14:46:23","date_gmt":"2025-12-26T12:46:23","guid":{"rendered":"https:\/\/keluvo.com\/no\/produkt\/presisjonsknivsliper\/"},"modified":"2025-12-26T18:46:26","modified_gmt":"2025-12-26T16:46:26","slug":"presisjonsknivsliper","status":"publish","type":"product","link":"https:\/\/keluvo.com\/no\/produkt\/presisjonsknivsliper\/","title":{"rendered":"Presisjonsknivsliper"},"content":{"rendered":"<p style=\"text-align: center;\" data-start=\"50\" data-end=\"130\"><strong>F\u00e5 sylskarpe kniver p\u00e5 f\u00e5 sekunder med trygge, uanstrengte og konsistente resultater. \ud83d\udd2a<\/strong><\/p>\n<p style=\"text-align: center;\" data-start=\"155\" data-end=\"557\">Denne presisjonssliperen er designet for \u00e5 gi sl\u00f8ve kniver nytt liv med minimal innsats. Det dobbeltkantede V-formede slipesystemet styrer bladet i riktig vinkel, mens den kraftige motoren og slipeskivene i st\u00e5l s\u00f8rger for jevn og jevn sliping hver gang. Den er tr\u00e5dl\u00f8s og oppladbar og gir deg profesjonelle resultater hjemme, p\u00e5 kj\u00f8kkenet eller hvor som helst der du trenger skarpe verkt\u00f8y.<\/p>\n<p data-start=\"155\" data-end=\"557\"><img fetchpriority=\"high\" decoding=\"async\" class=\"size-full wp-image-47402 aligncenter\" src=\"https:\/\/keluvo.com\/template\/wp-content\/uploads\/sites\/5\/2025\/12\/122110-ezgif.com-video-to-webp-converter-1.webp\" alt=\"\" width=\"500\" height=\"500\" \/><\/p>\n<h2 style=\"text-align: center;\" data-start=\"564\" data-end=\"586\">Hovedfordeler<\/h2>\n<p data-start=\"589\" data-end=\"669\">\u2699\ufe0f Presisjons V-formet system &#8211; styrer bladene for jevn og n\u00f8yaktig sliping.<\/p>\n<p data-start=\"672\" data-end=\"742\">\ud83d\udd0b Oppladbar og tr\u00e5dl\u00f8s &#8211; kan brukes hvor som helst uten str\u00f8muttak.<\/p>\n<p data-start=\"745\" data-end=\"806\">\ud83d\udd90\ufe0f Betjening med \u00e9n knapp &#8211; enkel og nybegynnervennlig.<\/p>\n<p data-start=\"809\" data-end=\"867\">\ud83d\uded1 Sklisikker base &#8211; holder seg stabil og trygg under bruk.<\/p>\n<p data-start=\"870\" data-end=\"935\">\ud83d\udd27 H\u00f8yhastighetsmotor &#8211; jevn kraft for p\u00e5litelige resultater.<\/p>\n<p data-start=\"938\" data-end=\"1023\">\ud83d\udd2a Bred kompatibilitet &#8211; sliper kniver, kl\u00f8vere, sakser og keramiske kniver.<\/p>\n<p data-start=\"938\" data-end=\"1023\"><img decoding=\"async\" class=\"size-full wp-image-47398 aligncenter\" src=\"https:\/\/keluvo.com\/template\/wp-content\/uploads\/sites\/5\/2025\/12\/122111-ezgif.com-video-to-webp-converter-1.webp\" alt=\"\" width=\"500\" height=\"500\" \/><\/p>\n<h2 style=\"text-align: center;\" data-start=\"1030\" data-end=\"1049\"><strong>Slik Bruker Du Sliperen<\/strong><\/h2>\n<ol data-start=\"1050\" data-end=\"1303\">\n<li data-start=\"1050\" data-end=\"1101\">\n<p data-start=\"1053\" data-end=\"1101\">Plasser sliperen p\u00e5 en flat, stabil overflate.<\/p>\n<\/li>\n<li data-start=\"1102\" data-end=\"1144\">\n<p data-start=\"1105\" data-end=\"1144\">Trykk p\u00e5 str\u00f8mknappen for \u00e5 sl\u00e5 den p\u00e5.<\/p>\n<\/li>\n<li data-start=\"1145\" data-end=\"1196\">\n<p data-start=\"1148\" data-end=\"1196\">Legg bladet p\u00e5 den \u00f8verste slipeflaten.<\/p>\n<\/li>\n<li data-start=\"1197\" data-end=\"1251\">\n<p data-start=\"1200\" data-end=\"1251\">Trekk bladet forsiktig i \u00e9n retning som guidet.<\/p>\n<\/li>\n<li data-start=\"1252\" data-end=\"1303\">\n<p data-start=\"1255\" data-end=\"1303\">Gjenta til \u00f8nsket skarphet er n\u00e5dd.<\/p>\n<\/li>\n<\/ol>\n<h2 style=\"text-align: center;\" data-start=\"1310\" data-end=\"1334\"><strong>Produktdetaljer<\/strong><\/h2>\n<ul data-start=\"1335\" data-end=\"1481\">\n<li data-start=\"1335\" data-end=\"1351\">\n<p data-start=\"1337\" data-end=\"1351\">Farge: Beige<\/p>\n<\/li>\n<li data-start=\"1352\" data-end=\"1375\">\n<p data-start=\"1354\" data-end=\"1375\">St\u00f8rrelse: 18,5 x 7,5 cm<\/p>\n<\/li>\n<li data-start=\"1376\" data-end=\"1426\">\n<p data-start=\"1378\" data-end=\"1426\">Materiale: St\u00e5lslipeskive + ABS-hus<\/p>\n<\/li>\n<li data-start=\"1427\" data-end=\"1460\">\n<p data-start=\"1429\" data-end=\"1460\">Kraft: Oppladbar, tr\u00e5dl\u00f8s<\/p>\n<\/li>\n<li data-start=\"1461\" data-end=\"1481\">\n<p data-start=\"1463\" data-end=\"1481\">Lading: Type-C<\/p>\n<\/li>\n<\/ul>\n<h2 style=\"text-align: center;\" data-start=\"1488\" data-end=\"1513\"><strong>Pakken inkluderer<\/strong><\/h2>\n<ul data-start=\"1514\" data-end=\"1577\">\n<li data-start=\"1514\" data-end=\"1547\">\n<p data-start=\"1516\" data-end=\"1547\">1x presisjonsknivsliper<\/p>\n<\/li>\n<li data-start=\"1548\" data-end=\"1577\">\n<p data-start=\"1550\" data-end=\"1577\">1x type-C ladekabel.<\/p>\n<\/li>\n<\/ul>\n","protected":false},"excerpt":{"rendered":"<p>F\u00e5 sylskarpe kniver p\u00e5 f\u00e5 sekunder med trygge, uanstrengte og konsistente resultater. \ud83d\udd2a Denne presisjonssliperen er designet for \u00e5 gi [&hellip;]<\/p>\n","protected":false},"featured_media":65985,"comment_status":"open","ping_status":"closed","template":"","meta":{"site-sidebar-layout":"default","site-content-layout":"","ast-site-content-layout":"default","site-content-style":"default","site-sidebar-style":"default","ast-global-header-display":"","ast-banner-title-visibility":"","ast-main-header-display":"","ast-hfb-above-header-display":"","ast-hfb-below-header-display":"","ast-hfb-mobile-header-display":"","site-post-title":"","ast-breadcrumbs-content":"","ast-featured-img":"","footer-sml-layout":"","theme-transparent-header-meta":"default","adv-header-id-meta":"","stick-header-meta":"","header-above-stick-meta":"","header-main-stick-meta":"","header-below-stick-meta":"","astra-migrate-meta-layouts":"set","ast-page-background-enabled":"default","ast-page-background-meta":{"desktop":{"background-color":"var(--ast-global-color-4)","background-image":"","background-repeat":"repeat","background-position":"center center","background-size":"auto","background-attachment":"scroll","background-type":"","background-media":"","overlay-type":"","overlay-color":"","overlay-opacity":"","overlay-gradient":""},"tablet":{"background-color":"","background-image":"","background-repeat":"repeat","background-position":"center center","background-size":"auto","background-attachment":"scroll","background-type":"","background-media":"","overlay-type":"","overlay-color":"","overlay-opacity":"","overlay-gradient":""},"mobile":{"background-color":"","background-image":"","background-repeat":"repeat","background-position":"center center","background-size":"auto","background-attachment":"scroll","background-type":"","background-media":"","overlay-type":"","overlay-color":"","overlay-opacity":"","overlay-gradient":""}},"ast-content-background-meta":{"desktop":{"background-color":"var(--ast-global-color-5)","background-image":"","background-repeat":"repeat","background-position":"center center","background-size":"auto","background-attachment":"scroll","background-type":"","background-media":"","overlay-type":"","overlay-color":"","overlay-opacity":"","overlay-gradient":""},"tablet":{"background-color":"var(--ast-global-color-5)","background-image":"","background-repeat":"repeat","background-position":"center center","background-size":"auto","background-attachment":"scroll","background-type":"","background-media":"","overlay-type":"","overlay-color":"","overlay-opacity":"","overlay-gradient":""},"mobile":{"background-color":"var(--ast-global-color-5)","background-image":"","background-repeat":"repeat","background-position":"center center","background-size":"auto","background-attachment":"scroll","background-type":"","background-media":"","overlay-type":"","overlay-color":"","overlay-opacity":"","overlay-gradient":""}}},"product_brand":[],"product_cat":[1001],"product_tag":[],"class_list":{"0":"post-65989","1":"product","2":"type-product","3":"status-publish","4":"has-post-thumbnail","6":"product_cat-husholdningsartikler","7":"desktop-align-left","8":"tablet-align-left","9":"mobile-align-left","11":"first","12":"instock","13":"shipping-taxable","14":"purchasable","15":"product-type-simple"},"_links":{"self":[{"href":"https:\/\/keluvo.com\/no\/wp-json\/wp\/v2\/product\/65989","targetHints":{"allow":["GET"]}}],"collection":[{"href":"https:\/\/keluvo.com\/no\/wp-json\/wp\/v2\/product"}],"about":[{"href":"https:\/\/keluvo.com\/no\/wp-json\/wp\/v2\/types\/product"}],"replies":[{"embeddable":true,"href":"https:\/\/keluvo.com\/no\/wp-json\/wp\/v2\/comments?post=65989"}],"wp:featuredmedia":[{"embeddable":true,"href":"https:\/\/keluvo.com\/no\/wp-json\/wp\/v2\/media\/65985"}],"wp:attachment":[{"href":"https:\/\/keluvo.com\/no\/wp-json\/wp\/v2\/media?parent=65989"}],"wp:term":[{"taxonomy":"product_brand","embeddable":true,"href":"https:\/\/keluvo.com\/no\/wp-json\/wp\/v2\/product_brand?post=65989"},{"taxonomy":"product_cat","embeddable":true,"href":"https:\/\/keluvo.com\/no\/wp-json\/wp\/v2\/product_cat?post=65989"},{"taxonomy":"product_tag","embeddable":true,"href":"https:\/\/keluvo.com\/no\/wp-json\/wp\/v2\/product_tag?post=65989"}],"curies":[{"name":"wp","href":"https:\/\/api.w.org\/{rel}","templated":true}]}}