{"id":65804,"date":"2025-12-26T14:37:03","date_gmt":"2025-12-26T12:37:03","guid":{"rendered":"https:\/\/keluvo.com\/no\/produkt\/barberbladskrape-2-stk\/"},"modified":"2025-12-26T18:22:56","modified_gmt":"2025-12-26T16:22:56","slug":"barberbladskrape-2-stk","status":"publish","type":"product","link":"https:\/\/keluvo.com\/no\/produkt\/barberbladskrape-2-stk\/","title":{"rendered":"Barberbladskrape (2 stk)"},"content":{"rendered":"<p style=\"text-align: center;\" data-start=\"44\" data-end=\"128\"><strong>Fjern klistremerker, lim, fett og vanskelige flekker raskt uten \u00e5 skrape opp overflater. \ud83e\uddfd<\/strong><\/p>\n<p style=\"text-align: center;\" data-start=\"153\" data-end=\"484\">Denne multifunksjonelle barberbladskrapen er designet for \u00e5 fjerne lim, etiketter, rester og smuss fra mange overflater p\u00e5 en sikker m\u00e5te. Den bruker slitesterke plastblader i stedet for metall, slik at du f\u00e5r sterk rengj\u00f8ringskraft uten skader. Den er kompakt, lett \u00e5 holde og enkel \u00e5 vedlikeholde, og er perfekt for rengj\u00f8ring hjemme, i bilen, p\u00e5 kj\u00f8kkenet og p\u00e5 badet.<\/p>\n<p data-start=\"153\" data-end=\"484\"><img fetchpriority=\"high\" decoding=\"async\" class=\"size-full wp-image-47235 aligncenter\" src=\"https:\/\/keluvo.com\/template\/wp-content\/uploads\/sites\/5\/2025\/12\/12212-ezgif.com-video-to-webp-converter-1.webp\" alt=\"\" width=\"500\" height=\"500\" \/><\/p>\n<h2 style=\"text-align: center;\" data-start=\"491\" data-end=\"512\"><strong>Hovedfordeler<\/strong><\/h2>\n<p data-start=\"515\" data-end=\"591\">\ud83e\uddfd Rengj\u00f8ring uten riper &#8211; Plastbladene beskytter overflatene mot skader.<\/p>\n<p data-start=\"594\" data-end=\"672\">\ud83e\uddf2 Kraftig fjerning av lim &#8211; Fjerner lim, klistremerker, teip og rester.<\/p>\n<p data-start=\"675\" data-end=\"739\">\u270b Komfortabelt grep &#8211; Ergonomisk h\u00e5ndtak reduserer tretthet i hendene.<\/p>\n<p data-start=\"742\" data-end=\"812\">\ud83d\udd04 Enkel utskifting av blader &#8211; Bytt blader raskt og enkelt.<\/p>\n<p data-start=\"815\" data-end=\"897\">\ud83e\uddfc Kan brukes p\u00e5 flere overflater &#8211; Fungerer p\u00e5 glass, fliser, gulv, biloverflater og mer.<\/p>\n<p data-start=\"900\" data-end=\"970\">\ud83e\ude9d Enkel oppbevaring &#8211; Opphengshull for rask tilgang og ryddig oppbevaring.<\/p>\n<p data-start=\"973\" data-end=\"1032\">\ud83d\udee0\ufe0f Lang levetid &#8211; Inkluderer 20 holdbare plastblader.<\/p>\n<p data-start=\"973\" data-end=\"1032\"><img decoding=\"async\" class=\"size-full wp-image-47234 aligncenter\" src=\"https:\/\/keluvo.com\/template\/wp-content\/uploads\/sites\/5\/2025\/12\/b84b9f5eba616631510523979bc924313f015aae.webp\" alt=\"\" width=\"350\" height=\"472\" \/><\/p>\n<h2 style=\"text-align: center;\" data-start=\"1039\" data-end=\"1058\"><strong>Slik Bruker Du Den<\/strong><\/h2>\n<ol data-start=\"1059\" data-end=\"1296\">\n<li data-start=\"1059\" data-end=\"1104\">\n<p data-start=\"1062\" data-end=\"1104\">Sett et plastblad inn i skrapen.<\/p>\n<\/li>\n<li data-start=\"1105\" data-end=\"1150\">\n<p data-start=\"1108\" data-end=\"1150\">Hold godt i h\u00e5ndtaket for \u00e5 f\u00e5 full kontroll.<\/p>\n<\/li>\n<li data-start=\"1151\" data-end=\"1206\">\n<p data-start=\"1154\" data-end=\"1206\">Skrap forsiktig av limet eller smusset i lav vinkel.<\/p>\n<\/li>\n<li data-start=\"1207\" data-end=\"1245\">\n<p data-start=\"1210\" data-end=\"1245\">T\u00f8rk bort rester etter skraping.<\/p>\n<\/li>\n<li data-start=\"1246\" data-end=\"1296\">\n<p data-start=\"1249\" data-end=\"1296\">Skyll verkt\u00f8yet med vann og heng det til t\u00f8rk.<\/p>\n<\/li>\n<\/ol>\n<h2 style=\"text-align: center;\" data-start=\"1303\" data-end=\"1327\"><strong>Produktdetaljer<\/strong><\/h2>\n<ul data-start=\"1328\" data-end=\"1618\">\n<li data-start=\"1382\" data-end=\"1416\">\n<p data-start=\"1384\" data-end=\"1416\">Materiale: Plast + POM-blad<\/p>\n<\/li>\n<li data-start=\"1417\" data-end=\"1460\">\n<p data-start=\"1419\" data-end=\"1460\">St\u00f8rrelse: Ca. 10 x 4 cm<\/p>\n<\/li>\n<li data-start=\"1508\" data-end=\"1546\">\n<p data-start=\"1510\" data-end=\"1546\">Bladtype: Plast (ripesikker)<\/p>\n<\/li>\n<li data-start=\"1547\" data-end=\"1618\">\n<p data-start=\"1549\" data-end=\"1618\">Bruksomr\u00e5der: Limfjerning, fjerning av klistremerker, fett- og flekkfjerning<\/p>\n<\/li>\n<\/ul>\n<h2 style=\"text-align: center;\" data-start=\"1625\" data-end=\"1650\"><strong>Pakken inkluderer<\/strong><\/h2>\n<ul data-start=\"1651\" data-end=\"1702\">\n<li data-start=\"1651\" data-end=\"1678\">\n<p data-start=\"1653\" data-end=\"1678\">2x barberbladskrape<\/p>\n<\/li>\n<li data-start=\"1679\" data-end=\"1702\">\n<p data-start=\"1681\" data-end=\"1702\">20x plastblader.<\/p>\n<\/li>\n<\/ul>\n","protected":false},"excerpt":{"rendered":"<p>Fjern klistremerker, lim, fett og vanskelige flekker raskt uten \u00e5 skrape opp overflater. \ud83e\uddfd Denne multifunksjonelle barberbladskrapen er designet for [&hellip;]<\/p>\n","protected":false},"featured_media":65800,"comment_status":"open","ping_status":"closed","template":"","meta":{"site-sidebar-layout":"default","site-content-layout":"","ast-site-content-layout":"default","site-content-style":"default","site-sidebar-style":"default","ast-global-header-display":"","ast-banner-title-visibility":"","ast-main-header-display":"","ast-hfb-above-header-display":"","ast-hfb-below-header-display":"","ast-hfb-mobile-header-display":"","site-post-title":"","ast-breadcrumbs-content":"","ast-featured-img":"","footer-sml-layout":"","theme-transparent-header-meta":"default","adv-header-id-meta":"","stick-header-meta":"","header-above-stick-meta":"","header-main-stick-meta":"","header-below-stick-meta":"","astra-migrate-meta-layouts":"set","ast-page-background-enabled":"default","ast-page-background-meta":{"desktop":{"background-color":"var(--ast-global-color-4)","background-image":"","background-repeat":"repeat","background-position":"center center","background-size":"auto","background-attachment":"scroll","background-type":"","background-media":"","overlay-type":"","overlay-color":"","overlay-opacity":"","overlay-gradient":""},"tablet":{"background-color":"","background-image":"","background-repeat":"repeat","background-position":"center center","background-size":"auto","background-attachment":"scroll","background-type":"","background-media":"","overlay-type":"","overlay-color":"","overlay-opacity":"","overlay-gradient":""},"mobile":{"background-color":"","background-image":"","background-repeat":"repeat","background-position":"center center","background-size":"auto","background-attachment":"scroll","background-type":"","background-media":"","overlay-type":"","overlay-color":"","overlay-opacity":"","overlay-gradient":""}},"ast-content-background-meta":{"desktop":{"background-color":"var(--ast-global-color-5)","background-image":"","background-repeat":"repeat","background-position":"center center","background-size":"auto","background-attachment":"scroll","background-type":"","background-media":"","overlay-type":"","overlay-color":"","overlay-opacity":"","overlay-gradient":""},"tablet":{"background-color":"var(--ast-global-color-5)","background-image":"","background-repeat":"repeat","background-position":"center center","background-size":"auto","background-attachment":"scroll","background-type":"","background-media":"","overlay-type":"","overlay-color":"","overlay-opacity":"","overlay-gradient":""},"mobile":{"background-color":"var(--ast-global-color-5)","background-image":"","background-repeat":"repeat","background-position":"center center","background-size":"auto","background-attachment":"scroll","background-type":"","background-media":"","overlay-type":"","overlay-color":"","overlay-opacity":"","overlay-gradient":""}}},"product_brand":[],"product_cat":[1001],"product_tag":[],"class_list":{"0":"post-65804","1":"product","2":"type-product","3":"status-publish","4":"has-post-thumbnail","6":"product_cat-husholdningsartikler","7":"pa_63819_h0v0bg6x-bla","8":"pa_63819_h0v0bg6x-gronn","9":"pa_63819_h0v0bg6x-gul","10":"pa_63819_h0v0bg6x-oransje","11":"pa_63819_h0v0bg6x-svart","12":"desktop-align-left","13":"tablet-align-left","14":"mobile-align-left","16":"first","17":"instock","18":"shipping-taxable","19":"purchasable","20":"product-type-variable"},"_links":{"self":[{"href":"https:\/\/keluvo.com\/no\/wp-json\/wp\/v2\/product\/65804","targetHints":{"allow":["GET"]}}],"collection":[{"href":"https:\/\/keluvo.com\/no\/wp-json\/wp\/v2\/product"}],"about":[{"href":"https:\/\/keluvo.com\/no\/wp-json\/wp\/v2\/types\/product"}],"replies":[{"embeddable":true,"href":"https:\/\/keluvo.com\/no\/wp-json\/wp\/v2\/comments?post=65804"}],"wp:featuredmedia":[{"embeddable":true,"href":"https:\/\/keluvo.com\/no\/wp-json\/wp\/v2\/media\/65800"}],"wp:attachment":[{"href":"https:\/\/keluvo.com\/no\/wp-json\/wp\/v2\/media?parent=65804"}],"wp:term":[{"taxonomy":"product_brand","embeddable":true,"href":"https:\/\/keluvo.com\/no\/wp-json\/wp\/v2\/product_brand?post=65804"},{"taxonomy":"product_cat","embeddable":true,"href":"https:\/\/keluvo.com\/no\/wp-json\/wp\/v2\/product_cat?post=65804"},{"taxonomy":"product_tag","embeddable":true,"href":"https:\/\/keluvo.com\/no\/wp-json\/wp\/v2\/product_tag?post=65804"}],"curies":[{"name":"wp","href":"https:\/\/api.w.org\/{rel}","templated":true}]}}